{"id":71065,"date":"2017-08-29T11:57:47","date_gmt":"2017-08-29T08:57:47","guid":{"rendered":"http:\/\/uus.laskmine.ee\/laskmispaketid\/"},"modified":"2021-03-16T16:39:35","modified_gmt":"2021-03-16T14:39:35","slug":"ampumapaketit","status":"publish","type":"page","link":"https:\/\/laskmine.ee\/fi\/ampumapaketit\/","title":{"rendered":"Ampumapaketit"},"content":{"rendered":"<p><strong>Ampumapaketit on tarkoitettu kaikille kiinnostuneilla 12 ik\u00e4vuodesta alkaen. Aiempaa kokemusta tai aselupaa ei tarvita, sill\u00e4 teit\u00e4 opastaa ohjaaja, joka opettaa paikan p\u00e4\u00e4ll\u00e4 tarvittavat turvallisuutta ja aseenk\u00e4sittely\u00e4 koskevat periaatteet. Jos olet jo aiemmin k\u00e4ynyt tai olet kokenut ampuja, saat kokeilla uusia aseita ja hioa tekniikkaa ja tarkkuutta.<\/strong><\/p>\n<p><strong>K\u00e4yt\u00f6ss\u00e4mme on Baltian suurin ampumarata, parhaat mahdollisuudet ja suurin asevalikoima! Kaikki ovat tervetulleita, meille voi tulla vaikka leningiss\u00e4 ja korkokengiss\u00e4 tai puku p\u00e4\u00e4ll\u00e4 ja solmio kaulassa!<\/strong><\/p>\n","protected":false},"excerpt":{"rendered":"<p>Ampumapaketit on tarkoitettu kaikille kiinnostuneilla 12 ik\u00e4vuodesta alkaen. Aiempaa kokemusta tai aselupaa ei tarvita, sill\u00e4 teit\u00e4 opastaa ohjaaja, joka opettaa paikan p\u00e4\u00e4ll\u00e4 tarvittavat turvallisuutta ja aseenk\u00e4sittely\u00e4 koskevat periaatteet. Jos olet jo aiemmin k\u00e4ynyt tai olet kokenut ampuja, saat kokeilla uusia aseita ja hioa tekniikkaa ja tarkkuutta. K\u00e4yt\u00f6ss\u00e4mme on Baltian suurin ampumarata, parhaat mahdollisuudet ja suurin [&hellip;]<\/p>\n","protected":false},"author":5,"featured_media":0,"parent":0,"menu_order":0,"comment_status":"closed","ping_status":"closed","template":"templates\/packages.php","meta":{"_acf_changed":false,"footnotes":""},"class_list":["post-71065","page","type-page","status-publish","hentry"],"acf":[],"yoast_head":"<!-- This site is optimized with the Yoast SEO Premium plugin v25.9 (Yoast SEO v27.5) - https:\/\/yoast.com\/product\/yoast-seo-premium-wordpress\/ -->\n<title>Ampumapaketit on kaikille kiinnostuneilli 12 ik\u00e4vuodesta alken<\/title>\n<meta name=\"description\" content=\"Ampumapaketit on tarkoitettu kaikille kiinnostuneilla 12 ik\u00e4vuodesta alkaen. Aiempaa kokemusta tai aselupaa ei tarvita, sill\u00e4 teit\u00e4 opastaa ohjaaja, joka\" \/>\n<meta name=\"robots\" content=\"index, follow, max-snippet:-1, max-image-preview:large, max-video-preview:-1\" \/>\n<link rel=\"canonical\" href=\"https:\/\/laskmine.ee\/fi\/ampumapaketit\/\" \/>\n<meta property=\"og:locale\" content=\"fi_FI\" \/>\n<meta property=\"og:type\" content=\"article\" \/>\n<meta property=\"og:title\" content=\"Ampumapaketit\" \/>\n<meta property=\"og:description\" content=\"Ampumapaketit on tarkoitettu kaikille kiinnostuneilla 12 ik\u00e4vuodesta alkaen. Aiempaa kokemusta tai aselupaa ei tarvita, sill\u00e4 teit\u00e4 opastaa ohjaaja, joka\" \/>\n<meta property=\"og:url\" content=\"https:\/\/laskmine.ee\/fi\/ampumapaketit\/\" \/>\n<meta property=\"og:site_name\" content=\"Laskmine\" \/>\n<meta property=\"article:publisher\" content=\"https:\/\/www.facebook.com\/Tondilasketiir\/\" \/>\n<meta property=\"article:modified_time\" content=\"2021-03-16T14:39:35+00:00\" \/>\n<meta name=\"twitter:card\" content=\"summary_large_image\" \/>\n<meta name=\"twitter:site\" content=\"@combattrainings\" \/>\n<script type=\"application\/ld+json\" class=\"yoast-schema-graph\">{\"@context\":\"https:\\\/\\\/schema.org\",\"@graph\":[{\"@type\":\"WebPage\",\"@id\":\"https:\\\/\\\/laskmine.ee\\\/fi\\\/ampumapaketit\\\/\",\"url\":\"https:\\\/\\\/laskmine.ee\\\/fi\\\/ampumapaketit\\\/\",\"name\":\"Ampumapaketit on kaikille kiinnostuneilli 12 ik\u00e4vuodesta alken\",\"isPartOf\":{\"@id\":\"https:\\\/\\\/laskmine.ee\\\/#website\"},\"datePublished\":\"2017-08-29T08:57:47+00:00\",\"dateModified\":\"2021-03-16T14:39:35+00:00\",\"description\":\"Ampumapaketit on tarkoitettu kaikille kiinnostuneilla 12 ik\u00e4vuodesta alkaen. Aiempaa kokemusta tai aselupaa ei tarvita, sill\u00e4 teit\u00e4 opastaa ohjaaja, joka\",\"breadcrumb\":{\"@id\":\"https:\\\/\\\/laskmine.ee\\\/fi\\\/ampumapaketit\\\/#breadcrumb\"},\"inLanguage\":\"fi\",\"potentialAction\":[{\"@type\":\"ReadAction\",\"target\":[\"https:\\\/\\\/laskmine.ee\\\/fi\\\/ampumapaketit\\\/\"]}]},{\"@type\":\"BreadcrumbList\",\"@id\":\"https:\\\/\\\/laskmine.ee\\\/fi\\\/ampumapaketit\\\/#breadcrumb\",\"itemListElement\":[{\"@type\":\"ListItem\",\"position\":1,\"name\":\"Home\",\"item\":\"https:\\\/\\\/laskmine.ee\\\/fi\\\/\"},{\"@type\":\"ListItem\",\"position\":2,\"name\":\"Ampumapaketit\"}]},{\"@type\":\"WebSite\",\"@id\":\"https:\\\/\\\/laskmine.ee\\\/#website\",\"url\":\"https:\\\/\\\/laskmine.ee\\\/\",\"name\":\"Tondi Lasketiir\",\"description\":\"Tondi Lasketiir\",\"publisher\":{\"@id\":\"https:\\\/\\\/laskmine.ee\\\/#organization\"},\"potentialAction\":[{\"@type\":\"SearchAction\",\"target\":{\"@type\":\"EntryPoint\",\"urlTemplate\":\"https:\\\/\\\/laskmine.ee\\\/?s={search_term_string}\"},\"query-input\":{\"@type\":\"PropertyValueSpecification\",\"valueRequired\":true,\"valueName\":\"search_term_string\"}}],\"inLanguage\":\"fi\"},{\"@type\":\"Organization\",\"@id\":\"https:\\\/\\\/laskmine.ee\\\/#organization\",\"name\":\"Tondi Lasketiir\",\"url\":\"https:\\\/\\\/laskmine.ee\\\/\",\"logo\":{\"@type\":\"ImageObject\",\"inLanguage\":\"fi\",\"@id\":\"https:\\\/\\\/laskmine.ee\\\/#\\\/schema\\\/logo\\\/image\\\/\",\"url\":\"https:\\\/\\\/laskmine.ee\\\/wp-content\\\/uploads\\\/2019\\\/09\\\/ghost-tactics-logo.svg\",\"contentUrl\":\"https:\\\/\\\/laskmine.ee\\\/wp-content\\\/uploads\\\/2019\\\/09\\\/ghost-tactics-logo.svg\",\"width\":1,\"height\":1,\"caption\":\"Tondi Lasketiir\"},\"image\":{\"@id\":\"https:\\\/\\\/laskmine.ee\\\/#\\\/schema\\\/logo\\\/image\\\/\"},\"sameAs\":[\"https:\\\/\\\/www.facebook.com\\\/Tondilasketiir\\\/\",\"https:\\\/\\\/x.com\\\/combattrainings\",\"https:\\\/\\\/www.instagram.com\\\/tondi_lasketiir\",\"https:\\\/\\\/www.pinterest.com\\\/TondiLasketiir\\\/\",\"https:\\\/\\\/www.youtube.com\\\/channel\\\/UCRr8G7eQqIN6E8niQ8HCB7w\"]}]}<\/script>\n<!-- \/ Yoast SEO Premium plugin. -->","yoast_head_json":{"title":"Ampumapaketit on kaikille kiinnostuneilli 12 ik\u00e4vuodesta alken","description":"Ampumapaketit on tarkoitettu kaikille kiinnostuneilla 12 ik\u00e4vuodesta alkaen. Aiempaa kokemusta tai aselupaa ei tarvita, sill\u00e4 teit\u00e4 opastaa ohjaaja, joka","robots":{"index":"index","follow":"follow","max-snippet":"max-snippet:-1","max-image-preview":"max-image-preview:large","max-video-preview":"max-video-preview:-1"},"canonical":"https:\/\/laskmine.ee\/fi\/ampumapaketit\/","og_locale":"fi_FI","og_type":"article","og_title":"Ampumapaketit","og_description":"Ampumapaketit on tarkoitettu kaikille kiinnostuneilla 12 ik\u00e4vuodesta alkaen. Aiempaa kokemusta tai aselupaa ei tarvita, sill\u00e4 teit\u00e4 opastaa ohjaaja, joka","og_url":"https:\/\/laskmine.ee\/fi\/ampumapaketit\/","og_site_name":"Laskmine","article_publisher":"https:\/\/www.facebook.com\/Tondilasketiir\/","article_modified_time":"2021-03-16T14:39:35+00:00","twitter_card":"summary_large_image","twitter_site":"@combattrainings","schema":{"@context":"https:\/\/schema.org","@graph":[{"@type":"WebPage","@id":"https:\/\/laskmine.ee\/fi\/ampumapaketit\/","url":"https:\/\/laskmine.ee\/fi\/ampumapaketit\/","name":"Ampumapaketit on kaikille kiinnostuneilli 12 ik\u00e4vuodesta alken","isPartOf":{"@id":"https:\/\/laskmine.ee\/#website"},"datePublished":"2017-08-29T08:57:47+00:00","dateModified":"2021-03-16T14:39:35+00:00","description":"Ampumapaketit on tarkoitettu kaikille kiinnostuneilla 12 ik\u00e4vuodesta alkaen. Aiempaa kokemusta tai aselupaa ei tarvita, sill\u00e4 teit\u00e4 opastaa ohjaaja, joka","breadcrumb":{"@id":"https:\/\/laskmine.ee\/fi\/ampumapaketit\/#breadcrumb"},"inLanguage":"fi","potentialAction":[{"@type":"ReadAction","target":["https:\/\/laskmine.ee\/fi\/ampumapaketit\/"]}]},{"@type":"BreadcrumbList","@id":"https:\/\/laskmine.ee\/fi\/ampumapaketit\/#breadcrumb","itemListElement":[{"@type":"ListItem","position":1,"name":"Home","item":"https:\/\/laskmine.ee\/fi\/"},{"@type":"ListItem","position":2,"name":"Ampumapaketit"}]},{"@type":"WebSite","@id":"https:\/\/laskmine.ee\/#website","url":"https:\/\/laskmine.ee\/","name":"Tondi Lasketiir","description":"Tondi Lasketiir","publisher":{"@id":"https:\/\/laskmine.ee\/#organization"},"potentialAction":[{"@type":"SearchAction","target":{"@type":"EntryPoint","urlTemplate":"https:\/\/laskmine.ee\/?s={search_term_string}"},"query-input":{"@type":"PropertyValueSpecification","valueRequired":true,"valueName":"search_term_string"}}],"inLanguage":"fi"},{"@type":"Organization","@id":"https:\/\/laskmine.ee\/#organization","name":"Tondi Lasketiir","url":"https:\/\/laskmine.ee\/","logo":{"@type":"ImageObject","inLanguage":"fi","@id":"https:\/\/laskmine.ee\/#\/schema\/logo\/image\/","url":"https:\/\/laskmine.ee\/wp-content\/uploads\/2019\/09\/ghost-tactics-logo.svg","contentUrl":"https:\/\/laskmine.ee\/wp-content\/uploads\/2019\/09\/ghost-tactics-logo.svg","width":1,"height":1,"caption":"Tondi Lasketiir"},"image":{"@id":"https:\/\/laskmine.ee\/#\/schema\/logo\/image\/"},"sameAs":["https:\/\/www.facebook.com\/Tondilasketiir\/","https:\/\/x.com\/combattrainings","https:\/\/www.instagram.com\/tondi_lasketiir","https:\/\/www.pinterest.com\/TondiLasketiir\/","https:\/\/www.youtube.com\/channel\/UCRr8G7eQqIN6E8niQ8HCB7w"]}]}},"_links":{"self":[{"href":"https:\/\/laskmine.ee\/fi\/wp-json\/wp\/v2\/pages\/71065","targetHints":{"allow":["GET"]}}],"collection":[{"href":"https:\/\/laskmine.ee\/fi\/wp-json\/wp\/v2\/pages"}],"about":[{"href":"https:\/\/laskmine.ee\/fi\/wp-json\/wp\/v2\/types\/page"}],"author":[{"embeddable":true,"href":"https:\/\/laskmine.ee\/fi\/wp-json\/wp\/v2\/users\/5"}],"replies":[{"embeddable":true,"href":"https:\/\/laskmine.ee\/fi\/wp-json\/wp\/v2\/comments?post=71065"}],"version-history":[{"count":1,"href":"https:\/\/laskmine.ee\/fi\/wp-json\/wp\/v2\/pages\/71065\/revisions"}],"predecessor-version":[{"id":79802,"href":"https:\/\/laskmine.ee\/fi\/wp-json\/wp\/v2\/pages\/71065\/revisions\/79802"}],"wp:attachment":[{"href":"https:\/\/laskmine.ee\/fi\/wp-json\/wp\/v2\/media?parent=71065"}],"curies":[{"name":"wp","href":"https:\/\/api.w.org\/{rel}","templated":true}]}}