{"id":71176,"date":"2017-08-31T16:58:30","date_gmt":"2017-08-31T13:58:30","guid":{"rendered":"http:\/\/uus.laskmine.ee\/?page_id=71176"},"modified":"2020-06-19T11:19:28","modified_gmt":"2020-06-19T08:19:28","slug":"ampumatapahtumat_1","status":"publish","type":"page","link":"https:\/\/laskmine.ee\/fi\/ampumatapahtumat_1\/","title":{"rendered":"Ampumatapahtumat"},"content":{"rendered":"<p><strong>Yritysjuhlat, asiakastilaisuus, syntym\u00e4p\u00e4iv\u00e4t, polttarit tai mik\u00e4 muu tilaisuus tahansa \u2013 tule ja j\u00e4rjest\u00e4 se Tondin ampumaradalla! J\u00e4nnitys ja adrenaliini ovat taatut, lis\u00e4ksi voit k\u00e4ytt\u00e4\u00e4 juhlatilaamme ja tarvittaessa j\u00e4rjest\u00e4mme lis\u00e4toimintaa \u2013 j\u00e4rjest\u00e4t helposti muista eroavan tilaisuuden!<\/strong><\/p>\n<p><strong>Ammunnankaan ei tarvitse olla vain paikaltaan tapahtuvaa, voimme tehd\u00e4 my\u00f6s kiinnostavan taktisen radan tai j\u00e4rjest\u00e4\u00e4 kilpailun, jolla selvitet\u00e4\u00e4n kuka on nopein ja tarkin \u2013 pystyt\u00e4mme radan, jossa aika ja tulokset ratkaisevat! Tondin ampumaradalla kaikki on mahdollista!<\/strong><\/p>\n","protected":false},"excerpt":{"rendered":"<p>Yritysjuhlat, asiakastilaisuus, syntym\u00e4p\u00e4iv\u00e4t, polttarit tai mik\u00e4 muu tilaisuus tahansa \u2013 tule ja j\u00e4rjest\u00e4 se Tondin ampumaradalla! J\u00e4nnitys ja adrenaliini ovat taatut, lis\u00e4ksi voit k\u00e4ytt\u00e4\u00e4 juhlatilaamme ja tarvittaessa j\u00e4rjest\u00e4mme lis\u00e4toimintaa \u2013 j\u00e4rjest\u00e4t helposti muista eroavan tilaisuuden! Ammunnankaan ei tarvitse olla vain paikaltaan tapahtuvaa, voimme tehd\u00e4 my\u00f6s kiinnostavan taktisen radan tai j\u00e4rjest\u00e4\u00e4 kilpailun, jolla selvitet\u00e4\u00e4n kuka on [&hellip;]<\/p>\n","protected":false},"author":1,"featured_media":0,"parent":0,"menu_order":0,"comment_status":"closed","ping_status":"closed","template":"templates\/packages.php","meta":{"_acf_changed":false,"footnotes":""},"class_list":["post-71176","page","type-page","status-publish","hentry"],"acf":[],"yoast_head":"<!-- This site is optimized with the Yoast SEO Premium plugin v25.9 (Yoast SEO v27.3) - https:\/\/yoast.com\/product\/yoast-seo-premium-wordpress\/ -->\n<title>Laskmis\u00fcritused tule korralda meil Tondi Lasketiirus<\/title>\n<meta name=\"description\" content=\"Laskmis\u00fcritused annavad teile t\u00e4iesti uue hingamise, esmalt adrenaliini, siis n\u00e4ed, kuidas teised ennast \u00fcletavad ja l\u00f5puks saad v\u00f5rrelda tulemusi teistega.\" \/>\n<meta name=\"robots\" content=\"index, follow, max-snippet:-1, max-image-preview:large, max-video-preview:-1\" \/>\n<link rel=\"canonical\" href=\"https:\/\/laskmine.ee\/fi\/ampumatapahtumat_1\/\" \/>\n<meta property=\"og:locale\" content=\"fi_FI\" \/>\n<meta property=\"og:type\" content=\"article\" \/>\n<meta property=\"og:title\" content=\"Ampumatapahtumat\" \/>\n<meta property=\"og:description\" content=\"Laskmis\u00fcritused annavad teile t\u00e4iesti uue hingamise, esmalt adrenaliini, siis n\u00e4ed, kuidas teised ennast \u00fcletavad ja l\u00f5puks saad v\u00f5rrelda tulemusi teistega.\" \/>\n<meta property=\"og:url\" content=\"https:\/\/laskmine.ee\/fi\/ampumatapahtumat_1\/\" \/>\n<meta property=\"og:site_name\" content=\"Laskmine\" \/>\n<meta property=\"article:publisher\" content=\"https:\/\/www.facebook.com\/Tondilasketiir\/\" \/>\n<meta property=\"article:modified_time\" content=\"2020-06-19T08:19:28+00:00\" \/>\n<meta name=\"twitter:card\" content=\"summary_large_image\" \/>\n<meta name=\"twitter:site\" content=\"@combattrainings\" \/>\n<script type=\"application\/ld+json\" class=\"yoast-schema-graph\">{\"@context\":\"https:\\\/\\\/schema.org\",\"@graph\":[{\"@type\":\"WebPage\",\"@id\":\"https:\\\/\\\/laskmine.ee\\\/fi\\\/ampumatapahtumat_1\\\/\",\"url\":\"https:\\\/\\\/laskmine.ee\\\/fi\\\/ampumatapahtumat_1\\\/\",\"name\":\"Laskmis\u00fcritused tule korralda meil Tondi Lasketiirus\",\"isPartOf\":{\"@id\":\"https:\\\/\\\/laskmine.ee\\\/#website\"},\"datePublished\":\"2017-08-31T13:58:30+00:00\",\"dateModified\":\"2020-06-19T08:19:28+00:00\",\"description\":\"Laskmis\u00fcritused annavad teile t\u00e4iesti uue hingamise, esmalt adrenaliini, siis n\u00e4ed, kuidas teised ennast \u00fcletavad ja l\u00f5puks saad v\u00f5rrelda tulemusi teistega.\",\"breadcrumb\":{\"@id\":\"https:\\\/\\\/laskmine.ee\\\/fi\\\/ampumatapahtumat_1\\\/#breadcrumb\"},\"inLanguage\":\"fi\",\"potentialAction\":[{\"@type\":\"ReadAction\",\"target\":[\"https:\\\/\\\/laskmine.ee\\\/fi\\\/ampumatapahtumat_1\\\/\"]}]},{\"@type\":\"BreadcrumbList\",\"@id\":\"https:\\\/\\\/laskmine.ee\\\/fi\\\/ampumatapahtumat_1\\\/#breadcrumb\",\"itemListElement\":[{\"@type\":\"ListItem\",\"position\":1,\"name\":\"Home\",\"item\":\"https:\\\/\\\/laskmine.ee\\\/fi\\\/\"},{\"@type\":\"ListItem\",\"position\":2,\"name\":\"Ampumatapahtumat\"}]},{\"@type\":\"WebSite\",\"@id\":\"https:\\\/\\\/laskmine.ee\\\/#website\",\"url\":\"https:\\\/\\\/laskmine.ee\\\/\",\"name\":\"Tondi Lasketiir\",\"description\":\"Tondi Lasketiir\",\"publisher\":{\"@id\":\"https:\\\/\\\/laskmine.ee\\\/#organization\"},\"potentialAction\":[{\"@type\":\"SearchAction\",\"target\":{\"@type\":\"EntryPoint\",\"urlTemplate\":\"https:\\\/\\\/laskmine.ee\\\/?s={search_term_string}\"},\"query-input\":{\"@type\":\"PropertyValueSpecification\",\"valueRequired\":true,\"valueName\":\"search_term_string\"}}],\"inLanguage\":\"fi\"},{\"@type\":\"Organization\",\"@id\":\"https:\\\/\\\/laskmine.ee\\\/#organization\",\"name\":\"Tondi Lasketiir\",\"url\":\"https:\\\/\\\/laskmine.ee\\\/\",\"logo\":{\"@type\":\"ImageObject\",\"inLanguage\":\"fi\",\"@id\":\"https:\\\/\\\/laskmine.ee\\\/#\\\/schema\\\/logo\\\/image\\\/\",\"url\":\"https:\\\/\\\/laskmine.ee\\\/wp-content\\\/uploads\\\/2019\\\/09\\\/ghost-tactics-logo.svg\",\"contentUrl\":\"https:\\\/\\\/laskmine.ee\\\/wp-content\\\/uploads\\\/2019\\\/09\\\/ghost-tactics-logo.svg\",\"width\":1,\"height\":1,\"caption\":\"Tondi Lasketiir\"},\"image\":{\"@id\":\"https:\\\/\\\/laskmine.ee\\\/#\\\/schema\\\/logo\\\/image\\\/\"},\"sameAs\":[\"https:\\\/\\\/www.facebook.com\\\/Tondilasketiir\\\/\",\"https:\\\/\\\/x.com\\\/combattrainings\",\"https:\\\/\\\/www.instagram.com\\\/tondi_lasketiir\",\"https:\\\/\\\/www.pinterest.com\\\/TondiLasketiir\\\/\",\"https:\\\/\\\/www.youtube.com\\\/channel\\\/UCRr8G7eQqIN6E8niQ8HCB7w\"]}]}<\/script>\n<!-- \/ Yoast SEO Premium plugin. -->","yoast_head_json":{"title":"Laskmis\u00fcritused tule korralda meil Tondi Lasketiirus","description":"Laskmis\u00fcritused annavad teile t\u00e4iesti uue hingamise, esmalt adrenaliini, siis n\u00e4ed, kuidas teised ennast \u00fcletavad ja l\u00f5puks saad v\u00f5rrelda tulemusi teistega.","robots":{"index":"index","follow":"follow","max-snippet":"max-snippet:-1","max-image-preview":"max-image-preview:large","max-video-preview":"max-video-preview:-1"},"canonical":"https:\/\/laskmine.ee\/fi\/ampumatapahtumat_1\/","og_locale":"fi_FI","og_type":"article","og_title":"Ampumatapahtumat","og_description":"Laskmis\u00fcritused annavad teile t\u00e4iesti uue hingamise, esmalt adrenaliini, siis n\u00e4ed, kuidas teised ennast \u00fcletavad ja l\u00f5puks saad v\u00f5rrelda tulemusi teistega.","og_url":"https:\/\/laskmine.ee\/fi\/ampumatapahtumat_1\/","og_site_name":"Laskmine","article_publisher":"https:\/\/www.facebook.com\/Tondilasketiir\/","article_modified_time":"2020-06-19T08:19:28+00:00","twitter_card":"summary_large_image","twitter_site":"@combattrainings","schema":{"@context":"https:\/\/schema.org","@graph":[{"@type":"WebPage","@id":"https:\/\/laskmine.ee\/fi\/ampumatapahtumat_1\/","url":"https:\/\/laskmine.ee\/fi\/ampumatapahtumat_1\/","name":"Laskmis\u00fcritused tule korralda meil Tondi Lasketiirus","isPartOf":{"@id":"https:\/\/laskmine.ee\/#website"},"datePublished":"2017-08-31T13:58:30+00:00","dateModified":"2020-06-19T08:19:28+00:00","description":"Laskmis\u00fcritused annavad teile t\u00e4iesti uue hingamise, esmalt adrenaliini, siis n\u00e4ed, kuidas teised ennast \u00fcletavad ja l\u00f5puks saad v\u00f5rrelda tulemusi teistega.","breadcrumb":{"@id":"https:\/\/laskmine.ee\/fi\/ampumatapahtumat_1\/#breadcrumb"},"inLanguage":"fi","potentialAction":[{"@type":"ReadAction","target":["https:\/\/laskmine.ee\/fi\/ampumatapahtumat_1\/"]}]},{"@type":"BreadcrumbList","@id":"https:\/\/laskmine.ee\/fi\/ampumatapahtumat_1\/#breadcrumb","itemListElement":[{"@type":"ListItem","position":1,"name":"Home","item":"https:\/\/laskmine.ee\/fi\/"},{"@type":"ListItem","position":2,"name":"Ampumatapahtumat"}]},{"@type":"WebSite","@id":"https:\/\/laskmine.ee\/#website","url":"https:\/\/laskmine.ee\/","name":"Tondi Lasketiir","description":"Tondi Lasketiir","publisher":{"@id":"https:\/\/laskmine.ee\/#organization"},"potentialAction":[{"@type":"SearchAction","target":{"@type":"EntryPoint","urlTemplate":"https:\/\/laskmine.ee\/?s={search_term_string}"},"query-input":{"@type":"PropertyValueSpecification","valueRequired":true,"valueName":"search_term_string"}}],"inLanguage":"fi"},{"@type":"Organization","@id":"https:\/\/laskmine.ee\/#organization","name":"Tondi Lasketiir","url":"https:\/\/laskmine.ee\/","logo":{"@type":"ImageObject","inLanguage":"fi","@id":"https:\/\/laskmine.ee\/#\/schema\/logo\/image\/","url":"https:\/\/laskmine.ee\/wp-content\/uploads\/2019\/09\/ghost-tactics-logo.svg","contentUrl":"https:\/\/laskmine.ee\/wp-content\/uploads\/2019\/09\/ghost-tactics-logo.svg","width":1,"height":1,"caption":"Tondi Lasketiir"},"image":{"@id":"https:\/\/laskmine.ee\/#\/schema\/logo\/image\/"},"sameAs":["https:\/\/www.facebook.com\/Tondilasketiir\/","https:\/\/x.com\/combattrainings","https:\/\/www.instagram.com\/tondi_lasketiir","https:\/\/www.pinterest.com\/TondiLasketiir\/","https:\/\/www.youtube.com\/channel\/UCRr8G7eQqIN6E8niQ8HCB7w"]}]}},"_links":{"self":[{"href":"https:\/\/laskmine.ee\/fi\/wp-json\/wp\/v2\/pages\/71176","targetHints":{"allow":["GET"]}}],"collection":[{"href":"https:\/\/laskmine.ee\/fi\/wp-json\/wp\/v2\/pages"}],"about":[{"href":"https:\/\/laskmine.ee\/fi\/wp-json\/wp\/v2\/types\/page"}],"author":[{"embeddable":true,"href":"https:\/\/laskmine.ee\/fi\/wp-json\/wp\/v2\/users\/1"}],"replies":[{"embeddable":true,"href":"https:\/\/laskmine.ee\/fi\/wp-json\/wp\/v2\/comments?post=71176"}],"version-history":[{"count":0,"href":"https:\/\/laskmine.ee\/fi\/wp-json\/wp\/v2\/pages\/71176\/revisions"}],"wp:attachment":[{"href":"https:\/\/laskmine.ee\/fi\/wp-json\/wp\/v2\/media?parent=71176"}],"curies":[{"name":"wp","href":"https:\/\/api.w.org\/{rel}","templated":true}]}}