{"id":71194,"date":"2017-09-06T13:37:54","date_gmt":"2017-09-06T10:37:54","guid":{"rendered":"http:\/\/uus.laskmine.ee\/?page_id=71194"},"modified":"2020-06-19T11:16:34","modified_gmt":"2020-06-19T08:16:34","slug":"aseen-omistajalle","status":"publish","type":"page","link":"https:\/\/laskmine.ee\/fi\/aseen-omistajalle\/","title":{"rendered":"Aseen omistajalle"},"content":{"rendered":"<p><strong>Tondin ampumarata on Baltian suurin, k\u00e4yt\u00f6ss\u00e4mme on pinta-alaa yli 1.000 neli\u00f6t\u00e4. T\u00e4\u00e4ll\u00e4 voi ampua pitk\u00e4lt\u00e4 et\u00e4isyydelt\u00e4 ja suorittaa taktisia harjoituksia.<\/strong><\/p>\n<p><strong>Ampujille tarjoamme: koulutuksia, ampumaradan vuokrausta, 5x-, 10x-, 20x- sek\u00e4 vuoden alennuskortin lis\u00e4ksi voit ostaa meilt\u00e4 ampumatarvikkeita, maalitauluja ja tilata yksityisi\u00e4 harjoitteluita kokeneilta ohjaajiltamme.<\/strong><\/p>\n<p><a href=\"http:\/\/laskmine.ee\/ghost-club\/?lang=fi\"><strong>Ghost Clubin j\u00e4senille ovat voimassa j\u00e4senhinnat, liity seuraamme jo t\u00e4n\u00e4\u00e4n!<\/strong><\/a><\/p>\n","protected":false},"excerpt":{"rendered":"<p>Tondin ampumarata on Baltian suurin, k\u00e4yt\u00f6ss\u00e4mme on pinta-alaa yli 1.000 neli\u00f6t\u00e4. T\u00e4\u00e4ll\u00e4 voi ampua pitk\u00e4lt\u00e4 et\u00e4isyydelt\u00e4 ja suorittaa taktisia harjoituksia. Ampujille tarjoamme: koulutuksia, ampumaradan vuokrausta, 5x-, 10x-, 20x- sek\u00e4 vuoden alennuskortin lis\u00e4ksi voit ostaa meilt\u00e4 ampumatarvikkeita, maalitauluja ja tilata yksityisi\u00e4 harjoitteluita kokeneilta ohjaajiltamme. Ghost Clubin j\u00e4senille ovat voimassa j\u00e4senhinnat, liity seuraamme jo t\u00e4n\u00e4\u00e4n!<\/p>\n","protected":false},"author":1,"featured_media":0,"parent":0,"menu_order":0,"comment_status":"closed","ping_status":"closed","template":"templates\/packages.php","meta":{"_acf_changed":false,"footnotes":""},"class_list":["post-71194","page","type-page","status-publish","hentry"],"acf":[],"yoast_head":"<!-- This site is optimized with the Yoast SEO Premium plugin v25.9 (Yoast SEO v27.4) - https:\/\/yoast.com\/product\/yoast-seo-premium-wordpress\/ -->\n<title>Aseen omistajalle - Parimad v\u00f5imalused treeninguks - Laskmine ,Tallinn<\/title>\n<meta name=\"description\" content=\"Baltikumi suurim lasketiir, mis pakub relvaomanikule parimad v\u00f5imalused enese arenguks ja treenimiseks. Tondi Lasketiir ootab sind!\" \/>\n<meta name=\"robots\" content=\"index, follow, max-snippet:-1, max-image-preview:large, max-video-preview:-1\" \/>\n<link rel=\"canonical\" href=\"https:\/\/laskmine.ee\/fi\/aseen-omistajalle\/\" \/>\n<meta property=\"og:locale\" content=\"fi_FI\" \/>\n<meta property=\"og:type\" content=\"article\" \/>\n<meta property=\"og:title\" content=\"Aseen omistajalle\" \/>\n<meta property=\"og:description\" content=\"Baltikumi suurim lasketiir, mis pakub relvaomanikule parimad v\u00f5imalused enese arenguks ja treenimiseks. Tondi Lasketiir ootab sind!\" \/>\n<meta property=\"og:url\" content=\"https:\/\/laskmine.ee\/fi\/aseen-omistajalle\/\" \/>\n<meta property=\"og:site_name\" content=\"Laskmine\" \/>\n<meta property=\"article:publisher\" content=\"https:\/\/www.facebook.com\/Tondilasketiir\/\" \/>\n<meta property=\"article:modified_time\" content=\"2020-06-19T08:16:34+00:00\" \/>\n<meta name=\"twitter:card\" content=\"summary_large_image\" \/>\n<meta name=\"twitter:site\" content=\"@combattrainings\" \/>\n<script type=\"application\/ld+json\" class=\"yoast-schema-graph\">{\"@context\":\"https:\\\/\\\/schema.org\",\"@graph\":[{\"@type\":\"WebPage\",\"@id\":\"https:\\\/\\\/laskmine.ee\\\/fi\\\/aseen-omistajalle\\\/\",\"url\":\"https:\\\/\\\/laskmine.ee\\\/fi\\\/aseen-omistajalle\\\/\",\"name\":\"Aseen omistajalle - Parimad v\u00f5imalused treeninguks - Laskmine ,Tallinn\",\"isPartOf\":{\"@id\":\"https:\\\/\\\/laskmine.ee\\\/#website\"},\"datePublished\":\"2017-09-06T10:37:54+00:00\",\"dateModified\":\"2020-06-19T08:16:34+00:00\",\"description\":\"Baltikumi suurim lasketiir, mis pakub relvaomanikule parimad v\u00f5imalused enese arenguks ja treenimiseks. Tondi Lasketiir ootab sind!\",\"breadcrumb\":{\"@id\":\"https:\\\/\\\/laskmine.ee\\\/fi\\\/aseen-omistajalle\\\/#breadcrumb\"},\"inLanguage\":\"fi\",\"potentialAction\":[{\"@type\":\"ReadAction\",\"target\":[\"https:\\\/\\\/laskmine.ee\\\/fi\\\/aseen-omistajalle\\\/\"]}]},{\"@type\":\"BreadcrumbList\",\"@id\":\"https:\\\/\\\/laskmine.ee\\\/fi\\\/aseen-omistajalle\\\/#breadcrumb\",\"itemListElement\":[{\"@type\":\"ListItem\",\"position\":1,\"name\":\"Home\",\"item\":\"https:\\\/\\\/laskmine.ee\\\/fi\\\/\"},{\"@type\":\"ListItem\",\"position\":2,\"name\":\"Aseen omistajalle\"}]},{\"@type\":\"WebSite\",\"@id\":\"https:\\\/\\\/laskmine.ee\\\/#website\",\"url\":\"https:\\\/\\\/laskmine.ee\\\/\",\"name\":\"Tondi Lasketiir\",\"description\":\"Tondi Lasketiir\",\"publisher\":{\"@id\":\"https:\\\/\\\/laskmine.ee\\\/#organization\"},\"potentialAction\":[{\"@type\":\"SearchAction\",\"target\":{\"@type\":\"EntryPoint\",\"urlTemplate\":\"https:\\\/\\\/laskmine.ee\\\/?s={search_term_string}\"},\"query-input\":{\"@type\":\"PropertyValueSpecification\",\"valueRequired\":true,\"valueName\":\"search_term_string\"}}],\"inLanguage\":\"fi\"},{\"@type\":\"Organization\",\"@id\":\"https:\\\/\\\/laskmine.ee\\\/#organization\",\"name\":\"Tondi Lasketiir\",\"url\":\"https:\\\/\\\/laskmine.ee\\\/\",\"logo\":{\"@type\":\"ImageObject\",\"inLanguage\":\"fi\",\"@id\":\"https:\\\/\\\/laskmine.ee\\\/#\\\/schema\\\/logo\\\/image\\\/\",\"url\":\"https:\\\/\\\/laskmine.ee\\\/wp-content\\\/uploads\\\/2019\\\/09\\\/ghost-tactics-logo.svg\",\"contentUrl\":\"https:\\\/\\\/laskmine.ee\\\/wp-content\\\/uploads\\\/2019\\\/09\\\/ghost-tactics-logo.svg\",\"width\":1,\"height\":1,\"caption\":\"Tondi Lasketiir\"},\"image\":{\"@id\":\"https:\\\/\\\/laskmine.ee\\\/#\\\/schema\\\/logo\\\/image\\\/\"},\"sameAs\":[\"https:\\\/\\\/www.facebook.com\\\/Tondilasketiir\\\/\",\"https:\\\/\\\/x.com\\\/combattrainings\",\"https:\\\/\\\/www.instagram.com\\\/tondi_lasketiir\",\"https:\\\/\\\/www.pinterest.com\\\/TondiLasketiir\\\/\",\"https:\\\/\\\/www.youtube.com\\\/channel\\\/UCRr8G7eQqIN6E8niQ8HCB7w\"]}]}<\/script>\n<!-- \/ Yoast SEO Premium plugin. -->","yoast_head_json":{"title":"Aseen omistajalle - Parimad v\u00f5imalused treeninguks - Laskmine ,Tallinn","description":"Baltikumi suurim lasketiir, mis pakub relvaomanikule parimad v\u00f5imalused enese arenguks ja treenimiseks. Tondi Lasketiir ootab sind!","robots":{"index":"index","follow":"follow","max-snippet":"max-snippet:-1","max-image-preview":"max-image-preview:large","max-video-preview":"max-video-preview:-1"},"canonical":"https:\/\/laskmine.ee\/fi\/aseen-omistajalle\/","og_locale":"fi_FI","og_type":"article","og_title":"Aseen omistajalle","og_description":"Baltikumi suurim lasketiir, mis pakub relvaomanikule parimad v\u00f5imalused enese arenguks ja treenimiseks. Tondi Lasketiir ootab sind!","og_url":"https:\/\/laskmine.ee\/fi\/aseen-omistajalle\/","og_site_name":"Laskmine","article_publisher":"https:\/\/www.facebook.com\/Tondilasketiir\/","article_modified_time":"2020-06-19T08:16:34+00:00","twitter_card":"summary_large_image","twitter_site":"@combattrainings","schema":{"@context":"https:\/\/schema.org","@graph":[{"@type":"WebPage","@id":"https:\/\/laskmine.ee\/fi\/aseen-omistajalle\/","url":"https:\/\/laskmine.ee\/fi\/aseen-omistajalle\/","name":"Aseen omistajalle - Parimad v\u00f5imalused treeninguks - Laskmine ,Tallinn","isPartOf":{"@id":"https:\/\/laskmine.ee\/#website"},"datePublished":"2017-09-06T10:37:54+00:00","dateModified":"2020-06-19T08:16:34+00:00","description":"Baltikumi suurim lasketiir, mis pakub relvaomanikule parimad v\u00f5imalused enese arenguks ja treenimiseks. Tondi Lasketiir ootab sind!","breadcrumb":{"@id":"https:\/\/laskmine.ee\/fi\/aseen-omistajalle\/#breadcrumb"},"inLanguage":"fi","potentialAction":[{"@type":"ReadAction","target":["https:\/\/laskmine.ee\/fi\/aseen-omistajalle\/"]}]},{"@type":"BreadcrumbList","@id":"https:\/\/laskmine.ee\/fi\/aseen-omistajalle\/#breadcrumb","itemListElement":[{"@type":"ListItem","position":1,"name":"Home","item":"https:\/\/laskmine.ee\/fi\/"},{"@type":"ListItem","position":2,"name":"Aseen omistajalle"}]},{"@type":"WebSite","@id":"https:\/\/laskmine.ee\/#website","url":"https:\/\/laskmine.ee\/","name":"Tondi Lasketiir","description":"Tondi Lasketiir","publisher":{"@id":"https:\/\/laskmine.ee\/#organization"},"potentialAction":[{"@type":"SearchAction","target":{"@type":"EntryPoint","urlTemplate":"https:\/\/laskmine.ee\/?s={search_term_string}"},"query-input":{"@type":"PropertyValueSpecification","valueRequired":true,"valueName":"search_term_string"}}],"inLanguage":"fi"},{"@type":"Organization","@id":"https:\/\/laskmine.ee\/#organization","name":"Tondi Lasketiir","url":"https:\/\/laskmine.ee\/","logo":{"@type":"ImageObject","inLanguage":"fi","@id":"https:\/\/laskmine.ee\/#\/schema\/logo\/image\/","url":"https:\/\/laskmine.ee\/wp-content\/uploads\/2019\/09\/ghost-tactics-logo.svg","contentUrl":"https:\/\/laskmine.ee\/wp-content\/uploads\/2019\/09\/ghost-tactics-logo.svg","width":1,"height":1,"caption":"Tondi Lasketiir"},"image":{"@id":"https:\/\/laskmine.ee\/#\/schema\/logo\/image\/"},"sameAs":["https:\/\/www.facebook.com\/Tondilasketiir\/","https:\/\/x.com\/combattrainings","https:\/\/www.instagram.com\/tondi_lasketiir","https:\/\/www.pinterest.com\/TondiLasketiir\/","https:\/\/www.youtube.com\/channel\/UCRr8G7eQqIN6E8niQ8HCB7w"]}]}},"_links":{"self":[{"href":"https:\/\/laskmine.ee\/fi\/wp-json\/wp\/v2\/pages\/71194","targetHints":{"allow":["GET"]}}],"collection":[{"href":"https:\/\/laskmine.ee\/fi\/wp-json\/wp\/v2\/pages"}],"about":[{"href":"https:\/\/laskmine.ee\/fi\/wp-json\/wp\/v2\/types\/page"}],"author":[{"embeddable":true,"href":"https:\/\/laskmine.ee\/fi\/wp-json\/wp\/v2\/users\/1"}],"replies":[{"embeddable":true,"href":"https:\/\/laskmine.ee\/fi\/wp-json\/wp\/v2\/comments?post=71194"}],"version-history":[{"count":0,"href":"https:\/\/laskmine.ee\/fi\/wp-json\/wp\/v2\/pages\/71194\/revisions"}],"wp:attachment":[{"href":"https:\/\/laskmine.ee\/fi\/wp-json\/wp\/v2\/media?parent=71194"}],"curies":[{"name":"wp","href":"https:\/\/api.w.org\/{rel}","templated":true}]}}