{"id":73535,"date":"2018-06-01T12:08:58","date_gmt":"2018-06-01T09:08:58","guid":{"rendered":"https:\/\/laskmine.ee\/?page_id=73535"},"modified":"2018-06-01T12:08:58","modified_gmt":"2018-06-01T09:08:58","slug":"tietosuojakaytanto","status":"publish","type":"page","link":"https:\/\/laskmine.ee\/fi\/tietosuojakaytanto\/","title":{"rendered":"Tietosuojak\u00e4yt\u00e4nt\u00f6"},"content":{"rendered":"<ul>\n<li>TO Engineering vastaa asiakkaan henkil\u00f6tiedoista, jotka esitet\u00e4\u00e4n ostojen suorittamisen yhteydess\u00e4 ja joita k\u00e4ytet\u00e4\u00e4n vain tilauksen t\u00e4ytt\u00e4miseen ja asiakassuhteen hoitamiseen.<\/li>\n<li>Asiakkaan esitt\u00e4mi\u00e4 henkil\u00f6tietoja k\u00e4sitell\u00e4\u00e4n luottamuksellisena tietona.<\/li>\n<li>TO Engineering varaa itselleen oikeuden l\u00e4hett\u00e4\u00e4 asiakkaalle tietoa uusista tarjouksista.<\/li>\n<li>Asiakkaalla on oikeus ilmoittaa tahdostaan kielt\u00e4yty\u00e4 jatkossa <u><a href=\"http:\/\/laskmine.ee\/\">ee<\/a><\/u>:n l\u00e4hetett\u00e4vist\u00e4 tarjouksista ja vaatia tietojensa k\u00e4sittelyn lopettamista tai t\u00e4h\u00e4n menness\u00e4 ker\u00e4ttyjen tietojen poistamista T.O Engineeringin tietokannasta.<\/li>\n<li>Kaikkia <u><a href=\"http:\/\/laskmine.ee\/\">ee<\/a><\/u>-verkkokaupassa k\u00e4ynnin ja ostojen suorittamisen yhteydess\u00e4 tietoon tulleita asiakkaan henkil\u00f6tietoja k\u00e4sitell\u00e4\u00e4n luottamuksellisena tietona, pois lukien niiss\u00e4 tapauksissa, joissa l\u00e4hetti tarvitsee tavaran perille toimittamiseen Sinun nime\u00e4si, puhelinnumeroasi ja toimitusosoitetta, tai muissa laissa s\u00e4\u00e4detyiss\u00e4 tapauksissa.<\/li>\n<li>Salattu tietoliikennekanava pankkeihin takaa oston suorittajan henkil\u00f6tietojen ja pankkiyhteystietojen turvallisuuden, edes <u><a href=\"http:\/\/laskmine.ee\/\">ee<\/a><\/u>-verkkokaupalla ei ole niihin p\u00e4\u00e4sy\u00e4.<\/li>\n<li>Myyj\u00e4 takaa ostajan tietojen, ml. henkil\u00f6tietojen, suojaamisen ja k\u00e4yt\u00f6n Yleisiss\u00e4 ehdoissa s\u00e4\u00e4detyll\u00e4 tavalla. Voimassaolevaan lains\u00e4\u00e4d\u00e4nt\u00f6\u00f6n ja Yleisiin ehtoihin nojautuen on Myyj\u00e4ll\u00e4 oikeus k\u00e4sitell\u00e4 ilman ostajan suostumusta tietoja (ml. henkil\u00f6tietoja) siin\u00e4 laajuudessa, jota tarvitaan verkkokaupan k\u00e4ytt\u00e4miseen, kauppasopimuksen noudattamiseen ja kauppasopimuksen noudattamisen takaamiseen. Edell\u00e4 esitetyst\u00e4 seuraten myyj\u00e4ll\u00e4 on ilman erillist\u00e4 suostumusta oikeus:<br \/>\n\u2013 l\u00e4hett\u00e4\u00e4 ostajalle verkkokaupan palvelujen k\u00e4ytt\u00f6\u00f6n liittyvi\u00e4 viestej\u00e4, ml. sellaisia viestej\u00e4, joiden l\u00e4hett\u00e4minen on verkkokaupan k\u00e4ytt\u00e4jien turvallisuuden mukaista;<br \/>\n\u2013 s\u00e4ilytt\u00e4\u00e4 ostajien parempaa palvelua ja sopimusten todistamista varten verkkokauppaan kirjautuneen ostajan tilauksia koskevia tietoja, ml. kohtuullisen ajan my\u00f6s niiden tilausten tietoja, joita ostaja verkkokaupassa k\u00e4ynnin aikana ei vienyt p\u00e4\u00e4t\u00f6kseen.<\/li>\n<li>Ostajalla on koska tahansa oikeus perua suostumus tietojensa markkinointiin k\u00e4ytt\u00e4misest\u00e4 l\u00e4hett\u00e4m\u00e4ll\u00e4 myyj\u00e4lle t\u00e4t\u00e4 koskeva s\u00e4hk\u00f6postiviesti tai noudattamalla s\u00e4hk\u00f6postiinsa l\u00e4hetetyss\u00e4 suoramarkkinointitarjouksessa olevaa jatkossa l\u00e4hetett\u00e4vist\u00e4 suoramarkkinointitarjouksista kielt\u00e4ytymist\u00e4 koskevaa ohjetta.<\/li>\n<\/ul>\n","protected":false},"excerpt":{"rendered":"<p>TO Engineering vastaa asiakkaan henkil\u00f6tiedoista, jotka esitet\u00e4\u00e4n ostojen suorittamisen yhteydess\u00e4 ja joita k\u00e4ytet\u00e4\u00e4n vain tilauksen t\u00e4ytt\u00e4miseen ja asiakassuhteen hoitamiseen. Asiakkaan esitt\u00e4mi\u00e4 henkil\u00f6tietoja k\u00e4sitell\u00e4\u00e4n luottamuksellisena tietona. TO Engineering varaa itselleen oikeuden l\u00e4hett\u00e4\u00e4 asiakkaalle tietoa uusista tarjouksista. Asiakkaalla on oikeus ilmoittaa tahdostaan kielt\u00e4yty\u00e4 jatkossa ee:n l\u00e4hetett\u00e4vist\u00e4 tarjouksista ja vaatia tietojensa k\u00e4sittelyn lopettamista tai t\u00e4h\u00e4n menness\u00e4 ker\u00e4ttyjen tietojen [&hellip;]<\/p>\n","protected":false},"author":3,"featured_media":0,"parent":0,"menu_order":0,"comment_status":"closed","ping_status":"closed","template":"","meta":{"_acf_changed":false,"footnotes":""},"class_list":["post-73535","page","type-page","status-publish","hentry"],"acf":[],"yoast_head":"<!-- This site is optimized with the Yoast SEO Premium plugin v25.9 (Yoast SEO v27.4) - https:\/\/yoast.com\/product\/yoast-seo-premium-wordpress\/ -->\n<title>Tietosuojak\u00e4yt\u00e4nt\u00f6 - Laskmine<\/title>\n<meta name=\"robots\" content=\"index, follow, max-snippet:-1, max-image-preview:large, max-video-preview:-1\" \/>\n<link rel=\"canonical\" href=\"https:\/\/laskmine.ee\/fi\/tietosuojakaytanto\/\" \/>\n<meta property=\"og:locale\" content=\"fi_FI\" \/>\n<meta property=\"og:type\" content=\"article\" \/>\n<meta property=\"og:title\" content=\"Tietosuojak\u00e4yt\u00e4nt\u00f6\" \/>\n<meta property=\"og:description\" content=\"TO Engineering vastaa asiakkaan henkil\u00f6tiedoista, jotka esitet\u00e4\u00e4n ostojen suorittamisen yhteydess\u00e4 ja joita k\u00e4ytet\u00e4\u00e4n vain tilauksen t\u00e4ytt\u00e4miseen ja asiakassuhteen hoitamiseen. Asiakkaan esitt\u00e4mi\u00e4 henkil\u00f6tietoja k\u00e4sitell\u00e4\u00e4n luottamuksellisena tietona. TO Engineering varaa itselleen oikeuden l\u00e4hett\u00e4\u00e4 asiakkaalle tietoa uusista tarjouksista. Asiakkaalla on oikeus ilmoittaa tahdostaan kielt\u00e4yty\u00e4 jatkossa ee:n l\u00e4hetett\u00e4vist\u00e4 tarjouksista ja vaatia tietojensa k\u00e4sittelyn lopettamista tai t\u00e4h\u00e4n menness\u00e4 ker\u00e4ttyjen tietojen [&hellip;]\" \/>\n<meta property=\"og:url\" content=\"https:\/\/laskmine.ee\/fi\/tietosuojakaytanto\/\" \/>\n<meta property=\"og:site_name\" content=\"Laskmine\" \/>\n<meta property=\"article:publisher\" content=\"https:\/\/www.facebook.com\/Tondilasketiir\/\" \/>\n<meta name=\"twitter:card\" content=\"summary_large_image\" \/>\n<meta name=\"twitter:site\" content=\"@combattrainings\" \/>\n<meta name=\"twitter:label1\" content=\"Arvioitu lukuaika\" \/>\n\t<meta name=\"twitter:data1\" content=\"2 minuuttia\" \/>\n<script type=\"application\/ld+json\" class=\"yoast-schema-graph\">{\"@context\":\"https:\\\/\\\/schema.org\",\"@graph\":[{\"@type\":\"WebPage\",\"@id\":\"https:\\\/\\\/laskmine.ee\\\/fi\\\/tietosuojakaytanto\\\/\",\"url\":\"https:\\\/\\\/laskmine.ee\\\/fi\\\/tietosuojakaytanto\\\/\",\"name\":\"Tietosuojak\u00e4yt\u00e4nt\u00f6 - Laskmine\",\"isPartOf\":{\"@id\":\"https:\\\/\\\/laskmine.ee\\\/#website\"},\"datePublished\":\"2018-06-01T09:08:58+00:00\",\"breadcrumb\":{\"@id\":\"https:\\\/\\\/laskmine.ee\\\/fi\\\/tietosuojakaytanto\\\/#breadcrumb\"},\"inLanguage\":\"fi\",\"potentialAction\":[{\"@type\":\"ReadAction\",\"target\":[\"https:\\\/\\\/laskmine.ee\\\/fi\\\/tietosuojakaytanto\\\/\"]}]},{\"@type\":\"BreadcrumbList\",\"@id\":\"https:\\\/\\\/laskmine.ee\\\/fi\\\/tietosuojakaytanto\\\/#breadcrumb\",\"itemListElement\":[{\"@type\":\"ListItem\",\"position\":1,\"name\":\"Home\",\"item\":\"https:\\\/\\\/laskmine.ee\\\/fi\\\/\"},{\"@type\":\"ListItem\",\"position\":2,\"name\":\"Tietosuojak\u00e4yt\u00e4nt\u00f6\"}]},{\"@type\":\"WebSite\",\"@id\":\"https:\\\/\\\/laskmine.ee\\\/#website\",\"url\":\"https:\\\/\\\/laskmine.ee\\\/\",\"name\":\"Tondi Lasketiir\",\"description\":\"Tondi Lasketiir\",\"publisher\":{\"@id\":\"https:\\\/\\\/laskmine.ee\\\/#organization\"},\"potentialAction\":[{\"@type\":\"SearchAction\",\"target\":{\"@type\":\"EntryPoint\",\"urlTemplate\":\"https:\\\/\\\/laskmine.ee\\\/?s={search_term_string}\"},\"query-input\":{\"@type\":\"PropertyValueSpecification\",\"valueRequired\":true,\"valueName\":\"search_term_string\"}}],\"inLanguage\":\"fi\"},{\"@type\":\"Organization\",\"@id\":\"https:\\\/\\\/laskmine.ee\\\/#organization\",\"name\":\"Tondi Lasketiir\",\"url\":\"https:\\\/\\\/laskmine.ee\\\/\",\"logo\":{\"@type\":\"ImageObject\",\"inLanguage\":\"fi\",\"@id\":\"https:\\\/\\\/laskmine.ee\\\/#\\\/schema\\\/logo\\\/image\\\/\",\"url\":\"https:\\\/\\\/laskmine.ee\\\/wp-content\\\/uploads\\\/2019\\\/09\\\/ghost-tactics-logo.svg\",\"contentUrl\":\"https:\\\/\\\/laskmine.ee\\\/wp-content\\\/uploads\\\/2019\\\/09\\\/ghost-tactics-logo.svg\",\"width\":1,\"height\":1,\"caption\":\"Tondi Lasketiir\"},\"image\":{\"@id\":\"https:\\\/\\\/laskmine.ee\\\/#\\\/schema\\\/logo\\\/image\\\/\"},\"sameAs\":[\"https:\\\/\\\/www.facebook.com\\\/Tondilasketiir\\\/\",\"https:\\\/\\\/x.com\\\/combattrainings\",\"https:\\\/\\\/www.instagram.com\\\/tondi_lasketiir\",\"https:\\\/\\\/www.pinterest.com\\\/TondiLasketiir\\\/\",\"https:\\\/\\\/www.youtube.com\\\/channel\\\/UCRr8G7eQqIN6E8niQ8HCB7w\"]}]}<\/script>\n<!-- \/ Yoast SEO Premium plugin. -->","yoast_head_json":{"title":"Tietosuojak\u00e4yt\u00e4nt\u00f6 - Laskmine","robots":{"index":"index","follow":"follow","max-snippet":"max-snippet:-1","max-image-preview":"max-image-preview:large","max-video-preview":"max-video-preview:-1"},"canonical":"https:\/\/laskmine.ee\/fi\/tietosuojakaytanto\/","og_locale":"fi_FI","og_type":"article","og_title":"Tietosuojak\u00e4yt\u00e4nt\u00f6","og_description":"TO Engineering vastaa asiakkaan henkil\u00f6tiedoista, jotka esitet\u00e4\u00e4n ostojen suorittamisen yhteydess\u00e4 ja joita k\u00e4ytet\u00e4\u00e4n vain tilauksen t\u00e4ytt\u00e4miseen ja asiakassuhteen hoitamiseen. Asiakkaan esitt\u00e4mi\u00e4 henkil\u00f6tietoja k\u00e4sitell\u00e4\u00e4n luottamuksellisena tietona. TO Engineering varaa itselleen oikeuden l\u00e4hett\u00e4\u00e4 asiakkaalle tietoa uusista tarjouksista. Asiakkaalla on oikeus ilmoittaa tahdostaan kielt\u00e4yty\u00e4 jatkossa ee:n l\u00e4hetett\u00e4vist\u00e4 tarjouksista ja vaatia tietojensa k\u00e4sittelyn lopettamista tai t\u00e4h\u00e4n menness\u00e4 ker\u00e4ttyjen tietojen [&hellip;]","og_url":"https:\/\/laskmine.ee\/fi\/tietosuojakaytanto\/","og_site_name":"Laskmine","article_publisher":"https:\/\/www.facebook.com\/Tondilasketiir\/","twitter_card":"summary_large_image","twitter_site":"@combattrainings","twitter_misc":{"Arvioitu lukuaika":"2 minuuttia"},"schema":{"@context":"https:\/\/schema.org","@graph":[{"@type":"WebPage","@id":"https:\/\/laskmine.ee\/fi\/tietosuojakaytanto\/","url":"https:\/\/laskmine.ee\/fi\/tietosuojakaytanto\/","name":"Tietosuojak\u00e4yt\u00e4nt\u00f6 - Laskmine","isPartOf":{"@id":"https:\/\/laskmine.ee\/#website"},"datePublished":"2018-06-01T09:08:58+00:00","breadcrumb":{"@id":"https:\/\/laskmine.ee\/fi\/tietosuojakaytanto\/#breadcrumb"},"inLanguage":"fi","potentialAction":[{"@type":"ReadAction","target":["https:\/\/laskmine.ee\/fi\/tietosuojakaytanto\/"]}]},{"@type":"BreadcrumbList","@id":"https:\/\/laskmine.ee\/fi\/tietosuojakaytanto\/#breadcrumb","itemListElement":[{"@type":"ListItem","position":1,"name":"Home","item":"https:\/\/laskmine.ee\/fi\/"},{"@type":"ListItem","position":2,"name":"Tietosuojak\u00e4yt\u00e4nt\u00f6"}]},{"@type":"WebSite","@id":"https:\/\/laskmine.ee\/#website","url":"https:\/\/laskmine.ee\/","name":"Tondi Lasketiir","description":"Tondi Lasketiir","publisher":{"@id":"https:\/\/laskmine.ee\/#organization"},"potentialAction":[{"@type":"SearchAction","target":{"@type":"EntryPoint","urlTemplate":"https:\/\/laskmine.ee\/?s={search_term_string}"},"query-input":{"@type":"PropertyValueSpecification","valueRequired":true,"valueName":"search_term_string"}}],"inLanguage":"fi"},{"@type":"Organization","@id":"https:\/\/laskmine.ee\/#organization","name":"Tondi Lasketiir","url":"https:\/\/laskmine.ee\/","logo":{"@type":"ImageObject","inLanguage":"fi","@id":"https:\/\/laskmine.ee\/#\/schema\/logo\/image\/","url":"https:\/\/laskmine.ee\/wp-content\/uploads\/2019\/09\/ghost-tactics-logo.svg","contentUrl":"https:\/\/laskmine.ee\/wp-content\/uploads\/2019\/09\/ghost-tactics-logo.svg","width":1,"height":1,"caption":"Tondi Lasketiir"},"image":{"@id":"https:\/\/laskmine.ee\/#\/schema\/logo\/image\/"},"sameAs":["https:\/\/www.facebook.com\/Tondilasketiir\/","https:\/\/x.com\/combattrainings","https:\/\/www.instagram.com\/tondi_lasketiir","https:\/\/www.pinterest.com\/TondiLasketiir\/","https:\/\/www.youtube.com\/channel\/UCRr8G7eQqIN6E8niQ8HCB7w"]}]}},"_links":{"self":[{"href":"https:\/\/laskmine.ee\/fi\/wp-json\/wp\/v2\/pages\/73535","targetHints":{"allow":["GET"]}}],"collection":[{"href":"https:\/\/laskmine.ee\/fi\/wp-json\/wp\/v2\/pages"}],"about":[{"href":"https:\/\/laskmine.ee\/fi\/wp-json\/wp\/v2\/types\/page"}],"author":[{"embeddable":true,"href":"https:\/\/laskmine.ee\/fi\/wp-json\/wp\/v2\/users\/3"}],"replies":[{"embeddable":true,"href":"https:\/\/laskmine.ee\/fi\/wp-json\/wp\/v2\/comments?post=73535"}],"version-history":[{"count":0,"href":"https:\/\/laskmine.ee\/fi\/wp-json\/wp\/v2\/pages\/73535\/revisions"}],"wp:attachment":[{"href":"https:\/\/laskmine.ee\/fi\/wp-json\/wp\/v2\/media?parent=73535"}],"curies":[{"name":"wp","href":"https:\/\/api.w.org\/{rel}","templated":true}]}}