{"id":70649,"date":"2016-03-30T16:20:07","date_gmt":"2016-03-30T13:20:07","guid":{"rendered":"http:\/\/uus.laskmine.ee\/toode\/kinkekaart-minu-esimene-pauk\/"},"modified":"2026-01-01T17:19:35","modified_gmt":"2026-01-01T15:19:35","slug":"lahjakortit-minun-ensimmainen-paukkuni","status":"publish","type":"product","link":"https:\/\/laskmine.ee\/fi\/tuote\/lahjakortit-minun-ensimmainen-paukkuni\/","title":{"rendered":"Minun ensimm\u00e4inen paukkuni"},"content":{"rendered":"","protected":false},"excerpt":{"rendered":"<p>\u201dMinun Ensimm\u00e4inen Paukkuni!\u201d on tarkoitettu niille aseista ja ampumisesta kiinnostuneille, joilla ei viel\u00e4 ole ampumisesta kokemusta. Mit\u00e4\u00e4n ei tarvitse pel\u00e4t\u00e4, sill\u00e4 aloittelevalle paukuttajalle kaikki selvitet\u00e4\u00e4n etuk\u00e4teen, Sinun sukupuolestasi, i\u00e4st\u00e4si, koulutuksestasi ja liipaisinsormesi herkkyydest\u00e4 riippumatta. Juuri t\u00e4st\u00e4 p\u00e4iv\u00e4st\u00e4 voi saada alkunsa Sinun urheiluampujan tai vaikkapa tarkkuusampujan ainutlaatuinen urasi!<\/p>\n<p>Ampuminen tapahtuu kahdella valitulla aseella.<\/p>\n<p>Pakettiin kuuluu:<\/p>\n<ul>\n<li>Turvallisuustekniikan s\u00e4\u00e4nt\u00f6jen esittely ja ohjaus.<\/li>\n<li>T\u00e4t\u00e4 seuraa aseiden esittely ja kokeilu ohjaajan johdolla.<\/li>\n<\/ul>\n<p>Kesto: n. 1h<\/p>\n<p>\u201dMinun Ensimm\u00e4inen Paukkuni!\u201d on tarkoitettu niille aseista ja ampumisesta kiinnostuneille, joilla ei viel\u00e4 ole ampumisesta kokemusta.<\/p>\n","protected":false},"featured_media":71888,"template":"","meta":{"_acf_changed":false},"product_brand":[],"product_cat":[427,81,85,428],"product_tag":[429,760,761,748,202,749,779,780,206],"class_list":{"0":"post-70649","1":"product","2":"type-product","3":"status-publish","4":"has-post-thumbnail","6":"product_cat-e-kinkekaart-fi","7":"product_cat-kinkekaardid-fi","8":"product_cat-lahjakortti","9":"product_cat-laskmispakett-fi","10":"product_tag-e-kinkekaart-fi","11":"product_tag-kingitus-mehele-fi","12":"product_tag-kingitus-naisele-fi","13":"product_tag-kinkekaardid-fi","14":"product_tag-kinkekaart-fi","15":"product_tag-laskmine-fi","16":"product_tag-laskmispakett-fi","17":"product_tag-mida-teha-tallinnas-fi","18":"product_tag-tondi-lasketiir-fi","20":"first","21":"instock","22":"taxable","23":"shipping-taxable","24":"purchasable","25":"product-type-simple"},"acf":[],"yoast_head":"<!-- This site is optimized with the Yoast SEO Premium plugin v25.9 (Yoast SEO v27.4) - https:\/\/yoast.com\/product\/yoast-seo-premium-wordpress\/ -->\n<title>Minun ensimm\u00e4inen paukkuni - Laskmine<\/title>\n<meta name=\"robots\" content=\"index, follow, max-snippet:-1, max-image-preview:large, max-video-preview:-1\" \/>\n<link rel=\"canonical\" href=\"https:\/\/laskmine.ee\/fi\/tuote\/lahjakortit-minun-ensimmainen-paukkuni\/\" \/>\n<meta property=\"og:locale\" content=\"fi_FI\" \/>\n<meta property=\"og:type\" content=\"article\" \/>\n<meta property=\"og:title\" content=\"Minun ensimm\u00e4inen paukkuni\" \/>\n<meta property=\"og:description\" content=\"\u201dMinun Ensimm\u00e4inen Paukkuni!\u201d on tarkoitettu niille aseista ja ampumisesta kiinnostuneille, joilla ei viel\u00e4 ole ampumisesta kokemusta. Mit\u00e4\u00e4n ei tarvitse pel\u00e4t\u00e4, sill\u00e4 aloittelevalle paukuttajalle kaikki selvitet\u00e4\u00e4n etuk\u00e4teen, Sinun sukupuolestasi, i\u00e4st\u00e4si, koulutuksestasi ja liipaisinsormesi herkkyydest\u00e4 riippumatta. Juuri t\u00e4st\u00e4 p\u00e4iv\u00e4st\u00e4 voi saada alkunsa Sinun urheiluampujan tai vaikkapa tarkkuusampujan ainutlaatuinen urasi!  Ampuminen tapahtuu kahdella valitulla aseella.  Pakettiin kuuluu:   Turvallisuustekniikan s\u00e4\u00e4nt\u00f6jen esittely ja ohjaus.  T\u00e4t\u00e4 seuraa aseiden esittely ja kokeilu ohjaajan johdolla.  Kesto: n. 1h  \u201dMinun Ensimm\u00e4inen Paukkuni!\u201d on tarkoitettu niille aseista ja ampumisesta kiinnostuneille, joilla ei viel\u00e4 ole ampumisesta kokemusta.\" \/>\n<meta property=\"og:url\" content=\"https:\/\/laskmine.ee\/fi\/tuote\/lahjakortit-minun-ensimmainen-paukkuni\/\" \/>\n<meta property=\"og:site_name\" content=\"Laskmine\" \/>\n<meta property=\"article:publisher\" content=\"https:\/\/www.facebook.com\/Tondilasketiir\/\" \/>\n<meta property=\"article:modified_time\" content=\"2026-01-01T15:19:35+00:00\" \/>\n<meta property=\"og:image\" content=\"https:\/\/laskmine.ee\/content\/uploads\/2016\/11\/minu-esimene-pauk.jpg\" \/>\n\t<meta property=\"og:image:width\" content=\"600\" \/>\n\t<meta property=\"og:image:height\" content=\"600\" \/>\n\t<meta property=\"og:image:type\" content=\"image\/jpeg\" \/>\n<meta name=\"twitter:card\" content=\"summary_large_image\" \/>\n<meta name=\"twitter:site\" content=\"@combattrainings\" \/>\n<script type=\"application\/ld+json\" class=\"yoast-schema-graph\">{\"@context\":\"https:\\\/\\\/schema.org\",\"@graph\":[{\"@type\":\"WebPage\",\"@id\":\"https:\\\/\\\/laskmine.ee\\\/fi\\\/tuote\\\/lahjakortit-minun-ensimmainen-paukkuni\\\/\",\"url\":\"https:\\\/\\\/laskmine.ee\\\/fi\\\/tuote\\\/lahjakortit-minun-ensimmainen-paukkuni\\\/\",\"name\":\"Minun ensimm\u00e4inen paukkuni - Laskmine\",\"isPartOf\":{\"@id\":\"https:\\\/\\\/laskmine.ee\\\/#website\"},\"primaryImageOfPage\":{\"@id\":\"https:\\\/\\\/laskmine.ee\\\/fi\\\/tuote\\\/lahjakortit-minun-ensimmainen-paukkuni\\\/#primaryimage\"},\"image\":{\"@id\":\"https:\\\/\\\/laskmine.ee\\\/fi\\\/tuote\\\/lahjakortit-minun-ensimmainen-paukkuni\\\/#primaryimage\"},\"thumbnailUrl\":\"https:\\\/\\\/laskmine.ee\\\/wp-content\\\/uploads\\\/2016\\\/11\\\/minu-esimene-pauk.jpg\",\"datePublished\":\"2016-03-30T13:20:07+00:00\",\"dateModified\":\"2026-01-01T15:19:35+00:00\",\"breadcrumb\":{\"@id\":\"https:\\\/\\\/laskmine.ee\\\/fi\\\/tuote\\\/lahjakortit-minun-ensimmainen-paukkuni\\\/#breadcrumb\"},\"inLanguage\":\"fi\",\"potentialAction\":[{\"@type\":\"ReadAction\",\"target\":[\"https:\\\/\\\/laskmine.ee\\\/fi\\\/tuote\\\/lahjakortit-minun-ensimmainen-paukkuni\\\/\"]}]},{\"@type\":\"ImageObject\",\"inLanguage\":\"fi\",\"@id\":\"https:\\\/\\\/laskmine.ee\\\/fi\\\/tuote\\\/lahjakortit-minun-ensimmainen-paukkuni\\\/#primaryimage\",\"url\":\"https:\\\/\\\/laskmine.ee\\\/wp-content\\\/uploads\\\/2016\\\/11\\\/minu-esimene-pauk.jpg\",\"contentUrl\":\"https:\\\/\\\/laskmine.ee\\\/wp-content\\\/uploads\\\/2016\\\/11\\\/minu-esimene-pauk.jpg\",\"width\":600,\"height\":600,\"caption\":\"Minu Esimene Pauk, Tondi Lasketiir, Kinkekaart\"},{\"@type\":\"BreadcrumbList\",\"@id\":\"https:\\\/\\\/laskmine.ee\\\/fi\\\/tuote\\\/lahjakortit-minun-ensimmainen-paukkuni\\\/#breadcrumb\",\"itemListElement\":[{\"@type\":\"ListItem\",\"position\":1,\"name\":\"Home\",\"item\":\"https:\\\/\\\/laskmine.ee\\\/fi\\\/\"},{\"@type\":\"ListItem\",\"position\":2,\"name\":\"Kinkekaardid\",\"item\":\"https:\\\/\\\/laskmine.ee\\\/fi\\\/kinkekaardid\\\/\"},{\"@type\":\"ListItem\",\"position\":3,\"name\":\"Minun ensimm\u00e4inen paukkuni\"}]},{\"@type\":\"WebSite\",\"@id\":\"https:\\\/\\\/laskmine.ee\\\/#website\",\"url\":\"https:\\\/\\\/laskmine.ee\\\/\",\"name\":\"Tondi Lasketiir\",\"description\":\"Tondi Lasketiir\",\"publisher\":{\"@id\":\"https:\\\/\\\/laskmine.ee\\\/#organization\"},\"potentialAction\":[{\"@type\":\"SearchAction\",\"target\":{\"@type\":\"EntryPoint\",\"urlTemplate\":\"https:\\\/\\\/laskmine.ee\\\/?s={search_term_string}\"},\"query-input\":{\"@type\":\"PropertyValueSpecification\",\"valueRequired\":true,\"valueName\":\"search_term_string\"}}],\"inLanguage\":\"fi\"},{\"@type\":\"Organization\",\"@id\":\"https:\\\/\\\/laskmine.ee\\\/#organization\",\"name\":\"Tondi Lasketiir\",\"url\":\"https:\\\/\\\/laskmine.ee\\\/\",\"logo\":{\"@type\":\"ImageObject\",\"inLanguage\":\"fi\",\"@id\":\"https:\\\/\\\/laskmine.ee\\\/#\\\/schema\\\/logo\\\/image\\\/\",\"url\":\"https:\\\/\\\/laskmine.ee\\\/wp-content\\\/uploads\\\/2019\\\/09\\\/ghost-tactics-logo.svg\",\"contentUrl\":\"https:\\\/\\\/laskmine.ee\\\/wp-content\\\/uploads\\\/2019\\\/09\\\/ghost-tactics-logo.svg\",\"width\":1,\"height\":1,\"caption\":\"Tondi Lasketiir\"},\"image\":{\"@id\":\"https:\\\/\\\/laskmine.ee\\\/#\\\/schema\\\/logo\\\/image\\\/\"},\"sameAs\":[\"https:\\\/\\\/www.facebook.com\\\/Tondilasketiir\\\/\",\"https:\\\/\\\/x.com\\\/combattrainings\",\"https:\\\/\\\/www.instagram.com\\\/tondi_lasketiir\",\"https:\\\/\\\/www.pinterest.com\\\/TondiLasketiir\\\/\",\"https:\\\/\\\/www.youtube.com\\\/channel\\\/UCRr8G7eQqIN6E8niQ8HCB7w\"]}]}<\/script>\n<!-- \/ Yoast SEO Premium plugin. -->","yoast_head_json":{"title":"Minun ensimm\u00e4inen paukkuni - Laskmine","robots":{"index":"index","follow":"follow","max-snippet":"max-snippet:-1","max-image-preview":"max-image-preview:large","max-video-preview":"max-video-preview:-1"},"canonical":"https:\/\/laskmine.ee\/fi\/tuote\/lahjakortit-minun-ensimmainen-paukkuni\/","og_locale":"fi_FI","og_type":"article","og_title":"Minun ensimm\u00e4inen paukkuni","og_description":"\u201dMinun Ensimm\u00e4inen Paukkuni!\u201d on tarkoitettu niille aseista ja ampumisesta kiinnostuneille, joilla ei viel\u00e4 ole ampumisesta kokemusta. Mit\u00e4\u00e4n ei tarvitse pel\u00e4t\u00e4, sill\u00e4 aloittelevalle paukuttajalle kaikki selvitet\u00e4\u00e4n etuk\u00e4teen, Sinun sukupuolestasi, i\u00e4st\u00e4si, koulutuksestasi ja liipaisinsormesi herkkyydest\u00e4 riippumatta. Juuri t\u00e4st\u00e4 p\u00e4iv\u00e4st\u00e4 voi saada alkunsa Sinun urheiluampujan tai vaikkapa tarkkuusampujan ainutlaatuinen urasi!  Ampuminen tapahtuu kahdella valitulla aseella.  Pakettiin kuuluu:   Turvallisuustekniikan s\u00e4\u00e4nt\u00f6jen esittely ja ohjaus.  T\u00e4t\u00e4 seuraa aseiden esittely ja kokeilu ohjaajan johdolla.  Kesto: n. 1h  \u201dMinun Ensimm\u00e4inen Paukkuni!\u201d on tarkoitettu niille aseista ja ampumisesta kiinnostuneille, joilla ei viel\u00e4 ole ampumisesta kokemusta.","og_url":"https:\/\/laskmine.ee\/fi\/tuote\/lahjakortit-minun-ensimmainen-paukkuni\/","og_site_name":"Laskmine","article_publisher":"https:\/\/www.facebook.com\/Tondilasketiir\/","article_modified_time":"2026-01-01T15:19:35+00:00","og_image":[{"width":600,"height":600,"url":"https:\/\/laskmine.ee\/content\/uploads\/2016\/11\/minu-esimene-pauk.jpg","type":"image\/jpeg"}],"twitter_card":"summary_large_image","twitter_site":"@combattrainings","schema":{"@context":"https:\/\/schema.org","@graph":[{"@type":"WebPage","@id":"https:\/\/laskmine.ee\/fi\/tuote\/lahjakortit-minun-ensimmainen-paukkuni\/","url":"https:\/\/laskmine.ee\/fi\/tuote\/lahjakortit-minun-ensimmainen-paukkuni\/","name":"Minun ensimm\u00e4inen paukkuni - Laskmine","isPartOf":{"@id":"https:\/\/laskmine.ee\/#website"},"primaryImageOfPage":{"@id":"https:\/\/laskmine.ee\/fi\/tuote\/lahjakortit-minun-ensimmainen-paukkuni\/#primaryimage"},"image":{"@id":"https:\/\/laskmine.ee\/fi\/tuote\/lahjakortit-minun-ensimmainen-paukkuni\/#primaryimage"},"thumbnailUrl":"https:\/\/laskmine.ee\/wp-content\/uploads\/2016\/11\/minu-esimene-pauk.jpg","datePublished":"2016-03-30T13:20:07+00:00","dateModified":"2026-01-01T15:19:35+00:00","breadcrumb":{"@id":"https:\/\/laskmine.ee\/fi\/tuote\/lahjakortit-minun-ensimmainen-paukkuni\/#breadcrumb"},"inLanguage":"fi","potentialAction":[{"@type":"ReadAction","target":["https:\/\/laskmine.ee\/fi\/tuote\/lahjakortit-minun-ensimmainen-paukkuni\/"]}]},{"@type":"ImageObject","inLanguage":"fi","@id":"https:\/\/laskmine.ee\/fi\/tuote\/lahjakortit-minun-ensimmainen-paukkuni\/#primaryimage","url":"https:\/\/laskmine.ee\/wp-content\/uploads\/2016\/11\/minu-esimene-pauk.jpg","contentUrl":"https:\/\/laskmine.ee\/wp-content\/uploads\/2016\/11\/minu-esimene-pauk.jpg","width":600,"height":600,"caption":"Minu Esimene Pauk, Tondi Lasketiir, Kinkekaart"},{"@type":"BreadcrumbList","@id":"https:\/\/laskmine.ee\/fi\/tuote\/lahjakortit-minun-ensimmainen-paukkuni\/#breadcrumb","itemListElement":[{"@type":"ListItem","position":1,"name":"Home","item":"https:\/\/laskmine.ee\/fi\/"},{"@type":"ListItem","position":2,"name":"Kinkekaardid","item":"https:\/\/laskmine.ee\/fi\/kinkekaardid\/"},{"@type":"ListItem","position":3,"name":"Minun ensimm\u00e4inen paukkuni"}]},{"@type":"WebSite","@id":"https:\/\/laskmine.ee\/#website","url":"https:\/\/laskmine.ee\/","name":"Tondi Lasketiir","description":"Tondi Lasketiir","publisher":{"@id":"https:\/\/laskmine.ee\/#organization"},"potentialAction":[{"@type":"SearchAction","target":{"@type":"EntryPoint","urlTemplate":"https:\/\/laskmine.ee\/?s={search_term_string}"},"query-input":{"@type":"PropertyValueSpecification","valueRequired":true,"valueName":"search_term_string"}}],"inLanguage":"fi"},{"@type":"Organization","@id":"https:\/\/laskmine.ee\/#organization","name":"Tondi Lasketiir","url":"https:\/\/laskmine.ee\/","logo":{"@type":"ImageObject","inLanguage":"fi","@id":"https:\/\/laskmine.ee\/#\/schema\/logo\/image\/","url":"https:\/\/laskmine.ee\/wp-content\/uploads\/2019\/09\/ghost-tactics-logo.svg","contentUrl":"https:\/\/laskmine.ee\/wp-content\/uploads\/2019\/09\/ghost-tactics-logo.svg","width":1,"height":1,"caption":"Tondi Lasketiir"},"image":{"@id":"https:\/\/laskmine.ee\/#\/schema\/logo\/image\/"},"sameAs":["https:\/\/www.facebook.com\/Tondilasketiir\/","https:\/\/x.com\/combattrainings","https:\/\/www.instagram.com\/tondi_lasketiir","https:\/\/www.pinterest.com\/TondiLasketiir\/","https:\/\/www.youtube.com\/channel\/UCRr8G7eQqIN6E8niQ8HCB7w"]}]}},"_links":{"self":[{"href":"https:\/\/laskmine.ee\/fi\/wp-json\/wp\/v2\/product\/70649","targetHints":{"allow":["GET"]}}],"collection":[{"href":"https:\/\/laskmine.ee\/fi\/wp-json\/wp\/v2\/product"}],"about":[{"href":"https:\/\/laskmine.ee\/fi\/wp-json\/wp\/v2\/types\/product"}],"wp:featuredmedia":[{"embeddable":true,"href":"https:\/\/laskmine.ee\/fi\/wp-json\/wp\/v2\/media\/71888"}],"wp:attachment":[{"href":"https:\/\/laskmine.ee\/fi\/wp-json\/wp\/v2\/media?parent=70649"}],"wp:term":[{"taxonomy":"product_brand","embeddable":true,"href":"https:\/\/laskmine.ee\/fi\/wp-json\/wp\/v2\/product_brand?post=70649"},{"taxonomy":"product_cat","embeddable":true,"href":"https:\/\/laskmine.ee\/fi\/wp-json\/wp\/v2\/product_cat?post=70649"},{"taxonomy":"product_tag","embeddable":true,"href":"https:\/\/laskmine.ee\/fi\/wp-json\/wp\/v2\/product_tag?post=70649"}],"curies":[{"name":"wp","href":"https:\/\/api.w.org\/{rel}","templated":true}]}}