{"id":71071,"date":"2016-03-30T16:20:15","date_gmt":"2016-03-30T13:20:15","guid":{"rendered":"http:\/\/uus.laskmine.ee\/?post_type=product&#038;p=71071"},"modified":"2026-01-01T17:19:34","modified_gmt":"2026-01-01T15:19:34","slug":"shooting-foreplay","status":"publish","type":"product","link":"https:\/\/laskmine.ee\/fi\/tuote\/shooting-foreplay\/","title":{"rendered":"Shooting Foreplay"},"content":{"rendered":"<p>Olet ajatellut, ett\u00e4 haluat oppia lis\u00e4\u00e4 aseista ja haluat my\u00f6s kokeilla ampumista, etk\u00e4 vain yhdell\u00e4 aseella, vaan useammilla?<\/p>\n<p>Siin\u00e4 tapauksessa Foreplay on juuri Sinulle \u2013 saat oppia, kokeilla ja l\u00f6yt\u00e4\u00e4 uutta \u2013 j\u00e4nnitys ja hyv\u00e4 kokemus ovat taatut!<\/p>\n<p>Pakettiin kuuluu:<br \/>\nGlock CAA<br \/>\nWinchester<br \/>\nWalther PPQ<br \/>\nKala\u0161nikov<br \/>\nPakettiin kuuluu:<br \/>\nTurvallisuustekniikan s\u00e4\u00e4nt\u00f6jen esittely ja ohjaus.<br \/>\nT\u00e4t\u00e4 seuraa aseiden esittely ja kokeilu ohjaajan johdolla.<\/p>\n<p>Kesto: n. 1h<\/p>\n<p>Oletko ampumaradalla ensimm\u00e4ist\u00e4 kertaa vai jo kokeneempi? T\u00e4m\u00e4 nelj\u00e4n aseen paketti sopii ihanteellisesti kaikille \u2013 saat kokeilla pistoolia, konepistoolia, pumppuhaulikkoa ja jopa Kala\u0161nikov-rynn\u00e4kk\u00f6kiv\u00e4\u00e4ri\u00e4!<\/p>\n","protected":false},"excerpt":{"rendered":"<p>Olet ajatellut, ett\u00e4 haluat oppia lis\u00e4\u00e4 aseista ja haluat my\u00f6s kokeilla ampumista, etk\u00e4 vain yhdell\u00e4 aseella, vaan useammilla? Siin\u00e4 tapauksessa Foreplay on juuri Sinulle \u2013 saat oppia, kokeilla ja l\u00f6yt\u00e4\u00e4 uutta \u2013 j\u00e4nnitys ja hyv\u00e4 kokemus ovat taatut! Pakettiin kuuluu: Glock CAA Winchester Walther PPQ Kala\u0161nikov Pakettiin kuuluu: Turvallisuustekniikan s\u00e4\u00e4nt\u00f6jen esittely ja ohjaus. T\u00e4t\u00e4 seuraa [&hellip;]<\/p>\n","protected":false},"featured_media":71897,"template":"","meta":{"_acf_changed":false},"product_brand":[],"product_cat":[427,81,85,428],"product_tag":[429,760,761,748,202,204,749,779,780,206],"class_list":{"0":"post-71071","1":"product","2":"type-product","3":"status-publish","4":"has-post-thumbnail","6":"product_cat-e-kinkekaart-fi","7":"product_cat-kinkekaardid-fi","8":"product_cat-lahjakortti","9":"product_cat-laskmispakett-fi","10":"product_tag-e-kinkekaart-fi","11":"product_tag-kingitus-mehele-fi","12":"product_tag-kingitus-naisele-fi","13":"product_tag-kinkekaardid-fi","14":"product_tag-kinkekaart-fi","15":"product_tag-lasketiiru-kinkekaart-fi","16":"product_tag-laskmine-fi","17":"product_tag-laskmispakett-fi","18":"product_tag-mida-teha-tallinnas-fi","19":"product_tag-tondi-lasketiir-fi","21":"first","22":"instock","23":"taxable","24":"shipping-taxable","25":"purchasable","26":"product-type-simple"},"acf":[],"yoast_head":"<!-- This site is optimized with the Yoast SEO Premium plugin v25.9 (Yoast SEO v27.4) - https:\/\/yoast.com\/product\/yoast-seo-premium-wordpress\/ -->\n<title>Shooting Foreplay - Laskmine<\/title>\n<meta name=\"robots\" content=\"index, follow, max-snippet:-1, max-image-preview:large, max-video-preview:-1\" \/>\n<link rel=\"canonical\" href=\"https:\/\/laskmine.ee\/fi\/tuote\/shooting-foreplay\/\" \/>\n<meta property=\"og:locale\" content=\"fi_FI\" \/>\n<meta property=\"og:type\" content=\"article\" \/>\n<meta property=\"og:title\" content=\"Shooting Foreplay\" \/>\n<meta property=\"og:description\" content=\"Olet ajatellut, ett\u00e4 haluat oppia lis\u00e4\u00e4 aseista ja haluat my\u00f6s kokeilla ampumista, etk\u00e4 vain yhdell\u00e4 aseella, vaan useammilla? Siin\u00e4 tapauksessa Foreplay on juuri Sinulle \u2013 saat oppia, kokeilla ja l\u00f6yt\u00e4\u00e4 uutta \u2013 j\u00e4nnitys ja hyv\u00e4 kokemus ovat taatut! Pakettiin kuuluu: Glock CAA Winchester Walther PPQ Kala\u0161nikov Pakettiin kuuluu: Turvallisuustekniikan s\u00e4\u00e4nt\u00f6jen esittely ja ohjaus. T\u00e4t\u00e4 seuraa [&hellip;]\" \/>\n<meta property=\"og:url\" content=\"https:\/\/laskmine.ee\/fi\/tuote\/shooting-foreplay\/\" \/>\n<meta property=\"og:site_name\" content=\"Laskmine\" \/>\n<meta property=\"article:publisher\" content=\"https:\/\/www.facebook.com\/Tondilasketiir\/\" \/>\n<meta property=\"article:modified_time\" content=\"2026-01-01T15:19:34+00:00\" \/>\n<meta property=\"og:image\" content=\"https:\/\/laskmine.ee\/content\/uploads\/2016\/11\/Shooting-foreplay.jpg\" \/>\n\t<meta property=\"og:image:width\" content=\"600\" \/>\n\t<meta property=\"og:image:height\" content=\"600\" \/>\n\t<meta property=\"og:image:type\" content=\"image\/jpeg\" \/>\n<meta name=\"twitter:card\" content=\"summary_large_image\" \/>\n<meta name=\"twitter:site\" content=\"@combattrainings\" \/>\n<script type=\"application\/ld+json\" class=\"yoast-schema-graph\">{\"@context\":\"https:\\\/\\\/schema.org\",\"@graph\":[{\"@type\":\"WebPage\",\"@id\":\"https:\\\/\\\/laskmine.ee\\\/fi\\\/tuote\\\/shooting-foreplay\\\/\",\"url\":\"https:\\\/\\\/laskmine.ee\\\/fi\\\/tuote\\\/shooting-foreplay\\\/\",\"name\":\"Shooting Foreplay - Laskmine\",\"isPartOf\":{\"@id\":\"https:\\\/\\\/laskmine.ee\\\/#website\"},\"primaryImageOfPage\":{\"@id\":\"https:\\\/\\\/laskmine.ee\\\/fi\\\/tuote\\\/shooting-foreplay\\\/#primaryimage\"},\"image\":{\"@id\":\"https:\\\/\\\/laskmine.ee\\\/fi\\\/tuote\\\/shooting-foreplay\\\/#primaryimage\"},\"thumbnailUrl\":\"https:\\\/\\\/laskmine.ee\\\/wp-content\\\/uploads\\\/2016\\\/11\\\/Shooting-foreplay.jpg\",\"datePublished\":\"2016-03-30T13:20:15+00:00\",\"dateModified\":\"2026-01-01T15:19:34+00:00\",\"breadcrumb\":{\"@id\":\"https:\\\/\\\/laskmine.ee\\\/fi\\\/tuote\\\/shooting-foreplay\\\/#breadcrumb\"},\"inLanguage\":\"fi\",\"potentialAction\":[{\"@type\":\"ReadAction\",\"target\":[\"https:\\\/\\\/laskmine.ee\\\/fi\\\/tuote\\\/shooting-foreplay\\\/\"]}]},{\"@type\":\"ImageObject\",\"inLanguage\":\"fi\",\"@id\":\"https:\\\/\\\/laskmine.ee\\\/fi\\\/tuote\\\/shooting-foreplay\\\/#primaryimage\",\"url\":\"https:\\\/\\\/laskmine.ee\\\/wp-content\\\/uploads\\\/2016\\\/11\\\/Shooting-foreplay.jpg\",\"contentUrl\":\"https:\\\/\\\/laskmine.ee\\\/wp-content\\\/uploads\\\/2016\\\/11\\\/Shooting-foreplay.jpg\",\"width\":600,\"height\":600,\"caption\":\"Shooting Foreplay Tondi lasketiir\"},{\"@type\":\"BreadcrumbList\",\"@id\":\"https:\\\/\\\/laskmine.ee\\\/fi\\\/tuote\\\/shooting-foreplay\\\/#breadcrumb\",\"itemListElement\":[{\"@type\":\"ListItem\",\"position\":1,\"name\":\"Home\",\"item\":\"https:\\\/\\\/laskmine.ee\\\/fi\\\/\"},{\"@type\":\"ListItem\",\"position\":2,\"name\":\"Kinkekaardid\",\"item\":\"https:\\\/\\\/laskmine.ee\\\/fi\\\/kinkekaardid\\\/\"},{\"@type\":\"ListItem\",\"position\":3,\"name\":\"Shooting Foreplay\"}]},{\"@type\":\"WebSite\",\"@id\":\"https:\\\/\\\/laskmine.ee\\\/#website\",\"url\":\"https:\\\/\\\/laskmine.ee\\\/\",\"name\":\"Tondi Lasketiir\",\"description\":\"Tondi Lasketiir\",\"publisher\":{\"@id\":\"https:\\\/\\\/laskmine.ee\\\/#organization\"},\"potentialAction\":[{\"@type\":\"SearchAction\",\"target\":{\"@type\":\"EntryPoint\",\"urlTemplate\":\"https:\\\/\\\/laskmine.ee\\\/?s={search_term_string}\"},\"query-input\":{\"@type\":\"PropertyValueSpecification\",\"valueRequired\":true,\"valueName\":\"search_term_string\"}}],\"inLanguage\":\"fi\"},{\"@type\":\"Organization\",\"@id\":\"https:\\\/\\\/laskmine.ee\\\/#organization\",\"name\":\"Tondi Lasketiir\",\"url\":\"https:\\\/\\\/laskmine.ee\\\/\",\"logo\":{\"@type\":\"ImageObject\",\"inLanguage\":\"fi\",\"@id\":\"https:\\\/\\\/laskmine.ee\\\/#\\\/schema\\\/logo\\\/image\\\/\",\"url\":\"https:\\\/\\\/laskmine.ee\\\/wp-content\\\/uploads\\\/2019\\\/09\\\/ghost-tactics-logo.svg\",\"contentUrl\":\"https:\\\/\\\/laskmine.ee\\\/wp-content\\\/uploads\\\/2019\\\/09\\\/ghost-tactics-logo.svg\",\"width\":1,\"height\":1,\"caption\":\"Tondi Lasketiir\"},\"image\":{\"@id\":\"https:\\\/\\\/laskmine.ee\\\/#\\\/schema\\\/logo\\\/image\\\/\"},\"sameAs\":[\"https:\\\/\\\/www.facebook.com\\\/Tondilasketiir\\\/\",\"https:\\\/\\\/x.com\\\/combattrainings\",\"https:\\\/\\\/www.instagram.com\\\/tondi_lasketiir\",\"https:\\\/\\\/www.pinterest.com\\\/TondiLasketiir\\\/\",\"https:\\\/\\\/www.youtube.com\\\/channel\\\/UCRr8G7eQqIN6E8niQ8HCB7w\"]}]}<\/script>\n<!-- \/ Yoast SEO Premium plugin. -->","yoast_head_json":{"title":"Shooting Foreplay - Laskmine","robots":{"index":"index","follow":"follow","max-snippet":"max-snippet:-1","max-image-preview":"max-image-preview:large","max-video-preview":"max-video-preview:-1"},"canonical":"https:\/\/laskmine.ee\/fi\/tuote\/shooting-foreplay\/","og_locale":"fi_FI","og_type":"article","og_title":"Shooting Foreplay","og_description":"Olet ajatellut, ett\u00e4 haluat oppia lis\u00e4\u00e4 aseista ja haluat my\u00f6s kokeilla ampumista, etk\u00e4 vain yhdell\u00e4 aseella, vaan useammilla? Siin\u00e4 tapauksessa Foreplay on juuri Sinulle \u2013 saat oppia, kokeilla ja l\u00f6yt\u00e4\u00e4 uutta \u2013 j\u00e4nnitys ja hyv\u00e4 kokemus ovat taatut! Pakettiin kuuluu: Glock CAA Winchester Walther PPQ Kala\u0161nikov Pakettiin kuuluu: Turvallisuustekniikan s\u00e4\u00e4nt\u00f6jen esittely ja ohjaus. T\u00e4t\u00e4 seuraa [&hellip;]","og_url":"https:\/\/laskmine.ee\/fi\/tuote\/shooting-foreplay\/","og_site_name":"Laskmine","article_publisher":"https:\/\/www.facebook.com\/Tondilasketiir\/","article_modified_time":"2026-01-01T15:19:34+00:00","og_image":[{"width":600,"height":600,"url":"https:\/\/laskmine.ee\/content\/uploads\/2016\/11\/Shooting-foreplay.jpg","type":"image\/jpeg"}],"twitter_card":"summary_large_image","twitter_site":"@combattrainings","schema":{"@context":"https:\/\/schema.org","@graph":[{"@type":"WebPage","@id":"https:\/\/laskmine.ee\/fi\/tuote\/shooting-foreplay\/","url":"https:\/\/laskmine.ee\/fi\/tuote\/shooting-foreplay\/","name":"Shooting Foreplay - Laskmine","isPartOf":{"@id":"https:\/\/laskmine.ee\/#website"},"primaryImageOfPage":{"@id":"https:\/\/laskmine.ee\/fi\/tuote\/shooting-foreplay\/#primaryimage"},"image":{"@id":"https:\/\/laskmine.ee\/fi\/tuote\/shooting-foreplay\/#primaryimage"},"thumbnailUrl":"https:\/\/laskmine.ee\/wp-content\/uploads\/2016\/11\/Shooting-foreplay.jpg","datePublished":"2016-03-30T13:20:15+00:00","dateModified":"2026-01-01T15:19:34+00:00","breadcrumb":{"@id":"https:\/\/laskmine.ee\/fi\/tuote\/shooting-foreplay\/#breadcrumb"},"inLanguage":"fi","potentialAction":[{"@type":"ReadAction","target":["https:\/\/laskmine.ee\/fi\/tuote\/shooting-foreplay\/"]}]},{"@type":"ImageObject","inLanguage":"fi","@id":"https:\/\/laskmine.ee\/fi\/tuote\/shooting-foreplay\/#primaryimage","url":"https:\/\/laskmine.ee\/wp-content\/uploads\/2016\/11\/Shooting-foreplay.jpg","contentUrl":"https:\/\/laskmine.ee\/wp-content\/uploads\/2016\/11\/Shooting-foreplay.jpg","width":600,"height":600,"caption":"Shooting Foreplay Tondi lasketiir"},{"@type":"BreadcrumbList","@id":"https:\/\/laskmine.ee\/fi\/tuote\/shooting-foreplay\/#breadcrumb","itemListElement":[{"@type":"ListItem","position":1,"name":"Home","item":"https:\/\/laskmine.ee\/fi\/"},{"@type":"ListItem","position":2,"name":"Kinkekaardid","item":"https:\/\/laskmine.ee\/fi\/kinkekaardid\/"},{"@type":"ListItem","position":3,"name":"Shooting Foreplay"}]},{"@type":"WebSite","@id":"https:\/\/laskmine.ee\/#website","url":"https:\/\/laskmine.ee\/","name":"Tondi Lasketiir","description":"Tondi Lasketiir","publisher":{"@id":"https:\/\/laskmine.ee\/#organization"},"potentialAction":[{"@type":"SearchAction","target":{"@type":"EntryPoint","urlTemplate":"https:\/\/laskmine.ee\/?s={search_term_string}"},"query-input":{"@type":"PropertyValueSpecification","valueRequired":true,"valueName":"search_term_string"}}],"inLanguage":"fi"},{"@type":"Organization","@id":"https:\/\/laskmine.ee\/#organization","name":"Tondi Lasketiir","url":"https:\/\/laskmine.ee\/","logo":{"@type":"ImageObject","inLanguage":"fi","@id":"https:\/\/laskmine.ee\/#\/schema\/logo\/image\/","url":"https:\/\/laskmine.ee\/wp-content\/uploads\/2019\/09\/ghost-tactics-logo.svg","contentUrl":"https:\/\/laskmine.ee\/wp-content\/uploads\/2019\/09\/ghost-tactics-logo.svg","width":1,"height":1,"caption":"Tondi Lasketiir"},"image":{"@id":"https:\/\/laskmine.ee\/#\/schema\/logo\/image\/"},"sameAs":["https:\/\/www.facebook.com\/Tondilasketiir\/","https:\/\/x.com\/combattrainings","https:\/\/www.instagram.com\/tondi_lasketiir","https:\/\/www.pinterest.com\/TondiLasketiir\/","https:\/\/www.youtube.com\/channel\/UCRr8G7eQqIN6E8niQ8HCB7w"]}]}},"_links":{"self":[{"href":"https:\/\/laskmine.ee\/fi\/wp-json\/wp\/v2\/product\/71071","targetHints":{"allow":["GET"]}}],"collection":[{"href":"https:\/\/laskmine.ee\/fi\/wp-json\/wp\/v2\/product"}],"about":[{"href":"https:\/\/laskmine.ee\/fi\/wp-json\/wp\/v2\/types\/product"}],"wp:featuredmedia":[{"embeddable":true,"href":"https:\/\/laskmine.ee\/fi\/wp-json\/wp\/v2\/media\/71897"}],"wp:attachment":[{"href":"https:\/\/laskmine.ee\/fi\/wp-json\/wp\/v2\/media?parent=71071"}],"wp:term":[{"taxonomy":"product_brand","embeddable":true,"href":"https:\/\/laskmine.ee\/fi\/wp-json\/wp\/v2\/product_brand?post=71071"},{"taxonomy":"product_cat","embeddable":true,"href":"https:\/\/laskmine.ee\/fi\/wp-json\/wp\/v2\/product_cat?post=71071"},{"taxonomy":"product_tag","embeddable":true,"href":"https:\/\/laskmine.ee\/fi\/wp-json\/wp\/v2\/product_tag?post=71071"}],"curies":[{"name":"wp","href":"https:\/\/api.w.org\/{rel}","templated":true}]}}