{"id":71074,"date":"2016-03-30T16:13:20","date_gmt":"2016-03-30T13:13:20","guid":{"rendered":"http:\/\/uus.laskmine.ee\/?post_type=product&#038;p=71074"},"modified":"2026-01-01T17:19:35","modified_gmt":"2026-01-01T15:19:35","slug":"dynaaminen-duo","status":"publish","type":"product","link":"https:\/\/laskmine.ee\/fi\/tuote\/dynaaminen-duo\/","title":{"rendered":"Dynaaminen duo"},"content":{"rendered":"<p>Haluaisit kokeilla ampumista, mutta yksin se on outoa ja seurueessa meluisaa? Sinulla on se \u201derityinen joku\u201d, jonka kanssa voisit ampua avaruuteen vaikkapa tuhat kuulaa? Mutta mik\u00e4s siin\u00e4 \u2013 ota mukaan heilasi, yst\u00e4v\u00e4si tai ty\u00f6toverisi, appesi tai anoppisi, naapurin mies tai yst\u00e4v\u00e4n vaimo, ja tulkaa ampumaan! Varmasti mieleenpainuvaa!<\/p>\n<p>Aseet:<br \/>\nPistooli Glock 10+10 laukausta<br \/>\nPistooli Sig-Sauer 10+10 laukausta<br \/>\nRevolveri Taurus 5+5 laukausta<br \/>\nKonepistooli BT APC9 15+15 laukausta<br \/>\nKala\u0161nikov (AK-47) 10+10 laukausta<strong><br \/>\n<\/strong><\/p>\n<p>Haluatko viett\u00e4\u00e4 yst\u00e4v\u00e4si tai puolisosi kanssa ampumaradalla mukavasti aikaa ja kokeilla yhden aseen sijasta useita aseita \u2013 silloin t\u00e4m\u00e4 paketti on Sinulle se oikea! Paintball ja airsoft kalpenevat OIKEAN ammunnan ohella \u2013 tule paikalle!<\/p>\n","protected":false},"excerpt":{"rendered":"<p>Haluaisit kokeilla ampumista, mutta yksin se on outoa ja seurueessa meluisaa? Sinulla on se \u201derityinen joku\u201d, jonka kanssa voisit ampua avaruuteen vaikkapa tuhat kuulaa? Mutta mik\u00e4s siin\u00e4 \u2013 ota mukaan heilasi, yst\u00e4v\u00e4si tai ty\u00f6toverisi, appesi tai anoppisi, naapurin mies tai yst\u00e4v\u00e4n vaimo, ja tulkaa ampumaan! Varmasti mieleenpainuvaa! Aseet: Pistooli Glock 10+10 laukausta Pistooli Sig-Sauer 10+10 [&hellip;]<\/p>\n","protected":false},"featured_media":71873,"template":"","meta":{"_acf_changed":false},"product_brand":[],"product_cat":[427,81,85,428],"product_tag":[429,760,761,748,202,204,749,779,780,206],"class_list":{"0":"post-71074","1":"product","2":"type-product","3":"status-publish","4":"has-post-thumbnail","6":"product_cat-e-kinkekaart-fi","7":"product_cat-kinkekaardid-fi","8":"product_cat-lahjakortti","9":"product_cat-laskmispakett-fi","10":"product_tag-e-kinkekaart-fi","11":"product_tag-kingitus-mehele-fi","12":"product_tag-kingitus-naisele-fi","13":"product_tag-kinkekaardid-fi","14":"product_tag-kinkekaart-fi","15":"product_tag-lasketiiru-kinkekaart-fi","16":"product_tag-laskmine-fi","17":"product_tag-laskmispakett-fi","18":"product_tag-mida-teha-tallinnas-fi","19":"product_tag-tondi-lasketiir-fi","21":"first","22":"instock","23":"taxable","24":"shipping-taxable","25":"purchasable","26":"product-type-simple"},"acf":[],"yoast_head":"<!-- This site is optimized with the Yoast SEO Premium plugin v25.9 (Yoast SEO v27.4) - https:\/\/yoast.com\/product\/yoast-seo-premium-wordpress\/ -->\n<title>Dynaaminen duo - Laskmine<\/title>\n<meta name=\"robots\" content=\"index, follow, max-snippet:-1, max-image-preview:large, max-video-preview:-1\" \/>\n<link rel=\"canonical\" href=\"https:\/\/laskmine.ee\/fi\/tuote\/dynaaminen-duo\/\" \/>\n<meta property=\"og:locale\" content=\"fi_FI\" \/>\n<meta property=\"og:type\" content=\"article\" \/>\n<meta property=\"og:title\" content=\"Dynaaminen duo\" \/>\n<meta property=\"og:description\" content=\"Haluaisit kokeilla ampumista, mutta yksin se on outoa ja seurueessa meluisaa? Sinulla on se \u201derityinen joku\u201d, jonka kanssa voisit ampua avaruuteen vaikkapa tuhat kuulaa? Mutta mik\u00e4s siin\u00e4 \u2013 ota mukaan heilasi, yst\u00e4v\u00e4si tai ty\u00f6toverisi, appesi tai anoppisi, naapurin mies tai yst\u00e4v\u00e4n vaimo, ja tulkaa ampumaan! Varmasti mieleenpainuvaa! Aseet: Pistooli Glock 10+10 laukausta Pistooli Sig-Sauer 10+10 [&hellip;]\" \/>\n<meta property=\"og:url\" content=\"https:\/\/laskmine.ee\/fi\/tuote\/dynaaminen-duo\/\" \/>\n<meta property=\"og:site_name\" content=\"Laskmine\" \/>\n<meta property=\"article:publisher\" content=\"https:\/\/www.facebook.com\/Tondilasketiir\/\" \/>\n<meta property=\"article:modified_time\" content=\"2026-01-01T15:19:35+00:00\" \/>\n<meta property=\"og:image\" content=\"https:\/\/laskmine.ee\/content\/uploads\/2016\/11\/Du\u0308naamiline-duo.jpg\" \/>\n\t<meta property=\"og:image:width\" content=\"600\" \/>\n\t<meta property=\"og:image:height\" content=\"600\" \/>\n\t<meta property=\"og:image:type\" content=\"image\/jpeg\" \/>\n<meta name=\"twitter:card\" content=\"summary_large_image\" \/>\n<meta name=\"twitter:site\" content=\"@combattrainings\" \/>\n<meta name=\"twitter:label1\" content=\"Arvioitu lukuaika\" \/>\n\t<meta name=\"twitter:data1\" content=\"1 minuutti\" \/>\n<script type=\"application\/ld+json\" class=\"yoast-schema-graph\">{\"@context\":\"https:\\\/\\\/schema.org\",\"@graph\":[{\"@type\":\"WebPage\",\"@id\":\"https:\\\/\\\/laskmine.ee\\\/fi\\\/tuote\\\/dynaaminen-duo\\\/\",\"url\":\"https:\\\/\\\/laskmine.ee\\\/fi\\\/tuote\\\/dynaaminen-duo\\\/\",\"name\":\"Dynaaminen duo - Laskmine\",\"isPartOf\":{\"@id\":\"https:\\\/\\\/laskmine.ee\\\/#website\"},\"primaryImageOfPage\":{\"@id\":\"https:\\\/\\\/laskmine.ee\\\/fi\\\/tuote\\\/dynaaminen-duo\\\/#primaryimage\"},\"image\":{\"@id\":\"https:\\\/\\\/laskmine.ee\\\/fi\\\/tuote\\\/dynaaminen-duo\\\/#primaryimage\"},\"thumbnailUrl\":\"https:\\\/\\\/laskmine.ee\\\/wp-content\\\/uploads\\\/2016\\\/11\\\/Du\u0308naamiline-duo.jpg\",\"datePublished\":\"2016-03-30T13:13:20+00:00\",\"dateModified\":\"2026-01-01T15:19:35+00:00\",\"breadcrumb\":{\"@id\":\"https:\\\/\\\/laskmine.ee\\\/fi\\\/tuote\\\/dynaaminen-duo\\\/#breadcrumb\"},\"inLanguage\":\"fi\",\"potentialAction\":[{\"@type\":\"ReadAction\",\"target\":[\"https:\\\/\\\/laskmine.ee\\\/fi\\\/tuote\\\/dynaaminen-duo\\\/\"]}]},{\"@type\":\"ImageObject\",\"inLanguage\":\"fi\",\"@id\":\"https:\\\/\\\/laskmine.ee\\\/fi\\\/tuote\\\/dynaaminen-duo\\\/#primaryimage\",\"url\":\"https:\\\/\\\/laskmine.ee\\\/wp-content\\\/uploads\\\/2016\\\/11\\\/Du\u0308naamiline-duo.jpg\",\"contentUrl\":\"https:\\\/\\\/laskmine.ee\\\/wp-content\\\/uploads\\\/2016\\\/11\\\/Du\u0308naamiline-duo.jpg\",\"width\":600,\"height\":600,\"caption\":\"D\u00fcnaamiline duo, kinkekaart, Tondi Lasketiir\"},{\"@type\":\"BreadcrumbList\",\"@id\":\"https:\\\/\\\/laskmine.ee\\\/fi\\\/tuote\\\/dynaaminen-duo\\\/#breadcrumb\",\"itemListElement\":[{\"@type\":\"ListItem\",\"position\":1,\"name\":\"Home\",\"item\":\"https:\\\/\\\/laskmine.ee\\\/fi\\\/\"},{\"@type\":\"ListItem\",\"position\":2,\"name\":\"Kinkekaardid\",\"item\":\"https:\\\/\\\/laskmine.ee\\\/fi\\\/kinkekaardid\\\/\"},{\"@type\":\"ListItem\",\"position\":3,\"name\":\"Dynaaminen duo\"}]},{\"@type\":\"WebSite\",\"@id\":\"https:\\\/\\\/laskmine.ee\\\/#website\",\"url\":\"https:\\\/\\\/laskmine.ee\\\/\",\"name\":\"Tondi Lasketiir\",\"description\":\"Tondi Lasketiir\",\"publisher\":{\"@id\":\"https:\\\/\\\/laskmine.ee\\\/#organization\"},\"potentialAction\":[{\"@type\":\"SearchAction\",\"target\":{\"@type\":\"EntryPoint\",\"urlTemplate\":\"https:\\\/\\\/laskmine.ee\\\/?s={search_term_string}\"},\"query-input\":{\"@type\":\"PropertyValueSpecification\",\"valueRequired\":true,\"valueName\":\"search_term_string\"}}],\"inLanguage\":\"fi\"},{\"@type\":\"Organization\",\"@id\":\"https:\\\/\\\/laskmine.ee\\\/#organization\",\"name\":\"Tondi Lasketiir\",\"url\":\"https:\\\/\\\/laskmine.ee\\\/\",\"logo\":{\"@type\":\"ImageObject\",\"inLanguage\":\"fi\",\"@id\":\"https:\\\/\\\/laskmine.ee\\\/#\\\/schema\\\/logo\\\/image\\\/\",\"url\":\"https:\\\/\\\/laskmine.ee\\\/wp-content\\\/uploads\\\/2019\\\/09\\\/ghost-tactics-logo.svg\",\"contentUrl\":\"https:\\\/\\\/laskmine.ee\\\/wp-content\\\/uploads\\\/2019\\\/09\\\/ghost-tactics-logo.svg\",\"width\":1,\"height\":1,\"caption\":\"Tondi Lasketiir\"},\"image\":{\"@id\":\"https:\\\/\\\/laskmine.ee\\\/#\\\/schema\\\/logo\\\/image\\\/\"},\"sameAs\":[\"https:\\\/\\\/www.facebook.com\\\/Tondilasketiir\\\/\",\"https:\\\/\\\/x.com\\\/combattrainings\",\"https:\\\/\\\/www.instagram.com\\\/tondi_lasketiir\",\"https:\\\/\\\/www.pinterest.com\\\/TondiLasketiir\\\/\",\"https:\\\/\\\/www.youtube.com\\\/channel\\\/UCRr8G7eQqIN6E8niQ8HCB7w\"]}]}<\/script>\n<!-- \/ Yoast SEO Premium plugin. -->","yoast_head_json":{"title":"Dynaaminen duo - Laskmine","robots":{"index":"index","follow":"follow","max-snippet":"max-snippet:-1","max-image-preview":"max-image-preview:large","max-video-preview":"max-video-preview:-1"},"canonical":"https:\/\/laskmine.ee\/fi\/tuote\/dynaaminen-duo\/","og_locale":"fi_FI","og_type":"article","og_title":"Dynaaminen duo","og_description":"Haluaisit kokeilla ampumista, mutta yksin se on outoa ja seurueessa meluisaa? Sinulla on se \u201derityinen joku\u201d, jonka kanssa voisit ampua avaruuteen vaikkapa tuhat kuulaa? Mutta mik\u00e4s siin\u00e4 \u2013 ota mukaan heilasi, yst\u00e4v\u00e4si tai ty\u00f6toverisi, appesi tai anoppisi, naapurin mies tai yst\u00e4v\u00e4n vaimo, ja tulkaa ampumaan! Varmasti mieleenpainuvaa! Aseet: Pistooli Glock 10+10 laukausta Pistooli Sig-Sauer 10+10 [&hellip;]","og_url":"https:\/\/laskmine.ee\/fi\/tuote\/dynaaminen-duo\/","og_site_name":"Laskmine","article_publisher":"https:\/\/www.facebook.com\/Tondilasketiir\/","article_modified_time":"2026-01-01T15:19:35+00:00","og_image":[{"width":600,"height":600,"url":"https:\/\/laskmine.ee\/content\/uploads\/2016\/11\/Du\u0308naamiline-duo.jpg","type":"image\/jpeg"}],"twitter_card":"summary_large_image","twitter_site":"@combattrainings","twitter_misc":{"Arvioitu lukuaika":"1 minuutti"},"schema":{"@context":"https:\/\/schema.org","@graph":[{"@type":"WebPage","@id":"https:\/\/laskmine.ee\/fi\/tuote\/dynaaminen-duo\/","url":"https:\/\/laskmine.ee\/fi\/tuote\/dynaaminen-duo\/","name":"Dynaaminen duo - Laskmine","isPartOf":{"@id":"https:\/\/laskmine.ee\/#website"},"primaryImageOfPage":{"@id":"https:\/\/laskmine.ee\/fi\/tuote\/dynaaminen-duo\/#primaryimage"},"image":{"@id":"https:\/\/laskmine.ee\/fi\/tuote\/dynaaminen-duo\/#primaryimage"},"thumbnailUrl":"https:\/\/laskmine.ee\/wp-content\/uploads\/2016\/11\/Du\u0308naamiline-duo.jpg","datePublished":"2016-03-30T13:13:20+00:00","dateModified":"2026-01-01T15:19:35+00:00","breadcrumb":{"@id":"https:\/\/laskmine.ee\/fi\/tuote\/dynaaminen-duo\/#breadcrumb"},"inLanguage":"fi","potentialAction":[{"@type":"ReadAction","target":["https:\/\/laskmine.ee\/fi\/tuote\/dynaaminen-duo\/"]}]},{"@type":"ImageObject","inLanguage":"fi","@id":"https:\/\/laskmine.ee\/fi\/tuote\/dynaaminen-duo\/#primaryimage","url":"https:\/\/laskmine.ee\/wp-content\/uploads\/2016\/11\/Du\u0308naamiline-duo.jpg","contentUrl":"https:\/\/laskmine.ee\/wp-content\/uploads\/2016\/11\/Du\u0308naamiline-duo.jpg","width":600,"height":600,"caption":"D\u00fcnaamiline duo, kinkekaart, Tondi Lasketiir"},{"@type":"BreadcrumbList","@id":"https:\/\/laskmine.ee\/fi\/tuote\/dynaaminen-duo\/#breadcrumb","itemListElement":[{"@type":"ListItem","position":1,"name":"Home","item":"https:\/\/laskmine.ee\/fi\/"},{"@type":"ListItem","position":2,"name":"Kinkekaardid","item":"https:\/\/laskmine.ee\/fi\/kinkekaardid\/"},{"@type":"ListItem","position":3,"name":"Dynaaminen duo"}]},{"@type":"WebSite","@id":"https:\/\/laskmine.ee\/#website","url":"https:\/\/laskmine.ee\/","name":"Tondi Lasketiir","description":"Tondi Lasketiir","publisher":{"@id":"https:\/\/laskmine.ee\/#organization"},"potentialAction":[{"@type":"SearchAction","target":{"@type":"EntryPoint","urlTemplate":"https:\/\/laskmine.ee\/?s={search_term_string}"},"query-input":{"@type":"PropertyValueSpecification","valueRequired":true,"valueName":"search_term_string"}}],"inLanguage":"fi"},{"@type":"Organization","@id":"https:\/\/laskmine.ee\/#organization","name":"Tondi Lasketiir","url":"https:\/\/laskmine.ee\/","logo":{"@type":"ImageObject","inLanguage":"fi","@id":"https:\/\/laskmine.ee\/#\/schema\/logo\/image\/","url":"https:\/\/laskmine.ee\/wp-content\/uploads\/2019\/09\/ghost-tactics-logo.svg","contentUrl":"https:\/\/laskmine.ee\/wp-content\/uploads\/2019\/09\/ghost-tactics-logo.svg","width":1,"height":1,"caption":"Tondi Lasketiir"},"image":{"@id":"https:\/\/laskmine.ee\/#\/schema\/logo\/image\/"},"sameAs":["https:\/\/www.facebook.com\/Tondilasketiir\/","https:\/\/x.com\/combattrainings","https:\/\/www.instagram.com\/tondi_lasketiir","https:\/\/www.pinterest.com\/TondiLasketiir\/","https:\/\/www.youtube.com\/channel\/UCRr8G7eQqIN6E8niQ8HCB7w"]}]}},"_links":{"self":[{"href":"https:\/\/laskmine.ee\/fi\/wp-json\/wp\/v2\/product\/71074","targetHints":{"allow":["GET"]}}],"collection":[{"href":"https:\/\/laskmine.ee\/fi\/wp-json\/wp\/v2\/product"}],"about":[{"href":"https:\/\/laskmine.ee\/fi\/wp-json\/wp\/v2\/types\/product"}],"wp:featuredmedia":[{"embeddable":true,"href":"https:\/\/laskmine.ee\/fi\/wp-json\/wp\/v2\/media\/71873"}],"wp:attachment":[{"href":"https:\/\/laskmine.ee\/fi\/wp-json\/wp\/v2\/media?parent=71074"}],"wp:term":[{"taxonomy":"product_brand","embeddable":true,"href":"https:\/\/laskmine.ee\/fi\/wp-json\/wp\/v2\/product_brand?post=71074"},{"taxonomy":"product_cat","embeddable":true,"href":"https:\/\/laskmine.ee\/fi\/wp-json\/wp\/v2\/product_cat?post=71074"},{"taxonomy":"product_tag","embeddable":true,"href":"https:\/\/laskmine.ee\/fi\/wp-json\/wp\/v2\/product_tag?post=71074"}],"curies":[{"name":"wp","href":"https:\/\/api.w.org\/{rel}","templated":true}]}}