{"id":71077,"date":"2016-03-30T16:13:12","date_gmt":"2017-12-11T20:28:03","guid":{"rendered":"http:\/\/uus.laskmine.ee\/?post_type=product&#038;p=71077"},"modified":"2026-01-01T17:19:35","modified_gmt":"2026-01-01T15:19:35","slug":"kavereiden-kanssa-radalle","status":"publish","type":"product","link":"https:\/\/laskmine.ee\/fi\/tuote\/kavereiden-kanssa-radalle\/","title":{"rendered":"Kavereiden kanssa radalle"},"content":{"rendered":"<p>Yst\u00e4vien kanssa paukuttelu on hauskempaa kuin yksin. Tulkaa ampumaradallemme seurueenne voimin ja selvitt\u00e4k\u00e4\u00e4, kenell\u00e4 on tarkin silm\u00e4, kenell\u00e4 k\u00e4rsim\u00e4t\u00f6n liipaisinsormi ja kuka hyp\u00e4ht\u00e4\u00e4 kovan paukun kuullessaan korkeimmalle. Pieni kilpailuhenki ei ole my\u00f6sk\u00e4\u00e4n pahasta! Tulkaa ja asettakaa itsenne koetukselle!<\/p>\n<p>Pakettiin kuuluu ampujaa kohti:<\/p>\n<p>pistooli: 10 laukausta<br \/>\nrevolveri: 5 laukausta<br \/>\nKala\u0161nikov: 10 laukausta<br \/>\npumppuhaulikko: 5 laukausta<\/p>\n<p>Kesto: n. 1h<\/p>\n<p>Hinta viidelle yhteens\u00e4: 200 \u20ac eli 40 \u20ac yht\u00e4 kaveria kohti<\/p>\n<p>&nbsp;<\/p>\n","protected":false},"excerpt":{"rendered":"<p>Yst\u00e4vien kanssa paukuttelu on hauskempaa kuin yksin. Tulkaa ampumaradallemme seurueenne voimin ja selvitt\u00e4k\u00e4\u00e4, kenell\u00e4 on tarkin silm\u00e4, kenell\u00e4 k\u00e4rsim\u00e4t\u00f6n liipaisinsormi ja kuka hyp\u00e4ht\u00e4\u00e4 kovan paukun kuullessaan korkeimmalle. Pieni kilpailuhenki ei ole my\u00f6sk\u00e4\u00e4n pahasta! Tulkaa ja asettakaa itsenne koetukselle! Pakettiin kuuluu ampujaa kohti: pistooli: 10 laukausta revolveri: 5 laukausta Kala\u0161nikov: 10 laukausta pumppuhaulikko: 5 laukausta Kesto: [&hellip;]<\/p>\n","protected":false},"featured_media":71900,"template":"","meta":{"_acf_changed":false},"product_brand":[],"product_cat":[427,81,85,428],"product_tag":[429,760,761,748,202,204,749,779,780,206],"class_list":{"0":"post-71077","1":"product","2":"type-product","3":"status-publish","4":"has-post-thumbnail","6":"product_cat-e-kinkekaart-fi","7":"product_cat-kinkekaardid-fi","8":"product_cat-lahjakortti","9":"product_cat-laskmispakett-fi","10":"product_tag-e-kinkekaart-fi","11":"product_tag-kingitus-mehele-fi","12":"product_tag-kingitus-naisele-fi","13":"product_tag-kinkekaardid-fi","14":"product_tag-kinkekaart-fi","15":"product_tag-lasketiiru-kinkekaart-fi","16":"product_tag-laskmine-fi","17":"product_tag-laskmispakett-fi","18":"product_tag-mida-teha-tallinnas-fi","19":"product_tag-tondi-lasketiir-fi","21":"first","22":"instock","23":"taxable","24":"shipping-taxable","25":"purchasable","26":"product-type-simple"},"acf":[],"yoast_head":"<!-- This site is optimized with the Yoast SEO Premium plugin v25.9 (Yoast SEO v27.6) - https:\/\/yoast.com\/product\/yoast-seo-premium-wordpress\/ -->\n<title>Kavereiden kanssa radalle - Laskmine<\/title>\n<meta name=\"robots\" content=\"index, follow, max-snippet:-1, max-image-preview:large, max-video-preview:-1\" \/>\n<link rel=\"canonical\" href=\"https:\/\/laskmine.ee\/tuote\/kinkekaart-sopradega-tiiru\/\" \/>\n<meta property=\"og:locale\" content=\"fi_FI\" \/>\n<meta property=\"og:type\" content=\"article\" \/>\n<meta property=\"og:title\" content=\"Kavereiden kanssa radalle\" \/>\n<meta property=\"og:description\" content=\"Yst\u00e4vien kanssa paukuttelu on hauskempaa kuin yksin. Tulkaa ampumaradallemme seurueenne voimin ja selvitt\u00e4k\u00e4\u00e4, kenell\u00e4 on tarkin silm\u00e4, kenell\u00e4 k\u00e4rsim\u00e4t\u00f6n liipaisinsormi ja kuka hyp\u00e4ht\u00e4\u00e4 kovan paukun kuullessaan korkeimmalle. Pieni kilpailuhenki ei ole my\u00f6sk\u00e4\u00e4n pahasta! Tulkaa ja asettakaa itsenne koetukselle! Pakettiin kuuluu ampujaa kohti: pistooli: 10 laukausta revolveri: 5 laukausta Kala\u0161nikov: 10 laukausta pumppuhaulikko: 5 laukausta Kesto: [&hellip;]\" \/>\n<meta property=\"og:url\" content=\"https:\/\/laskmine.ee\/tuote\/kinkekaart-sopradega-tiiru\/\" \/>\n<meta property=\"og:site_name\" content=\"Laskmine\" \/>\n<meta property=\"article:publisher\" content=\"https:\/\/www.facebook.com\/Tondilasketiir\/\" \/>\n<meta property=\"article:modified_time\" content=\"2026-01-01T15:19:35+00:00\" \/>\n<meta property=\"og:image\" content=\"https:\/\/laskmine.ee\/wp-content\/uploads\/2016\/11\/so\u0303pradega-tiiru.jpg\" \/>\n\t<meta property=\"og:image:width\" content=\"600\" \/>\n\t<meta property=\"og:image:height\" content=\"600\" \/>\n\t<meta property=\"og:image:type\" content=\"image\/jpeg\" \/>\n<meta name=\"twitter:card\" content=\"summary_large_image\" \/>\n<meta name=\"twitter:site\" content=\"@combattrainings\" \/>\n<script type=\"application\/ld+json\" class=\"yoast-schema-graph\">{\"@context\":\"https:\\\/\\\/schema.org\",\"@graph\":[{\"@type\":\"WebPage\",\"@id\":\"https:\\\/\\\/laskmine.ee\\\/tuote\\\/kinkekaart-sopradega-tiiru\\\/\",\"url\":\"https:\\\/\\\/laskmine.ee\\\/tuote\\\/kinkekaart-sopradega-tiiru\\\/\",\"name\":\"Kavereiden kanssa radalle - Laskmine\",\"isPartOf\":{\"@id\":\"https:\\\/\\\/laskmine.ee\\\/#website\"},\"primaryImageOfPage\":{\"@id\":\"https:\\\/\\\/laskmine.ee\\\/tuote\\\/kinkekaart-sopradega-tiiru\\\/#primaryimage\"},\"image\":{\"@id\":\"https:\\\/\\\/laskmine.ee\\\/tuote\\\/kinkekaart-sopradega-tiiru\\\/#primaryimage\"},\"thumbnailUrl\":\"https:\\\/\\\/laskmine.ee\\\/wp-content\\\/uploads\\\/2016\\\/11\\\/so\u0303pradega-tiiru.jpg\",\"datePublished\":\"2017-12-11T20:28:03+00:00\",\"dateModified\":\"2026-01-01T15:19:35+00:00\",\"breadcrumb\":{\"@id\":\"https:\\\/\\\/laskmine.ee\\\/tuote\\\/kinkekaart-sopradega-tiiru\\\/#breadcrumb\"},\"inLanguage\":\"fi\",\"potentialAction\":[{\"@type\":\"ReadAction\",\"target\":[\"https:\\\/\\\/laskmine.ee\\\/tuote\\\/kinkekaart-sopradega-tiiru\\\/\"]}]},{\"@type\":\"ImageObject\",\"inLanguage\":\"fi\",\"@id\":\"https:\\\/\\\/laskmine.ee\\\/tuote\\\/kinkekaart-sopradega-tiiru\\\/#primaryimage\",\"url\":\"https:\\\/\\\/laskmine.ee\\\/wp-content\\\/uploads\\\/2016\\\/11\\\/so\u0303pradega-tiiru.jpg\",\"contentUrl\":\"https:\\\/\\\/laskmine.ee\\\/wp-content\\\/uploads\\\/2016\\\/11\\\/so\u0303pradega-tiiru.jpg\",\"width\":600,\"height\":600,\"caption\":\"S\u00f5pradega Tiiru Kinkekaart Tondi Lasketiir\"},{\"@type\":\"BreadcrumbList\",\"@id\":\"https:\\\/\\\/laskmine.ee\\\/tuote\\\/kinkekaart-sopradega-tiiru\\\/#breadcrumb\",\"itemListElement\":[{\"@type\":\"ListItem\",\"position\":1,\"name\":\"Home\",\"item\":\"https:\\\/\\\/laskmine.ee\\\/fi\\\/\"},{\"@type\":\"ListItem\",\"position\":2,\"name\":\"Kinkekaardid\",\"item\":\"https:\\\/\\\/laskmine.ee\\\/fi\\\/kinkekaardid\\\/\"},{\"@type\":\"ListItem\",\"position\":3,\"name\":\"Kavereiden kanssa radalle\"}]},{\"@type\":\"WebSite\",\"@id\":\"https:\\\/\\\/laskmine.ee\\\/#website\",\"url\":\"https:\\\/\\\/laskmine.ee\\\/\",\"name\":\"Tondi Lasketiir\",\"description\":\"Tondi Lasketiir\",\"publisher\":{\"@id\":\"https:\\\/\\\/laskmine.ee\\\/#organization\"},\"potentialAction\":[{\"@type\":\"SearchAction\",\"target\":{\"@type\":\"EntryPoint\",\"urlTemplate\":\"https:\\\/\\\/laskmine.ee\\\/?s={search_term_string}\"},\"query-input\":{\"@type\":\"PropertyValueSpecification\",\"valueRequired\":true,\"valueName\":\"search_term_string\"}}],\"inLanguage\":\"fi\"},{\"@type\":\"Organization\",\"@id\":\"https:\\\/\\\/laskmine.ee\\\/#organization\",\"name\":\"Tondi Lasketiir\",\"url\":\"https:\\\/\\\/laskmine.ee\\\/\",\"logo\":{\"@type\":\"ImageObject\",\"inLanguage\":\"fi\",\"@id\":\"https:\\\/\\\/laskmine.ee\\\/#\\\/schema\\\/logo\\\/image\\\/\",\"url\":\"https:\\\/\\\/laskmine.ee\\\/wp-content\\\/uploads\\\/2019\\\/09\\\/ghost-tactics-logo.svg\",\"contentUrl\":\"https:\\\/\\\/laskmine.ee\\\/wp-content\\\/uploads\\\/2019\\\/09\\\/ghost-tactics-logo.svg\",\"width\":1,\"height\":1,\"caption\":\"Tondi Lasketiir\"},\"image\":{\"@id\":\"https:\\\/\\\/laskmine.ee\\\/#\\\/schema\\\/logo\\\/image\\\/\"},\"sameAs\":[\"https:\\\/\\\/www.facebook.com\\\/Tondilasketiir\\\/\",\"https:\\\/\\\/x.com\\\/combattrainings\",\"https:\\\/\\\/www.instagram.com\\\/tondi_lasketiir\",\"https:\\\/\\\/www.pinterest.com\\\/TondiLasketiir\\\/\",\"https:\\\/\\\/www.youtube.com\\\/channel\\\/UCRr8G7eQqIN6E8niQ8HCB7w\"]}]}<\/script>\n<!-- \/ Yoast SEO Premium plugin. -->","yoast_head_json":{"title":"Kavereiden kanssa radalle - Laskmine","robots":{"index":"index","follow":"follow","max-snippet":"max-snippet:-1","max-image-preview":"max-image-preview:large","max-video-preview":"max-video-preview:-1"},"canonical":"https:\/\/laskmine.ee\/tuote\/kinkekaart-sopradega-tiiru\/","og_locale":"fi_FI","og_type":"article","og_title":"Kavereiden kanssa radalle","og_description":"Yst\u00e4vien kanssa paukuttelu on hauskempaa kuin yksin. Tulkaa ampumaradallemme seurueenne voimin ja selvitt\u00e4k\u00e4\u00e4, kenell\u00e4 on tarkin silm\u00e4, kenell\u00e4 k\u00e4rsim\u00e4t\u00f6n liipaisinsormi ja kuka hyp\u00e4ht\u00e4\u00e4 kovan paukun kuullessaan korkeimmalle. Pieni kilpailuhenki ei ole my\u00f6sk\u00e4\u00e4n pahasta! Tulkaa ja asettakaa itsenne koetukselle! Pakettiin kuuluu ampujaa kohti: pistooli: 10 laukausta revolveri: 5 laukausta Kala\u0161nikov: 10 laukausta pumppuhaulikko: 5 laukausta Kesto: [&hellip;]","og_url":"https:\/\/laskmine.ee\/tuote\/kinkekaart-sopradega-tiiru\/","og_site_name":"Laskmine","article_publisher":"https:\/\/www.facebook.com\/Tondilasketiir\/","article_modified_time":"2026-01-01T15:19:35+00:00","og_image":[{"width":600,"height":600,"url":"https:\/\/laskmine.ee\/wp-content\/uploads\/2016\/11\/so\u0303pradega-tiiru.jpg","type":"image\/jpeg"}],"twitter_card":"summary_large_image","twitter_site":"@combattrainings","schema":{"@context":"https:\/\/schema.org","@graph":[{"@type":"WebPage","@id":"https:\/\/laskmine.ee\/tuote\/kinkekaart-sopradega-tiiru\/","url":"https:\/\/laskmine.ee\/tuote\/kinkekaart-sopradega-tiiru\/","name":"Kavereiden kanssa radalle - Laskmine","isPartOf":{"@id":"https:\/\/laskmine.ee\/#website"},"primaryImageOfPage":{"@id":"https:\/\/laskmine.ee\/tuote\/kinkekaart-sopradega-tiiru\/#primaryimage"},"image":{"@id":"https:\/\/laskmine.ee\/tuote\/kinkekaart-sopradega-tiiru\/#primaryimage"},"thumbnailUrl":"https:\/\/laskmine.ee\/wp-content\/uploads\/2016\/11\/so\u0303pradega-tiiru.jpg","datePublished":"2017-12-11T20:28:03+00:00","dateModified":"2026-01-01T15:19:35+00:00","breadcrumb":{"@id":"https:\/\/laskmine.ee\/tuote\/kinkekaart-sopradega-tiiru\/#breadcrumb"},"inLanguage":"fi","potentialAction":[{"@type":"ReadAction","target":["https:\/\/laskmine.ee\/tuote\/kinkekaart-sopradega-tiiru\/"]}]},{"@type":"ImageObject","inLanguage":"fi","@id":"https:\/\/laskmine.ee\/tuote\/kinkekaart-sopradega-tiiru\/#primaryimage","url":"https:\/\/laskmine.ee\/wp-content\/uploads\/2016\/11\/so\u0303pradega-tiiru.jpg","contentUrl":"https:\/\/laskmine.ee\/wp-content\/uploads\/2016\/11\/so\u0303pradega-tiiru.jpg","width":600,"height":600,"caption":"S\u00f5pradega Tiiru Kinkekaart Tondi Lasketiir"},{"@type":"BreadcrumbList","@id":"https:\/\/laskmine.ee\/tuote\/kinkekaart-sopradega-tiiru\/#breadcrumb","itemListElement":[{"@type":"ListItem","position":1,"name":"Home","item":"https:\/\/laskmine.ee\/fi\/"},{"@type":"ListItem","position":2,"name":"Kinkekaardid","item":"https:\/\/laskmine.ee\/fi\/kinkekaardid\/"},{"@type":"ListItem","position":3,"name":"Kavereiden kanssa radalle"}]},{"@type":"WebSite","@id":"https:\/\/laskmine.ee\/#website","url":"https:\/\/laskmine.ee\/","name":"Tondi Lasketiir","description":"Tondi Lasketiir","publisher":{"@id":"https:\/\/laskmine.ee\/#organization"},"potentialAction":[{"@type":"SearchAction","target":{"@type":"EntryPoint","urlTemplate":"https:\/\/laskmine.ee\/?s={search_term_string}"},"query-input":{"@type":"PropertyValueSpecification","valueRequired":true,"valueName":"search_term_string"}}],"inLanguage":"fi"},{"@type":"Organization","@id":"https:\/\/laskmine.ee\/#organization","name":"Tondi Lasketiir","url":"https:\/\/laskmine.ee\/","logo":{"@type":"ImageObject","inLanguage":"fi","@id":"https:\/\/laskmine.ee\/#\/schema\/logo\/image\/","url":"https:\/\/laskmine.ee\/wp-content\/uploads\/2019\/09\/ghost-tactics-logo.svg","contentUrl":"https:\/\/laskmine.ee\/wp-content\/uploads\/2019\/09\/ghost-tactics-logo.svg","width":1,"height":1,"caption":"Tondi Lasketiir"},"image":{"@id":"https:\/\/laskmine.ee\/#\/schema\/logo\/image\/"},"sameAs":["https:\/\/www.facebook.com\/Tondilasketiir\/","https:\/\/x.com\/combattrainings","https:\/\/www.instagram.com\/tondi_lasketiir","https:\/\/www.pinterest.com\/TondiLasketiir\/","https:\/\/www.youtube.com\/channel\/UCRr8G7eQqIN6E8niQ8HCB7w"]}]}},"_links":{"self":[{"href":"https:\/\/laskmine.ee\/fi\/wp-json\/wp\/v2\/product\/71077","targetHints":{"allow":["GET"]}}],"collection":[{"href":"https:\/\/laskmine.ee\/fi\/wp-json\/wp\/v2\/product"}],"about":[{"href":"https:\/\/laskmine.ee\/fi\/wp-json\/wp\/v2\/types\/product"}],"wp:featuredmedia":[{"embeddable":true,"href":"https:\/\/laskmine.ee\/fi\/wp-json\/wp\/v2\/media\/71900"}],"wp:attachment":[{"href":"https:\/\/laskmine.ee\/fi\/wp-json\/wp\/v2\/media?parent=71077"}],"wp:term":[{"taxonomy":"product_brand","embeddable":true,"href":"https:\/\/laskmine.ee\/fi\/wp-json\/wp\/v2\/product_brand?post=71077"},{"taxonomy":"product_cat","embeddable":true,"href":"https:\/\/laskmine.ee\/fi\/wp-json\/wp\/v2\/product_cat?post=71077"},{"taxonomy":"product_tag","embeddable":true,"href":"https:\/\/laskmine.ee\/fi\/wp-json\/wp\/v2\/product_tag?post=71077"}],"curies":[{"name":"wp","href":"https:\/\/api.w.org\/{rel}","templated":true}]}}