{"id":71080,"date":"2016-03-30T16:09:09","date_gmt":"2017-12-11T20:33:18","guid":{"rendered":"http:\/\/uus.laskmine.ee\/?post_type=product&#038;p=71080"},"modified":"2026-01-01T17:19:36","modified_gmt":"2026-01-01T15:19:36","slug":"juniori-ja-seniori","status":"publish","type":"product","link":"https:\/\/laskmine.ee\/fi\/tuote\/juniori-ja-seniori\/","title":{"rendered":"Juniori ja seniori"},"content":{"rendered":"<p>Ainoa paketti, jossa lapsi ja vanhempi voivat ampua yhdess\u00e4 ja opiskella aseturvallisuutta ja aseenk\u00e4sittely\u00e4 yhdess\u00e4. Turvallisuutta varten ei ole koskaan liian aikaista ja mamikset eiv\u00e4t p\u00e4\u00e4se koskaan pitk\u00e4lle! Ota poikasi tai tytt\u00e4resi mukaan ja tulkaa ampumaan!<\/p>\n<p>Valitsimme Sinulle 3 eritt\u00e4in kiinnostavaa asetta:<\/p>\n<p>Pistooli Glock 17 5+5<br \/>\nKonepistooli BT 9APC 10+10<br \/>\nSigSauer 522 Target 10 + 10<\/p>\n<p>Paikalla on mahdollisuus ostaa lis\u00e4\u00e4 ampumatarvikkeita.<\/p>\n<p>Tule esittelem\u00e4\u00e4n aseturvallisuutta my\u00f6s j\u00e4lkikasvulle. Turvallisuutta koskevien tietojen lis\u00e4ksi saatte my\u00f6s ensimm\u00e4isen kokemuksen tuliaseella ampumisesta. Paketti sopii ennen kaikkea 12-16 -vuotiaille.<\/p>\n","protected":false},"excerpt":{"rendered":"<p>Ainoa paketti, jossa lapsi ja vanhempi voivat ampua yhdess\u00e4 ja opiskella aseturvallisuutta ja aseenk\u00e4sittely\u00e4 yhdess\u00e4. Turvallisuutta varten ei ole koskaan liian aikaista ja mamikset eiv\u00e4t p\u00e4\u00e4se koskaan pitk\u00e4lle! Ota poikasi tai tytt\u00e4resi mukaan ja tulkaa ampumaan! Valitsimme Sinulle 3 eritt\u00e4in kiinnostavaa asetta: Pistooli Glock 17 5+5 Konepistooli BT 9APC 10+10 SigSauer 522 Target 10 + [&hellip;]<\/p>\n","protected":false},"featured_media":71882,"template":"","meta":{"_acf_changed":false},"product_brand":[],"product_cat":[427,81,85,428],"product_tag":[429,760,761,748,202,204,749,779,780,206],"class_list":{"0":"post-71080","1":"product","2":"type-product","3":"status-publish","4":"has-post-thumbnail","6":"product_cat-e-kinkekaart-fi","7":"product_cat-kinkekaardid-fi","8":"product_cat-lahjakortti","9":"product_cat-laskmispakett-fi","10":"product_tag-e-kinkekaart-fi","11":"product_tag-kingitus-mehele-fi","12":"product_tag-kingitus-naisele-fi","13":"product_tag-kinkekaardid-fi","14":"product_tag-kinkekaart-fi","15":"product_tag-lasketiiru-kinkekaart-fi","16":"product_tag-laskmine-fi","17":"product_tag-laskmispakett-fi","18":"product_tag-mida-teha-tallinnas-fi","19":"product_tag-tondi-lasketiir-fi","21":"first","22":"instock","23":"taxable","24":"shipping-taxable","25":"purchasable","26":"product-type-simple"},"acf":[],"yoast_head":"<!-- This site is optimized with the Yoast SEO Premium plugin v25.9 (Yoast SEO v27.4) - https:\/\/yoast.com\/product\/yoast-seo-premium-wordpress\/ -->\n<title>Juniori ja seniori - Laskmine<\/title>\n<meta name=\"robots\" content=\"index, follow, max-snippet:-1, max-image-preview:large, max-video-preview:-1\" \/>\n<link rel=\"canonical\" href=\"https:\/\/laskmine.ee\/fi\/tuote\/juniori-ja-seniori\/\" \/>\n<meta property=\"og:locale\" content=\"fi_FI\" \/>\n<meta property=\"og:type\" content=\"article\" \/>\n<meta property=\"og:title\" content=\"Juniori ja seniori\" \/>\n<meta property=\"og:description\" content=\"Ainoa paketti, jossa lapsi ja vanhempi voivat ampua yhdess\u00e4 ja opiskella aseturvallisuutta ja aseenk\u00e4sittely\u00e4 yhdess\u00e4. Turvallisuutta varten ei ole koskaan liian aikaista ja mamikset eiv\u00e4t p\u00e4\u00e4se koskaan pitk\u00e4lle! Ota poikasi tai tytt\u00e4resi mukaan ja tulkaa ampumaan! Valitsimme Sinulle 3 eritt\u00e4in kiinnostavaa asetta: Pistooli Glock 17 5+5 Konepistooli BT 9APC 10+10 SigSauer 522 Target 10 + [&hellip;]\" \/>\n<meta property=\"og:url\" content=\"https:\/\/laskmine.ee\/fi\/tuote\/juniori-ja-seniori\/\" \/>\n<meta property=\"og:site_name\" content=\"Laskmine\" \/>\n<meta property=\"article:publisher\" content=\"https:\/\/www.facebook.com\/Tondilasketiir\/\" \/>\n<meta property=\"article:modified_time\" content=\"2026-01-01T15:19:36+00:00\" \/>\n<meta property=\"og:image\" content=\"https:\/\/laskmine.ee\/content\/uploads\/2016\/11\/juunior-ja-seenior.jpg\" \/>\n\t<meta property=\"og:image:width\" content=\"600\" \/>\n\t<meta property=\"og:image:height\" content=\"600\" \/>\n\t<meta property=\"og:image:type\" content=\"image\/jpeg\" \/>\n<meta name=\"twitter:card\" content=\"summary_large_image\" \/>\n<meta name=\"twitter:site\" content=\"@combattrainings\" \/>\n<script type=\"application\/ld+json\" class=\"yoast-schema-graph\">{\"@context\":\"https:\\\/\\\/schema.org\",\"@graph\":[{\"@type\":\"WebPage\",\"@id\":\"https:\\\/\\\/laskmine.ee\\\/fi\\\/tuote\\\/juniori-ja-seniori\\\/\",\"url\":\"https:\\\/\\\/laskmine.ee\\\/fi\\\/tuote\\\/juniori-ja-seniori\\\/\",\"name\":\"Juniori ja seniori - Laskmine\",\"isPartOf\":{\"@id\":\"https:\\\/\\\/laskmine.ee\\\/#website\"},\"primaryImageOfPage\":{\"@id\":\"https:\\\/\\\/laskmine.ee\\\/fi\\\/tuote\\\/juniori-ja-seniori\\\/#primaryimage\"},\"image\":{\"@id\":\"https:\\\/\\\/laskmine.ee\\\/fi\\\/tuote\\\/juniori-ja-seniori\\\/#primaryimage\"},\"thumbnailUrl\":\"https:\\\/\\\/laskmine.ee\\\/wp-content\\\/uploads\\\/2016\\\/11\\\/juunior-ja-seenior.jpg\",\"datePublished\":\"2017-12-11T20:33:18+00:00\",\"dateModified\":\"2026-01-01T15:19:36+00:00\",\"breadcrumb\":{\"@id\":\"https:\\\/\\\/laskmine.ee\\\/fi\\\/tuote\\\/juniori-ja-seniori\\\/#breadcrumb\"},\"inLanguage\":\"fi\",\"potentialAction\":[{\"@type\":\"ReadAction\",\"target\":[\"https:\\\/\\\/laskmine.ee\\\/fi\\\/tuote\\\/juniori-ja-seniori\\\/\"]}]},{\"@type\":\"ImageObject\",\"inLanguage\":\"fi\",\"@id\":\"https:\\\/\\\/laskmine.ee\\\/fi\\\/tuote\\\/juniori-ja-seniori\\\/#primaryimage\",\"url\":\"https:\\\/\\\/laskmine.ee\\\/wp-content\\\/uploads\\\/2016\\\/11\\\/juunior-ja-seenior.jpg\",\"contentUrl\":\"https:\\\/\\\/laskmine.ee\\\/wp-content\\\/uploads\\\/2016\\\/11\\\/juunior-ja-seenior.jpg\",\"width\":600,\"height\":600,\"caption\":\"Juunior ja seenior kinkekaart Tondi Lasketiir\"},{\"@type\":\"BreadcrumbList\",\"@id\":\"https:\\\/\\\/laskmine.ee\\\/fi\\\/tuote\\\/juniori-ja-seniori\\\/#breadcrumb\",\"itemListElement\":[{\"@type\":\"ListItem\",\"position\":1,\"name\":\"Home\",\"item\":\"https:\\\/\\\/laskmine.ee\\\/fi\\\/\"},{\"@type\":\"ListItem\",\"position\":2,\"name\":\"Kinkekaardid\",\"item\":\"https:\\\/\\\/laskmine.ee\\\/fi\\\/kinkekaardid\\\/\"},{\"@type\":\"ListItem\",\"position\":3,\"name\":\"Juniori ja seniori\"}]},{\"@type\":\"WebSite\",\"@id\":\"https:\\\/\\\/laskmine.ee\\\/#website\",\"url\":\"https:\\\/\\\/laskmine.ee\\\/\",\"name\":\"Tondi Lasketiir\",\"description\":\"Tondi Lasketiir\",\"publisher\":{\"@id\":\"https:\\\/\\\/laskmine.ee\\\/#organization\"},\"potentialAction\":[{\"@type\":\"SearchAction\",\"target\":{\"@type\":\"EntryPoint\",\"urlTemplate\":\"https:\\\/\\\/laskmine.ee\\\/?s={search_term_string}\"},\"query-input\":{\"@type\":\"PropertyValueSpecification\",\"valueRequired\":true,\"valueName\":\"search_term_string\"}}],\"inLanguage\":\"fi\"},{\"@type\":\"Organization\",\"@id\":\"https:\\\/\\\/laskmine.ee\\\/#organization\",\"name\":\"Tondi Lasketiir\",\"url\":\"https:\\\/\\\/laskmine.ee\\\/\",\"logo\":{\"@type\":\"ImageObject\",\"inLanguage\":\"fi\",\"@id\":\"https:\\\/\\\/laskmine.ee\\\/#\\\/schema\\\/logo\\\/image\\\/\",\"url\":\"https:\\\/\\\/laskmine.ee\\\/wp-content\\\/uploads\\\/2019\\\/09\\\/ghost-tactics-logo.svg\",\"contentUrl\":\"https:\\\/\\\/laskmine.ee\\\/wp-content\\\/uploads\\\/2019\\\/09\\\/ghost-tactics-logo.svg\",\"width\":1,\"height\":1,\"caption\":\"Tondi Lasketiir\"},\"image\":{\"@id\":\"https:\\\/\\\/laskmine.ee\\\/#\\\/schema\\\/logo\\\/image\\\/\"},\"sameAs\":[\"https:\\\/\\\/www.facebook.com\\\/Tondilasketiir\\\/\",\"https:\\\/\\\/x.com\\\/combattrainings\",\"https:\\\/\\\/www.instagram.com\\\/tondi_lasketiir\",\"https:\\\/\\\/www.pinterest.com\\\/TondiLasketiir\\\/\",\"https:\\\/\\\/www.youtube.com\\\/channel\\\/UCRr8G7eQqIN6E8niQ8HCB7w\"]}]}<\/script>\n<!-- \/ Yoast SEO Premium plugin. -->","yoast_head_json":{"title":"Juniori ja seniori - Laskmine","robots":{"index":"index","follow":"follow","max-snippet":"max-snippet:-1","max-image-preview":"max-image-preview:large","max-video-preview":"max-video-preview:-1"},"canonical":"https:\/\/laskmine.ee\/fi\/tuote\/juniori-ja-seniori\/","og_locale":"fi_FI","og_type":"article","og_title":"Juniori ja seniori","og_description":"Ainoa paketti, jossa lapsi ja vanhempi voivat ampua yhdess\u00e4 ja opiskella aseturvallisuutta ja aseenk\u00e4sittely\u00e4 yhdess\u00e4. Turvallisuutta varten ei ole koskaan liian aikaista ja mamikset eiv\u00e4t p\u00e4\u00e4se koskaan pitk\u00e4lle! Ota poikasi tai tytt\u00e4resi mukaan ja tulkaa ampumaan! Valitsimme Sinulle 3 eritt\u00e4in kiinnostavaa asetta: Pistooli Glock 17 5+5 Konepistooli BT 9APC 10+10 SigSauer 522 Target 10 + [&hellip;]","og_url":"https:\/\/laskmine.ee\/fi\/tuote\/juniori-ja-seniori\/","og_site_name":"Laskmine","article_publisher":"https:\/\/www.facebook.com\/Tondilasketiir\/","article_modified_time":"2026-01-01T15:19:36+00:00","og_image":[{"width":600,"height":600,"url":"https:\/\/laskmine.ee\/content\/uploads\/2016\/11\/juunior-ja-seenior.jpg","type":"image\/jpeg"}],"twitter_card":"summary_large_image","twitter_site":"@combattrainings","schema":{"@context":"https:\/\/schema.org","@graph":[{"@type":"WebPage","@id":"https:\/\/laskmine.ee\/fi\/tuote\/juniori-ja-seniori\/","url":"https:\/\/laskmine.ee\/fi\/tuote\/juniori-ja-seniori\/","name":"Juniori ja seniori - Laskmine","isPartOf":{"@id":"https:\/\/laskmine.ee\/#website"},"primaryImageOfPage":{"@id":"https:\/\/laskmine.ee\/fi\/tuote\/juniori-ja-seniori\/#primaryimage"},"image":{"@id":"https:\/\/laskmine.ee\/fi\/tuote\/juniori-ja-seniori\/#primaryimage"},"thumbnailUrl":"https:\/\/laskmine.ee\/wp-content\/uploads\/2016\/11\/juunior-ja-seenior.jpg","datePublished":"2017-12-11T20:33:18+00:00","dateModified":"2026-01-01T15:19:36+00:00","breadcrumb":{"@id":"https:\/\/laskmine.ee\/fi\/tuote\/juniori-ja-seniori\/#breadcrumb"},"inLanguage":"fi","potentialAction":[{"@type":"ReadAction","target":["https:\/\/laskmine.ee\/fi\/tuote\/juniori-ja-seniori\/"]}]},{"@type":"ImageObject","inLanguage":"fi","@id":"https:\/\/laskmine.ee\/fi\/tuote\/juniori-ja-seniori\/#primaryimage","url":"https:\/\/laskmine.ee\/wp-content\/uploads\/2016\/11\/juunior-ja-seenior.jpg","contentUrl":"https:\/\/laskmine.ee\/wp-content\/uploads\/2016\/11\/juunior-ja-seenior.jpg","width":600,"height":600,"caption":"Juunior ja seenior kinkekaart Tondi Lasketiir"},{"@type":"BreadcrumbList","@id":"https:\/\/laskmine.ee\/fi\/tuote\/juniori-ja-seniori\/#breadcrumb","itemListElement":[{"@type":"ListItem","position":1,"name":"Home","item":"https:\/\/laskmine.ee\/fi\/"},{"@type":"ListItem","position":2,"name":"Kinkekaardid","item":"https:\/\/laskmine.ee\/fi\/kinkekaardid\/"},{"@type":"ListItem","position":3,"name":"Juniori ja seniori"}]},{"@type":"WebSite","@id":"https:\/\/laskmine.ee\/#website","url":"https:\/\/laskmine.ee\/","name":"Tondi Lasketiir","description":"Tondi Lasketiir","publisher":{"@id":"https:\/\/laskmine.ee\/#organization"},"potentialAction":[{"@type":"SearchAction","target":{"@type":"EntryPoint","urlTemplate":"https:\/\/laskmine.ee\/?s={search_term_string}"},"query-input":{"@type":"PropertyValueSpecification","valueRequired":true,"valueName":"search_term_string"}}],"inLanguage":"fi"},{"@type":"Organization","@id":"https:\/\/laskmine.ee\/#organization","name":"Tondi Lasketiir","url":"https:\/\/laskmine.ee\/","logo":{"@type":"ImageObject","inLanguage":"fi","@id":"https:\/\/laskmine.ee\/#\/schema\/logo\/image\/","url":"https:\/\/laskmine.ee\/wp-content\/uploads\/2019\/09\/ghost-tactics-logo.svg","contentUrl":"https:\/\/laskmine.ee\/wp-content\/uploads\/2019\/09\/ghost-tactics-logo.svg","width":1,"height":1,"caption":"Tondi Lasketiir"},"image":{"@id":"https:\/\/laskmine.ee\/#\/schema\/logo\/image\/"},"sameAs":["https:\/\/www.facebook.com\/Tondilasketiir\/","https:\/\/x.com\/combattrainings","https:\/\/www.instagram.com\/tondi_lasketiir","https:\/\/www.pinterest.com\/TondiLasketiir\/","https:\/\/www.youtube.com\/channel\/UCRr8G7eQqIN6E8niQ8HCB7w"]}]}},"_links":{"self":[{"href":"https:\/\/laskmine.ee\/fi\/wp-json\/wp\/v2\/product\/71080","targetHints":{"allow":["GET"]}}],"collection":[{"href":"https:\/\/laskmine.ee\/fi\/wp-json\/wp\/v2\/product"}],"about":[{"href":"https:\/\/laskmine.ee\/fi\/wp-json\/wp\/v2\/types\/product"}],"wp:featuredmedia":[{"embeddable":true,"href":"https:\/\/laskmine.ee\/fi\/wp-json\/wp\/v2\/media\/71882"}],"wp:attachment":[{"href":"https:\/\/laskmine.ee\/fi\/wp-json\/wp\/v2\/media?parent=71080"}],"wp:term":[{"taxonomy":"product_brand","embeddable":true,"href":"https:\/\/laskmine.ee\/fi\/wp-json\/wp\/v2\/product_brand?post=71080"},{"taxonomy":"product_cat","embeddable":true,"href":"https:\/\/laskmine.ee\/fi\/wp-json\/wp\/v2\/product_cat?post=71080"},{"taxonomy":"product_tag","embeddable":true,"href":"https:\/\/laskmine.ee\/fi\/wp-json\/wp\/v2\/product_tag?post=71080"}],"curies":[{"name":"wp","href":"https:\/\/api.w.org\/{rel}","templated":true}]}}