{"id":72403,"date":"2016-03-30T15:53:34","date_gmt":"2016-03-30T12:53:34","guid":{"rendered":"http:\/\/uus.laskmine.ee\/toode\/kinkekaart-be-my-valentine\/"},"modified":"2026-01-01T17:19:37","modified_gmt":"2026-01-01T15:19:37","slug":"kinkekaart-be-my-valentine-kahele","status":"publish","type":"product","link":"https:\/\/laskmine.ee\/fi\/tuote\/kinkekaart-be-my-valentine-kahele\/","title":{"rendered":"Be My Valentine kahele"},"content":{"rendered":"<p>Te ei tea, mida see aasta kallimale kinkida, v\u00f5i kuidas aega veeta? Romantikast n\u00f5rutavat filmi on k\u00fcll vaadatud k\u00e4si-k\u00e4es? Tahaks selle \u00f5igega kogeda midagi erilist, mis \u00fcllataks teid m\u00f5lemaid meeldivalt ja l\u00e4hendaks veelgi rohkem?<br \/>\nMeil on pakkuda selleks just ideaalne lahendus: Kinkekaart Be My Valentine kahele. Ja olgem ausad &#8211; sinu Valentine v\u00f5ib ta olla ju ka tegelikult aastaringselt!<\/p>\n<p>&nbsp;<\/p>\n<p>Kinkekaart <strong>Be My Valentine<\/strong> kahele, laske kokku 60, 3 erinevat relva.<\/p>\n<p>&nbsp;<\/p>\n<p>heckler Koch P30 v\u00f5i Sigsauer P320 10 + 10 lasku<br \/>\nKarabiin Daa Tactical punat\u00e4pp sihiku ja summutajaga 9mm 10 + 10 lasku<br \/>\nKalashnikov v\u00f5i M4 10 + 10 lasku<\/p>\n<p>&nbsp;<\/p>\n<p><strong>Tondi Lasketiir pakub ka e-kinkekaarte!<\/strong><\/p>\n<p>&nbsp;<\/p>\n<p>Sul on v\u00f5imalus kinkekaardi eest maksmisel valida e-kinkekaart ning see saadetakse sulle kohe peale makse laekumist soovitud e-maili aadressile. Nii on sul v\u00f5imalus e-kinkekaart saata kas enda meili peale, et saaksid selle valitud ajal s\u00f5brale edasi kinkida v\u00f5i \u00fcllatada oma s\u00f5pra k\u00f5ige ootamatumal ajal ning saata kinkekaart koheselt s\u00f5bra meilikasti.<\/p>\n<p>&nbsp;<\/p>\n<p>Ning kas teadsid, et alates 75\u20ac ostude eest on sul v\u00f5imalus maksta osadena? Selle jaoks on meil olemas selline makseviis nagu\u00a0<strong>Slice<\/strong>. Slice\u2019i abil v\u00f5imalik oma kulud jagada kolme v\u00f5rdsesse ossa.\u00a0<strong>75 kuni 800 euroste<\/strong>\u00a0ostude puhul on kliendil n\u00fc\u00fcd v\u00f5imalus tasuda\u00a0<strong>kolmes v\u00f5rdses osas intressivabalt<\/strong>. Mis t\u00e4hendab, et sinule ei kaasne sellega mingeid lisakulutusi.<\/p>\n<p>&nbsp;<\/p>\n<p>Koolitused Tondi Lasketiirust on leiatavad\u00a0<strong><a href=\"https:\/\/relvex.ee\/\">siit<\/a>\u00a0<\/strong>ning teised laskmispaketid\u00a0<strong><a href=\"https:\/\/laskmine.ee\/fi\/ampumapaketit\/\">siin<\/a><\/strong>!<\/p>\n","protected":false},"excerpt":{"rendered":"<p>Kinkekaart &#8220;Be My Valentine&#8221; 2-le, laske kokku 60, 3 erinevat relva.<\/p>\n<p>P\u00fcstol Walter PPQ 9MM 10 + 10 lasku<br \/>\nKarabiin Daa Tactical punat\u00e4pp sihiku ja summutajaga 9mm 10 + 10 lasku<br \/>\nKarabiin AK Kalashnikov 5.56\/7.62mm 10 + 10 lasku<\/p>\n<p>Te ei tea mida see aasta kallimale kinkida, v\u00f5i kuidas aega veeta?<br \/>\nRomantsist n\u00f5rutavat filmi on k\u00fcll vaadatud k\u00e4si-k\u00e4es?<br \/>\nTahaks selle \u00f5igega kogeda midagi erilist, mis \u00fcllataks teid m\u00f5lemaid meeldivalt ja l\u00e4hendaks veelgi rohkem?<br \/>\nMeil on pakkuda selleks just ideaalne pakett Teile kahele: &#8220;Be My Valentine&#8221;<\/p>\n","protected":false},"featured_media":71870,"template":"","meta":{"_acf_changed":false},"product_brand":[],"product_cat":[427,81,85,428],"product_tag":[760,761,748,202,203,204,749,779,780,205,206,448,762],"class_list":{"0":"post-72403","1":"product","2":"type-product","3":"status-publish","4":"has-post-thumbnail","6":"product_cat-e-kinkekaart-fi","7":"product_cat-kinkekaardid-fi","8":"product_cat-lahjakortti","9":"product_cat-laskmispakett-fi","10":"product_tag-kingitus-mehele-fi","11":"product_tag-kingitus-naisele-fi","12":"product_tag-kinkekaardid-fi","13":"product_tag-kinkekaart-fi","14":"product_tag-lasketiir-fi","15":"product_tag-lasketiiru-kinkekaart-fi","16":"product_tag-laskmine-fi","17":"product_tag-laskmispakett-fi","18":"product_tag-mida-teha-tallinnas-fi","19":"product_tag-sobrapaev-fi","20":"product_tag-tondi-lasketiir-fi","21":"product_tag-valentine-fi","22":"product_tag-valentinipaev-fi","24":"first","25":"instock","26":"taxable","27":"shipping-taxable","28":"purchasable","29":"product-type-simple"},"acf":[],"yoast_head":"<!-- This site is optimized with the Yoast SEO Premium plugin v25.9 (Yoast SEO v27.4) - https:\/\/yoast.com\/product\/yoast-seo-premium-wordpress\/ -->\n<title>Lasketiiru s\u00f5brp\u00e4eva kinkekaart Be My Valentine kahele Tondi Lasketiirus<\/title>\n<meta name=\"description\" content=\"Tahad \u00fcletada ise ennast ja panna proovile oma kaaslane s\u00f5brap\u00e4eval erinevate relvadega? Vali kinkekaart Be My Valentine kahele!\" \/>\n<meta name=\"robots\" content=\"index, follow, max-snippet:-1, max-image-preview:large, max-video-preview:-1\" \/>\n<link rel=\"canonical\" href=\"https:\/\/laskmine.ee\/fi\/tuote\/kinkekaart-be-my-valentine-kahele\/\" \/>\n<meta property=\"og:locale\" content=\"fi_FI\" \/>\n<meta property=\"og:type\" content=\"article\" \/>\n<meta property=\"og:title\" content=\"Be My Valentine kahele\" \/>\n<meta property=\"og:description\" content=\"Tahad \u00fcletada ise ennast ja panna proovile oma kaaslane s\u00f5brap\u00e4eval erinevate relvadega? Vali kinkekaart Be My Valentine kahele!\" \/>\n<meta property=\"og:url\" content=\"https:\/\/laskmine.ee\/fi\/tuote\/kinkekaart-be-my-valentine-kahele\/\" \/>\n<meta property=\"og:site_name\" content=\"Laskmine\" \/>\n<meta property=\"article:publisher\" content=\"https:\/\/www.facebook.com\/Tondilasketiir\/\" \/>\n<meta property=\"article:modified_time\" content=\"2026-01-01T15:19:37+00:00\" \/>\n<meta property=\"og:image\" content=\"https:\/\/laskmine.ee\/wp-content\/uploads\/2016\/11\/Be-my-valentine.jpg\" \/>\n\t<meta property=\"og:image:width\" content=\"600\" \/>\n\t<meta property=\"og:image:height\" content=\"600\" \/>\n\t<meta property=\"og:image:type\" content=\"image\/jpeg\" \/>\n<meta name=\"twitter:card\" content=\"summary_large_image\" \/>\n<meta name=\"twitter:site\" content=\"@combattrainings\" \/>\n<meta name=\"twitter:label1\" content=\"Arvioitu lukuaika\" \/>\n\t<meta name=\"twitter:data1\" content=\"1 minuutti\" \/>\n<script type=\"application\/ld+json\" class=\"yoast-schema-graph\">{\"@context\":\"https:\\\/\\\/schema.org\",\"@graph\":[{\"@type\":\"WebPage\",\"@id\":\"https:\\\/\\\/laskmine.ee\\\/fi\\\/tuote\\\/kinkekaart-be-my-valentine-kahele\\\/\",\"url\":\"https:\\\/\\\/laskmine.ee\\\/fi\\\/tuote\\\/kinkekaart-be-my-valentine-kahele\\\/\",\"name\":\"Lasketiiru s\u00f5brp\u00e4eva kinkekaart Be My Valentine kahele Tondi Lasketiirus\",\"isPartOf\":{\"@id\":\"https:\\\/\\\/laskmine.ee\\\/#website\"},\"primaryImageOfPage\":{\"@id\":\"https:\\\/\\\/laskmine.ee\\\/fi\\\/tuote\\\/kinkekaart-be-my-valentine-kahele\\\/#primaryimage\"},\"image\":{\"@id\":\"https:\\\/\\\/laskmine.ee\\\/fi\\\/tuote\\\/kinkekaart-be-my-valentine-kahele\\\/#primaryimage\"},\"thumbnailUrl\":\"https:\\\/\\\/laskmine.ee\\\/wp-content\\\/uploads\\\/2016\\\/11\\\/Be-my-valentine.jpg\",\"datePublished\":\"2016-03-30T12:53:34+00:00\",\"dateModified\":\"2026-01-01T15:19:37+00:00\",\"description\":\"Tahad \u00fcletada ise ennast ja panna proovile oma kaaslane s\u00f5brap\u00e4eval erinevate relvadega? Vali kinkekaart Be My Valentine kahele!\",\"breadcrumb\":{\"@id\":\"https:\\\/\\\/laskmine.ee\\\/fi\\\/tuote\\\/kinkekaart-be-my-valentine-kahele\\\/#breadcrumb\"},\"inLanguage\":\"fi\",\"potentialAction\":[{\"@type\":\"ReadAction\",\"target\":[\"https:\\\/\\\/laskmine.ee\\\/fi\\\/tuote\\\/kinkekaart-be-my-valentine-kahele\\\/\"]}]},{\"@type\":\"ImageObject\",\"inLanguage\":\"fi\",\"@id\":\"https:\\\/\\\/laskmine.ee\\\/fi\\\/tuote\\\/kinkekaart-be-my-valentine-kahele\\\/#primaryimage\",\"url\":\"https:\\\/\\\/laskmine.ee\\\/wp-content\\\/uploads\\\/2016\\\/11\\\/Be-my-valentine.jpg\",\"contentUrl\":\"https:\\\/\\\/laskmine.ee\\\/wp-content\\\/uploads\\\/2016\\\/11\\\/Be-my-valentine.jpg\",\"width\":600,\"height\":600,\"caption\":\"Be my valentine \u00fchele\"},{\"@type\":\"BreadcrumbList\",\"@id\":\"https:\\\/\\\/laskmine.ee\\\/fi\\\/tuote\\\/kinkekaart-be-my-valentine-kahele\\\/#breadcrumb\",\"itemListElement\":[{\"@type\":\"ListItem\",\"position\":1,\"name\":\"Home\",\"item\":\"https:\\\/\\\/laskmine.ee\\\/fi\\\/\"},{\"@type\":\"ListItem\",\"position\":2,\"name\":\"Kinkekaardid\",\"item\":\"https:\\\/\\\/laskmine.ee\\\/fi\\\/kinkekaardid\\\/\"},{\"@type\":\"ListItem\",\"position\":3,\"name\":\"Be My Valentine kahele\"}]},{\"@type\":\"WebSite\",\"@id\":\"https:\\\/\\\/laskmine.ee\\\/#website\",\"url\":\"https:\\\/\\\/laskmine.ee\\\/\",\"name\":\"Tondi Lasketiir\",\"description\":\"Tondi Lasketiir\",\"publisher\":{\"@id\":\"https:\\\/\\\/laskmine.ee\\\/#organization\"},\"potentialAction\":[{\"@type\":\"SearchAction\",\"target\":{\"@type\":\"EntryPoint\",\"urlTemplate\":\"https:\\\/\\\/laskmine.ee\\\/?s={search_term_string}\"},\"query-input\":{\"@type\":\"PropertyValueSpecification\",\"valueRequired\":true,\"valueName\":\"search_term_string\"}}],\"inLanguage\":\"fi\"},{\"@type\":\"Organization\",\"@id\":\"https:\\\/\\\/laskmine.ee\\\/#organization\",\"name\":\"Tondi Lasketiir\",\"url\":\"https:\\\/\\\/laskmine.ee\\\/\",\"logo\":{\"@type\":\"ImageObject\",\"inLanguage\":\"fi\",\"@id\":\"https:\\\/\\\/laskmine.ee\\\/#\\\/schema\\\/logo\\\/image\\\/\",\"url\":\"https:\\\/\\\/laskmine.ee\\\/wp-content\\\/uploads\\\/2019\\\/09\\\/ghost-tactics-logo.svg\",\"contentUrl\":\"https:\\\/\\\/laskmine.ee\\\/wp-content\\\/uploads\\\/2019\\\/09\\\/ghost-tactics-logo.svg\",\"width\":1,\"height\":1,\"caption\":\"Tondi Lasketiir\"},\"image\":{\"@id\":\"https:\\\/\\\/laskmine.ee\\\/#\\\/schema\\\/logo\\\/image\\\/\"},\"sameAs\":[\"https:\\\/\\\/www.facebook.com\\\/Tondilasketiir\\\/\",\"https:\\\/\\\/x.com\\\/combattrainings\",\"https:\\\/\\\/www.instagram.com\\\/tondi_lasketiir\",\"https:\\\/\\\/www.pinterest.com\\\/TondiLasketiir\\\/\",\"https:\\\/\\\/www.youtube.com\\\/channel\\\/UCRr8G7eQqIN6E8niQ8HCB7w\"]}]}<\/script>\n<!-- \/ Yoast SEO Premium plugin. -->","yoast_head_json":{"title":"Lasketiiru s\u00f5brp\u00e4eva kinkekaart Be My Valentine kahele Tondi Lasketiirus","description":"Tahad \u00fcletada ise ennast ja panna proovile oma kaaslane s\u00f5brap\u00e4eval erinevate relvadega? Vali kinkekaart Be My Valentine kahele!","robots":{"index":"index","follow":"follow","max-snippet":"max-snippet:-1","max-image-preview":"max-image-preview:large","max-video-preview":"max-video-preview:-1"},"canonical":"https:\/\/laskmine.ee\/fi\/tuote\/kinkekaart-be-my-valentine-kahele\/","og_locale":"fi_FI","og_type":"article","og_title":"Be My Valentine kahele","og_description":"Tahad \u00fcletada ise ennast ja panna proovile oma kaaslane s\u00f5brap\u00e4eval erinevate relvadega? Vali kinkekaart Be My Valentine kahele!","og_url":"https:\/\/laskmine.ee\/fi\/tuote\/kinkekaart-be-my-valentine-kahele\/","og_site_name":"Laskmine","article_publisher":"https:\/\/www.facebook.com\/Tondilasketiir\/","article_modified_time":"2026-01-01T15:19:37+00:00","og_image":[{"width":600,"height":600,"url":"https:\/\/laskmine.ee\/wp-content\/uploads\/2016\/11\/Be-my-valentine.jpg","type":"image\/jpeg"}],"twitter_card":"summary_large_image","twitter_site":"@combattrainings","twitter_misc":{"Arvioitu lukuaika":"1 minuutti"},"schema":{"@context":"https:\/\/schema.org","@graph":[{"@type":"WebPage","@id":"https:\/\/laskmine.ee\/fi\/tuote\/kinkekaart-be-my-valentine-kahele\/","url":"https:\/\/laskmine.ee\/fi\/tuote\/kinkekaart-be-my-valentine-kahele\/","name":"Lasketiiru s\u00f5brp\u00e4eva kinkekaart Be My Valentine kahele Tondi Lasketiirus","isPartOf":{"@id":"https:\/\/laskmine.ee\/#website"},"primaryImageOfPage":{"@id":"https:\/\/laskmine.ee\/fi\/tuote\/kinkekaart-be-my-valentine-kahele\/#primaryimage"},"image":{"@id":"https:\/\/laskmine.ee\/fi\/tuote\/kinkekaart-be-my-valentine-kahele\/#primaryimage"},"thumbnailUrl":"https:\/\/laskmine.ee\/wp-content\/uploads\/2016\/11\/Be-my-valentine.jpg","datePublished":"2016-03-30T12:53:34+00:00","dateModified":"2026-01-01T15:19:37+00:00","description":"Tahad \u00fcletada ise ennast ja panna proovile oma kaaslane s\u00f5brap\u00e4eval erinevate relvadega? Vali kinkekaart Be My Valentine kahele!","breadcrumb":{"@id":"https:\/\/laskmine.ee\/fi\/tuote\/kinkekaart-be-my-valentine-kahele\/#breadcrumb"},"inLanguage":"fi","potentialAction":[{"@type":"ReadAction","target":["https:\/\/laskmine.ee\/fi\/tuote\/kinkekaart-be-my-valentine-kahele\/"]}]},{"@type":"ImageObject","inLanguage":"fi","@id":"https:\/\/laskmine.ee\/fi\/tuote\/kinkekaart-be-my-valentine-kahele\/#primaryimage","url":"https:\/\/laskmine.ee\/wp-content\/uploads\/2016\/11\/Be-my-valentine.jpg","contentUrl":"https:\/\/laskmine.ee\/wp-content\/uploads\/2016\/11\/Be-my-valentine.jpg","width":600,"height":600,"caption":"Be my valentine \u00fchele"},{"@type":"BreadcrumbList","@id":"https:\/\/laskmine.ee\/fi\/tuote\/kinkekaart-be-my-valentine-kahele\/#breadcrumb","itemListElement":[{"@type":"ListItem","position":1,"name":"Home","item":"https:\/\/laskmine.ee\/fi\/"},{"@type":"ListItem","position":2,"name":"Kinkekaardid","item":"https:\/\/laskmine.ee\/fi\/kinkekaardid\/"},{"@type":"ListItem","position":3,"name":"Be My Valentine kahele"}]},{"@type":"WebSite","@id":"https:\/\/laskmine.ee\/#website","url":"https:\/\/laskmine.ee\/","name":"Tondi Lasketiir","description":"Tondi Lasketiir","publisher":{"@id":"https:\/\/laskmine.ee\/#organization"},"potentialAction":[{"@type":"SearchAction","target":{"@type":"EntryPoint","urlTemplate":"https:\/\/laskmine.ee\/?s={search_term_string}"},"query-input":{"@type":"PropertyValueSpecification","valueRequired":true,"valueName":"search_term_string"}}],"inLanguage":"fi"},{"@type":"Organization","@id":"https:\/\/laskmine.ee\/#organization","name":"Tondi Lasketiir","url":"https:\/\/laskmine.ee\/","logo":{"@type":"ImageObject","inLanguage":"fi","@id":"https:\/\/laskmine.ee\/#\/schema\/logo\/image\/","url":"https:\/\/laskmine.ee\/wp-content\/uploads\/2019\/09\/ghost-tactics-logo.svg","contentUrl":"https:\/\/laskmine.ee\/wp-content\/uploads\/2019\/09\/ghost-tactics-logo.svg","width":1,"height":1,"caption":"Tondi Lasketiir"},"image":{"@id":"https:\/\/laskmine.ee\/#\/schema\/logo\/image\/"},"sameAs":["https:\/\/www.facebook.com\/Tondilasketiir\/","https:\/\/x.com\/combattrainings","https:\/\/www.instagram.com\/tondi_lasketiir","https:\/\/www.pinterest.com\/TondiLasketiir\/","https:\/\/www.youtube.com\/channel\/UCRr8G7eQqIN6E8niQ8HCB7w"]}]}},"_links":{"self":[{"href":"https:\/\/laskmine.ee\/fi\/wp-json\/wp\/v2\/product\/72403","targetHints":{"allow":["GET"]}}],"collection":[{"href":"https:\/\/laskmine.ee\/fi\/wp-json\/wp\/v2\/product"}],"about":[{"href":"https:\/\/laskmine.ee\/fi\/wp-json\/wp\/v2\/types\/product"}],"wp:featuredmedia":[{"embeddable":true,"href":"https:\/\/laskmine.ee\/fi\/wp-json\/wp\/v2\/media\/71870"}],"wp:attachment":[{"href":"https:\/\/laskmine.ee\/fi\/wp-json\/wp\/v2\/media?parent=72403"}],"wp:term":[{"taxonomy":"product_brand","embeddable":true,"href":"https:\/\/laskmine.ee\/fi\/wp-json\/wp\/v2\/product_brand?post=72403"},{"taxonomy":"product_cat","embeddable":true,"href":"https:\/\/laskmine.ee\/fi\/wp-json\/wp\/v2\/product_cat?post=72403"},{"taxonomy":"product_tag","embeddable":true,"href":"https:\/\/laskmine.ee\/fi\/wp-json\/wp\/v2\/product_tag?post=72403"}],"curies":[{"name":"wp","href":"https:\/\/api.w.org\/{rel}","templated":true}]}}