{"id":73090,"date":"2018-02-02T23:19:46","date_gmt":"2018-02-02T21:19:46","guid":{"rendered":"https:\/\/laskmine.ee\/?post_type=product&#038;p=73090"},"modified":"2026-01-01T17:19:34","modified_gmt":"2026-01-01T15:19:34","slug":"be-my-valentine-uhele","status":"publish","type":"product","link":"https:\/\/laskmine.ee\/fi\/tuote\/be-my-valentine-uhele\/","title":{"rendered":"Be My Valentine \u00fchele"},"content":{"rendered":"<p>Kui sinu v\u00e4ljavalitu v\u00f5i s\u00f5ber on \u00fcks t\u00f5eline p\u00fcssirohul\u00f5hna armastaja, siis on sul alati v\u00f5imalus kinkida talle Tondi Lasketiiru kinkekaart\u00a0<strong><a href=\"https:\/\/laskmine.ee\/toode\/lasketiiru-kinkekaart-be-my-valentine\/\">\u201eBe My Valentine\u201c<\/a><\/strong>. \u201eBe My Valentine\u201c kinkekaardid tulevad kahes valikus \u2013 kinkekaart \u00fchele v\u00f5i kinkekaart kahele. Seega kui sul endal ei ole p\u00fcssirohul\u00f5hna vastu just k\u00f5ige suuremat t\u00f5mmet, siis oma s\u00f5bra n\u00e4o saad ikka s\u00e4rama l\u00fc\u00fca. Kuid kui just sina oled see, kellele meeldib lasketiirus aega veeta, kuid su s\u00f5ber ei ole veel siiani aru saanud, miks k\u00fcll ometi, siis on see v\u00f5imalus talle n\u00e4idata, miks k\u00fcll ometi!<\/p>\n<p>&nbsp;<\/p>\n<p>&nbsp;<\/p>\n<p><strong>Kinkekaart Be My Valentine \u00fchele &#8211;\u00a0 laske kokku 30, 3 erinevat relva.<\/strong><\/p>\n<p>&nbsp;<\/p>\n<p><strong>P\u00fcstol\u00a0 9MM<\/strong> 10 lasku<br \/>\n<strong>Karabiin Daa Tactical punat\u00e4pp sihiku ja summutajaga 9mm<\/strong> 10 lasku<br \/>\n<strong>Karabiin AK Kalashnikov v\u00f5i M4<\/strong> 10 lasku<\/p>\n<p>&nbsp;<\/p>\n<p>&nbsp;<\/p>\n<p><strong>Tondi Lasketiir pakub ka e-kinkekaarte!<\/strong><\/p>\n<p>&nbsp;<\/p>\n<p>Sul on v\u00f5imalus kinkekaardi eest maksmisel valida e-kinkekaart ning see saadetakse sulle kohe peale makse laekumist soovitud e-maili aadressile. Nii on sul v\u00f5imalus e-kinkekaart saata kas enda meili peale, et saaksid selle valitud ajal s\u00f5brale edasi kinkida v\u00f5i \u00fcllatada oma s\u00f5pra k\u00f5ige ootamatumal ajal ning saata kinkekaart koheselt s\u00f5bra meilikasti.<\/p>\n<p>&nbsp;<\/p>\n<p>Ning kas teadsid, et alates 75\u20ac ostude eest on sul v\u00f5imalus maksta osadena? Selle jaoks on meil olemas selline makseviis nagu\u00a0<strong>Slice<\/strong>. Slice\u2019i abil v\u00f5imalik oma kulud jagada kolme v\u00f5rdsesse ossa.\u00a0<strong>75 kuni 800 euroste<\/strong>\u00a0ostude puhul on kliendil n\u00fc\u00fcd v\u00f5imalus tasuda\u00a0<strong>kolmes v\u00f5rdses osas intressivabalt<\/strong>. Mis t\u00e4hendab, et sinule ei kaasne sellega mingeid lisakulutusi.<\/p>\n<p>&nbsp;<\/p>\n<p>Koolitused Tondi Lasketiirust on leiatavad\u00a0<strong><a href=\"https:\/\/relvex.ee\/\">siit<\/a>\u00a0<\/strong>ning teised laskmispaketid\u00a0<strong><a href=\"https:\/\/laskmine.ee\/fi\/ampumapaketit\/\">siin<\/a><\/strong>!<\/p>\n","protected":false},"excerpt":{"rendered":"<p>Kui sinu v\u00e4ljavalitu v\u00f5i s\u00f5ber on \u00fcks t\u00f5eline p\u00fcssirohul\u00f5hna armastaja, siis on sul alati v\u00f5imalus kinkida talle Tondi Lasketiiru kinkekaart\u00a0\u201eBe My Valentine\u201c. \u201eBe My Valentine\u201c kinkekaardid tulevad kahes valikus \u2013 kinkekaart \u00fchele v\u00f5i kinkekaart kahele. Seega kui sul endal ei ole p\u00fcssirohul\u00f5hna vastu just k\u00f5ige suuremat t\u00f5mmet, siis oma s\u00f5bra n\u00e4o saad ikka s\u00e4rama l\u00fc\u00fca. [&hellip;]<\/p>\n","protected":false},"featured_media":71870,"template":"","meta":{"_acf_changed":false},"product_brand":[],"product_cat":[427,81,85,428],"product_tag":[429,760,761,748,202,203,204,749,779,780,205,750,206,207,295],"class_list":{"0":"post-73090","1":"product","2":"type-product","3":"status-publish","4":"has-post-thumbnail","6":"product_cat-e-kinkekaart-fi","7":"product_cat-kinkekaardid-fi","8":"product_cat-lahjakortti","9":"product_cat-laskmispakett-fi","10":"product_tag-e-kinkekaart-fi","11":"product_tag-kingitus-mehele-fi","12":"product_tag-kingitus-naisele-fi","13":"product_tag-kinkekaardid-fi","14":"product_tag-kinkekaart-fi","15":"product_tag-lasketiir-fi","16":"product_tag-lasketiiru-kinkekaart-fi","17":"product_tag-laskmine-fi","18":"product_tag-laskmispakett-fi","19":"product_tag-mida-teha-tallinnas-fi","20":"product_tag-sobrapaev-fi","21":"product_tag-taktikaline-laskmine-fi","22":"product_tag-tondi-lasketiir-fi","23":"product_tag-valentin-fi","24":"product_tag-valentini-paev-fi","26":"first","27":"instock","28":"virtual","29":"taxable","30":"purchasable","31":"product-type-simple"},"acf":[],"yoast_head":"<!-- This site is optimized with the Yoast SEO Premium plugin v25.9 (Yoast SEO v27.6) - https:\/\/yoast.com\/product\/yoast-seo-premium-wordpress\/ -->\n<title>Kinkekaart Be My Valentine \u00fchele, too oma kallim lasketiiru Laskmine<\/title>\n<meta name=\"description\" content=\"Kinkekaart Be My Valentine \u00fchele on ideaalne kinkekaart kaaslalsele, kes tahab proovida midagi uut v\u00f5i pole ammu lasketiiru j\u00f5udnud!\" \/>\n<meta name=\"robots\" content=\"index, follow, max-snippet:-1, max-image-preview:large, max-video-preview:-1\" \/>\n<link rel=\"canonical\" href=\"https:\/\/laskmine.ee\/fi\/tuote\/be-my-valentine-uhele\/\" \/>\n<meta property=\"og:locale\" content=\"fi_FI\" \/>\n<meta property=\"og:type\" content=\"article\" \/>\n<meta property=\"og:title\" content=\"Be My Valentine \u00fchele\" \/>\n<meta property=\"og:description\" content=\"Kinkekaart Be My Valentine \u00fchele on ideaalne kinkekaart kaaslalsele, kes tahab proovida midagi uut v\u00f5i pole ammu lasketiiru j\u00f5udnud!\" \/>\n<meta property=\"og:url\" content=\"https:\/\/laskmine.ee\/fi\/tuote\/be-my-valentine-uhele\/\" \/>\n<meta property=\"og:site_name\" content=\"Laskmine\" \/>\n<meta property=\"article:publisher\" content=\"https:\/\/www.facebook.com\/Tondilasketiir\/\" \/>\n<meta property=\"article:modified_time\" content=\"2026-01-01T15:19:34+00:00\" \/>\n<meta property=\"og:image\" content=\"https:\/\/laskmine.ee\/wp-content\/uploads\/2016\/11\/Be-my-valentine.jpg\" \/>\n\t<meta property=\"og:image:width\" content=\"600\" \/>\n\t<meta property=\"og:image:height\" content=\"600\" \/>\n\t<meta property=\"og:image:type\" content=\"image\/jpeg\" \/>\n<meta name=\"twitter:card\" content=\"summary_large_image\" \/>\n<meta name=\"twitter:site\" content=\"@combattrainings\" \/>\n<meta name=\"twitter:label1\" content=\"Arvioitu lukuaika\" \/>\n\t<meta name=\"twitter:data1\" content=\"1 minuutti\" \/>\n<script type=\"application\/ld+json\" class=\"yoast-schema-graph\">{\"@context\":\"https:\\\/\\\/schema.org\",\"@graph\":[{\"@type\":\"WebPage\",\"@id\":\"https:\\\/\\\/laskmine.ee\\\/fi\\\/tuote\\\/be-my-valentine-uhele\\\/\",\"url\":\"https:\\\/\\\/laskmine.ee\\\/fi\\\/tuote\\\/be-my-valentine-uhele\\\/\",\"name\":\"Kinkekaart Be My Valentine \u00fchele, too oma kallim lasketiiru Laskmine\",\"isPartOf\":{\"@id\":\"https:\\\/\\\/laskmine.ee\\\/#website\"},\"primaryImageOfPage\":{\"@id\":\"https:\\\/\\\/laskmine.ee\\\/fi\\\/tuote\\\/be-my-valentine-uhele\\\/#primaryimage\"},\"image\":{\"@id\":\"https:\\\/\\\/laskmine.ee\\\/fi\\\/tuote\\\/be-my-valentine-uhele\\\/#primaryimage\"},\"thumbnailUrl\":\"https:\\\/\\\/laskmine.ee\\\/wp-content\\\/uploads\\\/2016\\\/11\\\/Be-my-valentine.jpg\",\"datePublished\":\"2018-02-02T21:19:46+00:00\",\"dateModified\":\"2026-01-01T15:19:34+00:00\",\"description\":\"Kinkekaart Be My Valentine \u00fchele on ideaalne kinkekaart kaaslalsele, kes tahab proovida midagi uut v\u00f5i pole ammu lasketiiru j\u00f5udnud!\",\"breadcrumb\":{\"@id\":\"https:\\\/\\\/laskmine.ee\\\/fi\\\/tuote\\\/be-my-valentine-uhele\\\/#breadcrumb\"},\"inLanguage\":\"fi\",\"potentialAction\":[{\"@type\":\"ReadAction\",\"target\":[\"https:\\\/\\\/laskmine.ee\\\/fi\\\/tuote\\\/be-my-valentine-uhele\\\/\"]}]},{\"@type\":\"ImageObject\",\"inLanguage\":\"fi\",\"@id\":\"https:\\\/\\\/laskmine.ee\\\/fi\\\/tuote\\\/be-my-valentine-uhele\\\/#primaryimage\",\"url\":\"https:\\\/\\\/laskmine.ee\\\/wp-content\\\/uploads\\\/2016\\\/11\\\/Be-my-valentine.jpg\",\"contentUrl\":\"https:\\\/\\\/laskmine.ee\\\/wp-content\\\/uploads\\\/2016\\\/11\\\/Be-my-valentine.jpg\",\"width\":600,\"height\":600,\"caption\":\"Be my valentine \u00fchele\"},{\"@type\":\"BreadcrumbList\",\"@id\":\"https:\\\/\\\/laskmine.ee\\\/fi\\\/tuote\\\/be-my-valentine-uhele\\\/#breadcrumb\",\"itemListElement\":[{\"@type\":\"ListItem\",\"position\":1,\"name\":\"Home\",\"item\":\"https:\\\/\\\/laskmine.ee\\\/fi\\\/\"},{\"@type\":\"ListItem\",\"position\":2,\"name\":\"Kinkekaardid\",\"item\":\"https:\\\/\\\/laskmine.ee\\\/fi\\\/kinkekaardid\\\/\"},{\"@type\":\"ListItem\",\"position\":3,\"name\":\"Be My Valentine \u00fchele\"}]},{\"@type\":\"WebSite\",\"@id\":\"https:\\\/\\\/laskmine.ee\\\/#website\",\"url\":\"https:\\\/\\\/laskmine.ee\\\/\",\"name\":\"Tondi Lasketiir\",\"description\":\"Tondi Lasketiir\",\"publisher\":{\"@id\":\"https:\\\/\\\/laskmine.ee\\\/#organization\"},\"potentialAction\":[{\"@type\":\"SearchAction\",\"target\":{\"@type\":\"EntryPoint\",\"urlTemplate\":\"https:\\\/\\\/laskmine.ee\\\/?s={search_term_string}\"},\"query-input\":{\"@type\":\"PropertyValueSpecification\",\"valueRequired\":true,\"valueName\":\"search_term_string\"}}],\"inLanguage\":\"fi\"},{\"@type\":\"Organization\",\"@id\":\"https:\\\/\\\/laskmine.ee\\\/#organization\",\"name\":\"Tondi Lasketiir\",\"url\":\"https:\\\/\\\/laskmine.ee\\\/\",\"logo\":{\"@type\":\"ImageObject\",\"inLanguage\":\"fi\",\"@id\":\"https:\\\/\\\/laskmine.ee\\\/#\\\/schema\\\/logo\\\/image\\\/\",\"url\":\"https:\\\/\\\/laskmine.ee\\\/wp-content\\\/uploads\\\/2019\\\/09\\\/ghost-tactics-logo.svg\",\"contentUrl\":\"https:\\\/\\\/laskmine.ee\\\/wp-content\\\/uploads\\\/2019\\\/09\\\/ghost-tactics-logo.svg\",\"width\":1,\"height\":1,\"caption\":\"Tondi Lasketiir\"},\"image\":{\"@id\":\"https:\\\/\\\/laskmine.ee\\\/#\\\/schema\\\/logo\\\/image\\\/\"},\"sameAs\":[\"https:\\\/\\\/www.facebook.com\\\/Tondilasketiir\\\/\",\"https:\\\/\\\/x.com\\\/combattrainings\",\"https:\\\/\\\/www.instagram.com\\\/tondi_lasketiir\",\"https:\\\/\\\/www.pinterest.com\\\/TondiLasketiir\\\/\",\"https:\\\/\\\/www.youtube.com\\\/channel\\\/UCRr8G7eQqIN6E8niQ8HCB7w\"]}]}<\/script>\n<!-- \/ Yoast SEO Premium plugin. -->","yoast_head_json":{"title":"Kinkekaart Be My Valentine \u00fchele, too oma kallim lasketiiru Laskmine","description":"Kinkekaart Be My Valentine \u00fchele on ideaalne kinkekaart kaaslalsele, kes tahab proovida midagi uut v\u00f5i pole ammu lasketiiru j\u00f5udnud!","robots":{"index":"index","follow":"follow","max-snippet":"max-snippet:-1","max-image-preview":"max-image-preview:large","max-video-preview":"max-video-preview:-1"},"canonical":"https:\/\/laskmine.ee\/fi\/tuote\/be-my-valentine-uhele\/","og_locale":"fi_FI","og_type":"article","og_title":"Be My Valentine \u00fchele","og_description":"Kinkekaart Be My Valentine \u00fchele on ideaalne kinkekaart kaaslalsele, kes tahab proovida midagi uut v\u00f5i pole ammu lasketiiru j\u00f5udnud!","og_url":"https:\/\/laskmine.ee\/fi\/tuote\/be-my-valentine-uhele\/","og_site_name":"Laskmine","article_publisher":"https:\/\/www.facebook.com\/Tondilasketiir\/","article_modified_time":"2026-01-01T15:19:34+00:00","og_image":[{"width":600,"height":600,"url":"https:\/\/laskmine.ee\/wp-content\/uploads\/2016\/11\/Be-my-valentine.jpg","type":"image\/jpeg"}],"twitter_card":"summary_large_image","twitter_site":"@combattrainings","twitter_misc":{"Arvioitu lukuaika":"1 minuutti"},"schema":{"@context":"https:\/\/schema.org","@graph":[{"@type":"WebPage","@id":"https:\/\/laskmine.ee\/fi\/tuote\/be-my-valentine-uhele\/","url":"https:\/\/laskmine.ee\/fi\/tuote\/be-my-valentine-uhele\/","name":"Kinkekaart Be My Valentine \u00fchele, too oma kallim lasketiiru Laskmine","isPartOf":{"@id":"https:\/\/laskmine.ee\/#website"},"primaryImageOfPage":{"@id":"https:\/\/laskmine.ee\/fi\/tuote\/be-my-valentine-uhele\/#primaryimage"},"image":{"@id":"https:\/\/laskmine.ee\/fi\/tuote\/be-my-valentine-uhele\/#primaryimage"},"thumbnailUrl":"https:\/\/laskmine.ee\/wp-content\/uploads\/2016\/11\/Be-my-valentine.jpg","datePublished":"2018-02-02T21:19:46+00:00","dateModified":"2026-01-01T15:19:34+00:00","description":"Kinkekaart Be My Valentine \u00fchele on ideaalne kinkekaart kaaslalsele, kes tahab proovida midagi uut v\u00f5i pole ammu lasketiiru j\u00f5udnud!","breadcrumb":{"@id":"https:\/\/laskmine.ee\/fi\/tuote\/be-my-valentine-uhele\/#breadcrumb"},"inLanguage":"fi","potentialAction":[{"@type":"ReadAction","target":["https:\/\/laskmine.ee\/fi\/tuote\/be-my-valentine-uhele\/"]}]},{"@type":"ImageObject","inLanguage":"fi","@id":"https:\/\/laskmine.ee\/fi\/tuote\/be-my-valentine-uhele\/#primaryimage","url":"https:\/\/laskmine.ee\/wp-content\/uploads\/2016\/11\/Be-my-valentine.jpg","contentUrl":"https:\/\/laskmine.ee\/wp-content\/uploads\/2016\/11\/Be-my-valentine.jpg","width":600,"height":600,"caption":"Be my valentine \u00fchele"},{"@type":"BreadcrumbList","@id":"https:\/\/laskmine.ee\/fi\/tuote\/be-my-valentine-uhele\/#breadcrumb","itemListElement":[{"@type":"ListItem","position":1,"name":"Home","item":"https:\/\/laskmine.ee\/fi\/"},{"@type":"ListItem","position":2,"name":"Kinkekaardid","item":"https:\/\/laskmine.ee\/fi\/kinkekaardid\/"},{"@type":"ListItem","position":3,"name":"Be My Valentine \u00fchele"}]},{"@type":"WebSite","@id":"https:\/\/laskmine.ee\/#website","url":"https:\/\/laskmine.ee\/","name":"Tondi Lasketiir","description":"Tondi Lasketiir","publisher":{"@id":"https:\/\/laskmine.ee\/#organization"},"potentialAction":[{"@type":"SearchAction","target":{"@type":"EntryPoint","urlTemplate":"https:\/\/laskmine.ee\/?s={search_term_string}"},"query-input":{"@type":"PropertyValueSpecification","valueRequired":true,"valueName":"search_term_string"}}],"inLanguage":"fi"},{"@type":"Organization","@id":"https:\/\/laskmine.ee\/#organization","name":"Tondi Lasketiir","url":"https:\/\/laskmine.ee\/","logo":{"@type":"ImageObject","inLanguage":"fi","@id":"https:\/\/laskmine.ee\/#\/schema\/logo\/image\/","url":"https:\/\/laskmine.ee\/wp-content\/uploads\/2019\/09\/ghost-tactics-logo.svg","contentUrl":"https:\/\/laskmine.ee\/wp-content\/uploads\/2019\/09\/ghost-tactics-logo.svg","width":1,"height":1,"caption":"Tondi Lasketiir"},"image":{"@id":"https:\/\/laskmine.ee\/#\/schema\/logo\/image\/"},"sameAs":["https:\/\/www.facebook.com\/Tondilasketiir\/","https:\/\/x.com\/combattrainings","https:\/\/www.instagram.com\/tondi_lasketiir","https:\/\/www.pinterest.com\/TondiLasketiir\/","https:\/\/www.youtube.com\/channel\/UCRr8G7eQqIN6E8niQ8HCB7w"]}]}},"_links":{"self":[{"href":"https:\/\/laskmine.ee\/fi\/wp-json\/wp\/v2\/product\/73090","targetHints":{"allow":["GET"]}}],"collection":[{"href":"https:\/\/laskmine.ee\/fi\/wp-json\/wp\/v2\/product"}],"about":[{"href":"https:\/\/laskmine.ee\/fi\/wp-json\/wp\/v2\/types\/product"}],"wp:featuredmedia":[{"embeddable":true,"href":"https:\/\/laskmine.ee\/fi\/wp-json\/wp\/v2\/media\/71870"}],"wp:attachment":[{"href":"https:\/\/laskmine.ee\/fi\/wp-json\/wp\/v2\/media?parent=73090"}],"wp:term":[{"taxonomy":"product_brand","embeddable":true,"href":"https:\/\/laskmine.ee\/fi\/wp-json\/wp\/v2\/product_brand?post=73090"},{"taxonomy":"product_cat","embeddable":true,"href":"https:\/\/laskmine.ee\/fi\/wp-json\/wp\/v2\/product_cat?post=73090"},{"taxonomy":"product_tag","embeddable":true,"href":"https:\/\/laskmine.ee\/fi\/wp-json\/wp\/v2\/product_tag?post=73090"}],"curies":[{"name":"wp","href":"https:\/\/api.w.org\/{rel}","templated":true}]}}