{"id":77921,"date":"2020-09-24T10:58:11","date_gmt":"2020-09-24T07:58:11","guid":{"rendered":"https:\/\/laskmine.ee\/?post_type=product&#038;p=77921"},"modified":"2026-01-01T17:19:33","modified_gmt":"2026-01-01T15:19:33","slug":"lahjakortti-erikoisjoukot","status":"publish","type":"product","link":"https:\/\/laskmine.ee\/fi\/tuote\/lahjakortti-erikoisjoukot\/","title":{"rendered":"Erikoisjoukot"},"content":{"rendered":"<p class=\"p1\">Oletko jo kokenut ampuja, tied\u00e4t mit\u00e4 teet ja aseesta on tullut sinulle luonnollinen k\u00e4denjatke? Siten haluaisit kokea jotain enemm\u00e4n \u2013 lis\u00e4\u00e4 j\u00e4nnityst\u00e4, adrenaliinia ja totuttuun ammuntaan lis\u00e4\u00e4 viel\u00e4 liikett\u00e4! Meill\u00e4 on Sinulle ratkaisu olemassa \u2013 lahjakortti Erikoisjoukot (Ehk\u00e4p\u00e4 oletkin?). Paketti tarjoaa mahdollisuuden ampua eri et\u00e4isyyksilt\u00e4 ja kuvauspaikoista varjojen, merkkien ja aukkojen lis\u00e4ksi, mik\u00e4 antaa sinulle mahdollisuuden ja haasteen n\u00e4ytt\u00e4\u00e4 ja parantaa taitojasi. Tule kokeilemaan itse\u00e4si ja tied\u00e4mme kumpi voittaa, sin\u00e4 vai radallemme!<\/p>\n<p>&nbsp;<\/p>\n<p><strong>Useat uusista aseistamme on lis\u00e4tty erikoisjoukkojen pakettiin. Adrenaliinihetkell\u00e4si on yhteens\u00e4 6 asetta ja 55 laukausta!<\/strong><\/p>\n<p>&nbsp;<\/p>\n<p>Ammuntapaketti sis\u00e4lt\u00e4\u00e4:<\/p>\n<p>&nbsp;<\/p>\n<p><strong>2x pistooli 9\u00d719 \u2013 10+10 laukausta<\/strong><\/p>\n<ul>\n<li><strong>Aseet (valitse 2):<br \/>\n<\/strong>CZ-75 SP01<br \/>\nGlock 17<br \/>\nGlock 19<br \/>\nGlock 19pro<br \/>\nHeckler&amp;Koch P30<br \/>\nSig-Sauer 226<br \/>\nSig-Sauer P320<br \/>\nSig-Sauer SP2022<br \/>\nWalther PPQ<br \/>\nHeckler&amp;Koch SFP9<\/li>\n<\/ul>\n<p>&nbsp;<\/p>\n<p><strong>1x konepistooli 9\u00d719 \u2013 15 laukausta<\/strong><\/p>\n<ul>\n<li><strong>Aseet (valitse 1):<br \/>\n<\/strong>Beretta CX4 Storm<br \/>\nBT APC9<br \/>\nGlock CAA Tactical<br \/>\nCZ Scorpion EVO3<br \/>\nHeckler&amp;Koch 5SP<\/li>\n<\/ul>\n<p>&nbsp;<\/p>\n<p><strong>1x AR-tyyppinen rynn\u00e4kk\u00f6ase .223 \u2013 10 laukausta<\/strong><\/p>\n<ul>\n<li><strong>Aseet (valitse 1):<br \/>\n<\/strong>Sig-Sauer M400<br \/>\nNord Arms NA 223<\/li>\n<\/ul>\n<p>&nbsp;<\/p>\n<p><strong>1x Sniper \u2013 5 kuvaa<\/strong><\/p>\n<ul>\n<li><strong>Aseet (valitse 1):<br \/>\n<\/strong>Reminghton<br \/>\nNord Arms NA 308<\/li>\n<\/ul>\n<p>&nbsp;<\/p>\n<p><strong>1x haulikko 12cal \u2013 5 kuvaa<\/strong><\/p>\n<ul>\n<li><strong>Ase:<br \/>\n<\/strong>Winchester<\/li>\n<\/ul>\n<p>&nbsp;<\/p>\n<p>Ohjaajamme esittelev\u00e4t aseet ja polun paikan p\u00e4\u00e4ll\u00e4. He ovat valmiita vastaamaan kaikkiin kysymyksiisi ja varmistamaan, ett\u00e4 seikkailusi sujuu sujuvasti. Joten oletko valmis unohtumattomaan kokemukseen? Me olemme!<\/p>\n<p>&nbsp;<\/p>\n<p>Tule kokeilemaan itse\u00e4si, niin saamme tiet\u00e4\u00e4, pysyyk\u00f6 sin\u00e4 tai polkumme!<\/p>\n<p>&nbsp;<\/p>\n<p>Tiedot ja varaus ampumaradalle: sale@laskmine.ee tai +372555 85416<\/p>\n","protected":false},"excerpt":{"rendered":"<p>Oletko jo kokenut ampuja, tied\u00e4t mit\u00e4 teet ja aseesta on tullut sinulle luonnollinen k\u00e4denjatke? Siten haluaisit kokea jotain enemm\u00e4n \u2013 lis\u00e4\u00e4 j\u00e4nnityst\u00e4, adrenaliinia ja totuttuun ammuntaan lis\u00e4\u00e4 viel\u00e4 liikett\u00e4! Meill\u00e4 on Sinulle ratkaisu olemassa \u2013 lahjakortti Erikoisjoukot (Ehk\u00e4p\u00e4 oletkin?). Paketti tarjoaa mahdollisuuden ampua eri et\u00e4isyyksilt\u00e4 ja kuvauspaikoista varjojen, merkkien ja aukkojen lis\u00e4ksi, mik\u00e4 antaa sinulle [&hellip;]<\/p>\n","protected":false},"featured_media":77908,"template":"","meta":{"_acf_changed":false},"product_brand":[],"product_cat":[427,81,85,428],"product_tag":[760,761,202,203,204,779,780,206],"class_list":{"0":"post-77921","1":"product","2":"type-product","3":"status-publish","4":"has-post-thumbnail","6":"product_cat-e-kinkekaart-fi","7":"product_cat-kinkekaardid-fi","8":"product_cat-lahjakortti","9":"product_cat-laskmispakett-fi","10":"product_tag-kingitus-mehele-fi","11":"product_tag-kingitus-naisele-fi","12":"product_tag-kinkekaart-fi","13":"product_tag-lasketiir-fi","14":"product_tag-lasketiiru-kinkekaart-fi","15":"product_tag-laskmispakett-fi","16":"product_tag-mida-teha-tallinnas-fi","17":"product_tag-tondi-lasketiir-fi","19":"first","20":"instock","21":"virtual","22":"taxable","23":"purchasable","24":"product-type-simple"},"acf":[],"yoast_head":"<!-- This site is optimized with the Yoast SEO Premium plugin v25.9 (Yoast SEO v27.5) - https:\/\/yoast.com\/product\/yoast-seo-premium-wordpress\/ -->\n<title>Lahjakortti Erikoisjoukot - Tondi Ampumarata, Tallinn<\/title>\n<meta name=\"description\" content=\"Lahjakortti Erikoisjoukot - Useat uusista aseistamme on lis\u00e4tty erikoisjoukkojen pakettiin. Tule kokeilemaan!\" \/>\n<meta name=\"robots\" content=\"index, follow, max-snippet:-1, max-image-preview:large, max-video-preview:-1\" \/>\n<link rel=\"canonical\" href=\"https:\/\/laskmine.ee\/tuote\/kinkekaart-eriuksuslane\/\" \/>\n<meta property=\"og:locale\" content=\"fi_FI\" \/>\n<meta property=\"og:type\" content=\"article\" \/>\n<meta property=\"og:title\" content=\"Erikoisjoukot\" \/>\n<meta property=\"og:description\" content=\"Lahjakortti Erikoisjoukot - Useat uusista aseistamme on lis\u00e4tty erikoisjoukkojen pakettiin. Tule kokeilemaan!\" \/>\n<meta property=\"og:url\" content=\"https:\/\/laskmine.ee\/tuote\/kinkekaart-eriuksuslane\/\" \/>\n<meta property=\"og:site_name\" content=\"Laskmine\" \/>\n<meta property=\"article:publisher\" content=\"https:\/\/www.facebook.com\/Tondilasketiir\/\" \/>\n<meta property=\"article:modified_time\" content=\"2026-01-01T15:19:33+00:00\" \/>\n<meta property=\"og:image\" content=\"https:\/\/laskmine.ee\/wp-content\/uploads\/2020\/09\/Eriyksuslane.Tondi_.Lasketiir.Kinkekaart.TOOTEpilt.jpg\" \/>\n\t<meta property=\"og:image:width\" content=\"600\" \/>\n\t<meta property=\"og:image:height\" content=\"600\" \/>\n\t<meta property=\"og:image:type\" content=\"image\/jpeg\" \/>\n<meta name=\"twitter:card\" content=\"summary_large_image\" \/>\n<meta name=\"twitter:site\" content=\"@combattrainings\" \/>\n<meta name=\"twitter:label1\" content=\"Arvioitu lukuaika\" \/>\n\t<meta name=\"twitter:data1\" content=\"1 minuutti\" \/>\n<script type=\"application\/ld+json\" class=\"yoast-schema-graph\">{\"@context\":\"https:\\\/\\\/schema.org\",\"@graph\":[{\"@type\":\"WebPage\",\"@id\":\"https:\\\/\\\/laskmine.ee\\\/tuote\\\/kinkekaart-eriuksuslane\\\/\",\"url\":\"https:\\\/\\\/laskmine.ee\\\/tuote\\\/kinkekaart-eriuksuslane\\\/\",\"name\":\"Lahjakortti Erikoisjoukot - Tondi Ampumarata, Tallinn\",\"isPartOf\":{\"@id\":\"https:\\\/\\\/laskmine.ee\\\/#website\"},\"primaryImageOfPage\":{\"@id\":\"https:\\\/\\\/laskmine.ee\\\/tuote\\\/kinkekaart-eriuksuslane\\\/#primaryimage\"},\"image\":{\"@id\":\"https:\\\/\\\/laskmine.ee\\\/tuote\\\/kinkekaart-eriuksuslane\\\/#primaryimage\"},\"thumbnailUrl\":\"https:\\\/\\\/laskmine.ee\\\/wp-content\\\/uploads\\\/2020\\\/09\\\/Eriyksuslane.Tondi_.Lasketiir.Kinkekaart.TOOTEpilt.jpg\",\"datePublished\":\"2020-09-24T07:58:11+00:00\",\"dateModified\":\"2026-01-01T15:19:33+00:00\",\"description\":\"Lahjakortti Erikoisjoukot - Useat uusista aseistamme on lis\u00e4tty erikoisjoukkojen pakettiin. Tule kokeilemaan!\",\"breadcrumb\":{\"@id\":\"https:\\\/\\\/laskmine.ee\\\/tuote\\\/kinkekaart-eriuksuslane\\\/#breadcrumb\"},\"inLanguage\":\"fi\",\"potentialAction\":[{\"@type\":\"ReadAction\",\"target\":[\"https:\\\/\\\/laskmine.ee\\\/tuote\\\/kinkekaart-eriuksuslane\\\/\"]}]},{\"@type\":\"ImageObject\",\"inLanguage\":\"fi\",\"@id\":\"https:\\\/\\\/laskmine.ee\\\/tuote\\\/kinkekaart-eriuksuslane\\\/#primaryimage\",\"url\":\"https:\\\/\\\/laskmine.ee\\\/wp-content\\\/uploads\\\/2020\\\/09\\\/Eriyksuslane.Tondi_.Lasketiir.Kinkekaart.TOOTEpilt.jpg\",\"contentUrl\":\"https:\\\/\\\/laskmine.ee\\\/wp-content\\\/uploads\\\/2020\\\/09\\\/Eriyksuslane.Tondi_.Lasketiir.Kinkekaart.TOOTEpilt.jpg\",\"width\":600,\"height\":600},{\"@type\":\"BreadcrumbList\",\"@id\":\"https:\\\/\\\/laskmine.ee\\\/tuote\\\/kinkekaart-eriuksuslane\\\/#breadcrumb\",\"itemListElement\":[{\"@type\":\"ListItem\",\"position\":1,\"name\":\"Home\",\"item\":\"https:\\\/\\\/laskmine.ee\\\/fi\\\/\"},{\"@type\":\"ListItem\",\"position\":2,\"name\":\"Kinkekaardid\",\"item\":\"https:\\\/\\\/laskmine.ee\\\/fi\\\/kinkekaardid\\\/\"},{\"@type\":\"ListItem\",\"position\":3,\"name\":\"Erikoisjoukot\"}]},{\"@type\":\"WebSite\",\"@id\":\"https:\\\/\\\/laskmine.ee\\\/#website\",\"url\":\"https:\\\/\\\/laskmine.ee\\\/\",\"name\":\"Tondi Lasketiir\",\"description\":\"Tondi Lasketiir\",\"publisher\":{\"@id\":\"https:\\\/\\\/laskmine.ee\\\/#organization\"},\"potentialAction\":[{\"@type\":\"SearchAction\",\"target\":{\"@type\":\"EntryPoint\",\"urlTemplate\":\"https:\\\/\\\/laskmine.ee\\\/?s={search_term_string}\"},\"query-input\":{\"@type\":\"PropertyValueSpecification\",\"valueRequired\":true,\"valueName\":\"search_term_string\"}}],\"inLanguage\":\"fi\"},{\"@type\":\"Organization\",\"@id\":\"https:\\\/\\\/laskmine.ee\\\/#organization\",\"name\":\"Tondi Lasketiir\",\"url\":\"https:\\\/\\\/laskmine.ee\\\/\",\"logo\":{\"@type\":\"ImageObject\",\"inLanguage\":\"fi\",\"@id\":\"https:\\\/\\\/laskmine.ee\\\/#\\\/schema\\\/logo\\\/image\\\/\",\"url\":\"https:\\\/\\\/laskmine.ee\\\/wp-content\\\/uploads\\\/2019\\\/09\\\/ghost-tactics-logo.svg\",\"contentUrl\":\"https:\\\/\\\/laskmine.ee\\\/wp-content\\\/uploads\\\/2019\\\/09\\\/ghost-tactics-logo.svg\",\"width\":1,\"height\":1,\"caption\":\"Tondi Lasketiir\"},\"image\":{\"@id\":\"https:\\\/\\\/laskmine.ee\\\/#\\\/schema\\\/logo\\\/image\\\/\"},\"sameAs\":[\"https:\\\/\\\/www.facebook.com\\\/Tondilasketiir\\\/\",\"https:\\\/\\\/x.com\\\/combattrainings\",\"https:\\\/\\\/www.instagram.com\\\/tondi_lasketiir\",\"https:\\\/\\\/www.pinterest.com\\\/TondiLasketiir\\\/\",\"https:\\\/\\\/www.youtube.com\\\/channel\\\/UCRr8G7eQqIN6E8niQ8HCB7w\"]}]}<\/script>\n<!-- \/ Yoast SEO Premium plugin. -->","yoast_head_json":{"title":"Lahjakortti Erikoisjoukot - Tondi Ampumarata, Tallinn","description":"Lahjakortti Erikoisjoukot - Useat uusista aseistamme on lis\u00e4tty erikoisjoukkojen pakettiin. Tule kokeilemaan!","robots":{"index":"index","follow":"follow","max-snippet":"max-snippet:-1","max-image-preview":"max-image-preview:large","max-video-preview":"max-video-preview:-1"},"canonical":"https:\/\/laskmine.ee\/tuote\/kinkekaart-eriuksuslane\/","og_locale":"fi_FI","og_type":"article","og_title":"Erikoisjoukot","og_description":"Lahjakortti Erikoisjoukot - Useat uusista aseistamme on lis\u00e4tty erikoisjoukkojen pakettiin. Tule kokeilemaan!","og_url":"https:\/\/laskmine.ee\/tuote\/kinkekaart-eriuksuslane\/","og_site_name":"Laskmine","article_publisher":"https:\/\/www.facebook.com\/Tondilasketiir\/","article_modified_time":"2026-01-01T15:19:33+00:00","og_image":[{"width":600,"height":600,"url":"https:\/\/laskmine.ee\/wp-content\/uploads\/2020\/09\/Eriyksuslane.Tondi_.Lasketiir.Kinkekaart.TOOTEpilt.jpg","type":"image\/jpeg"}],"twitter_card":"summary_large_image","twitter_site":"@combattrainings","twitter_misc":{"Arvioitu lukuaika":"1 minuutti"},"schema":{"@context":"https:\/\/schema.org","@graph":[{"@type":"WebPage","@id":"https:\/\/laskmine.ee\/tuote\/kinkekaart-eriuksuslane\/","url":"https:\/\/laskmine.ee\/tuote\/kinkekaart-eriuksuslane\/","name":"Lahjakortti Erikoisjoukot - Tondi Ampumarata, Tallinn","isPartOf":{"@id":"https:\/\/laskmine.ee\/#website"},"primaryImageOfPage":{"@id":"https:\/\/laskmine.ee\/tuote\/kinkekaart-eriuksuslane\/#primaryimage"},"image":{"@id":"https:\/\/laskmine.ee\/tuote\/kinkekaart-eriuksuslane\/#primaryimage"},"thumbnailUrl":"https:\/\/laskmine.ee\/wp-content\/uploads\/2020\/09\/Eriyksuslane.Tondi_.Lasketiir.Kinkekaart.TOOTEpilt.jpg","datePublished":"2020-09-24T07:58:11+00:00","dateModified":"2026-01-01T15:19:33+00:00","description":"Lahjakortti Erikoisjoukot - Useat uusista aseistamme on lis\u00e4tty erikoisjoukkojen pakettiin. Tule kokeilemaan!","breadcrumb":{"@id":"https:\/\/laskmine.ee\/tuote\/kinkekaart-eriuksuslane\/#breadcrumb"},"inLanguage":"fi","potentialAction":[{"@type":"ReadAction","target":["https:\/\/laskmine.ee\/tuote\/kinkekaart-eriuksuslane\/"]}]},{"@type":"ImageObject","inLanguage":"fi","@id":"https:\/\/laskmine.ee\/tuote\/kinkekaart-eriuksuslane\/#primaryimage","url":"https:\/\/laskmine.ee\/wp-content\/uploads\/2020\/09\/Eriyksuslane.Tondi_.Lasketiir.Kinkekaart.TOOTEpilt.jpg","contentUrl":"https:\/\/laskmine.ee\/wp-content\/uploads\/2020\/09\/Eriyksuslane.Tondi_.Lasketiir.Kinkekaart.TOOTEpilt.jpg","width":600,"height":600},{"@type":"BreadcrumbList","@id":"https:\/\/laskmine.ee\/tuote\/kinkekaart-eriuksuslane\/#breadcrumb","itemListElement":[{"@type":"ListItem","position":1,"name":"Home","item":"https:\/\/laskmine.ee\/fi\/"},{"@type":"ListItem","position":2,"name":"Kinkekaardid","item":"https:\/\/laskmine.ee\/fi\/kinkekaardid\/"},{"@type":"ListItem","position":3,"name":"Erikoisjoukot"}]},{"@type":"WebSite","@id":"https:\/\/laskmine.ee\/#website","url":"https:\/\/laskmine.ee\/","name":"Tondi Lasketiir","description":"Tondi Lasketiir","publisher":{"@id":"https:\/\/laskmine.ee\/#organization"},"potentialAction":[{"@type":"SearchAction","target":{"@type":"EntryPoint","urlTemplate":"https:\/\/laskmine.ee\/?s={search_term_string}"},"query-input":{"@type":"PropertyValueSpecification","valueRequired":true,"valueName":"search_term_string"}}],"inLanguage":"fi"},{"@type":"Organization","@id":"https:\/\/laskmine.ee\/#organization","name":"Tondi Lasketiir","url":"https:\/\/laskmine.ee\/","logo":{"@type":"ImageObject","inLanguage":"fi","@id":"https:\/\/laskmine.ee\/#\/schema\/logo\/image\/","url":"https:\/\/laskmine.ee\/wp-content\/uploads\/2019\/09\/ghost-tactics-logo.svg","contentUrl":"https:\/\/laskmine.ee\/wp-content\/uploads\/2019\/09\/ghost-tactics-logo.svg","width":1,"height":1,"caption":"Tondi Lasketiir"},"image":{"@id":"https:\/\/laskmine.ee\/#\/schema\/logo\/image\/"},"sameAs":["https:\/\/www.facebook.com\/Tondilasketiir\/","https:\/\/x.com\/combattrainings","https:\/\/www.instagram.com\/tondi_lasketiir","https:\/\/www.pinterest.com\/TondiLasketiir\/","https:\/\/www.youtube.com\/channel\/UCRr8G7eQqIN6E8niQ8HCB7w"]}]}},"_links":{"self":[{"href":"https:\/\/laskmine.ee\/fi\/wp-json\/wp\/v2\/product\/77921","targetHints":{"allow":["GET"]}}],"collection":[{"href":"https:\/\/laskmine.ee\/fi\/wp-json\/wp\/v2\/product"}],"about":[{"href":"https:\/\/laskmine.ee\/fi\/wp-json\/wp\/v2\/types\/product"}],"wp:featuredmedia":[{"embeddable":true,"href":"https:\/\/laskmine.ee\/fi\/wp-json\/wp\/v2\/media\/77908"}],"wp:attachment":[{"href":"https:\/\/laskmine.ee\/fi\/wp-json\/wp\/v2\/media?parent=77921"}],"wp:term":[{"taxonomy":"product_brand","embeddable":true,"href":"https:\/\/laskmine.ee\/fi\/wp-json\/wp\/v2\/product_brand?post=77921"},{"taxonomy":"product_cat","embeddable":true,"href":"https:\/\/laskmine.ee\/fi\/wp-json\/wp\/v2\/product_cat?post=77921"},{"taxonomy":"product_tag","embeddable":true,"href":"https:\/\/laskmine.ee\/fi\/wp-json\/wp\/v2\/product_tag?post=77921"}],"curies":[{"name":"wp","href":"https:\/\/api.w.org\/{rel}","templated":true}]}}